{"id":1715,"date":"2020-12-06T19:36:15","date_gmt":"2020-12-06T21:36:15","guid":{"rendered":"http:\/\/dc-ar.com.br\/es\/?post_type=product&#038;p=1715"},"modified":"2021-08-28T20:23:59","modified_gmt":"2021-08-28T23:23:59","slug":"kap-23-1300-1480-l-min","status":"publish","type":"product","link":"https:\/\/dc-ar.com.br\/es\/store\/bauer\/compresor-aire-respirable\/compresor-de-aire-estacionario\/kap-23-1300-1480-l-min\/","title":{"rendered":"KAP-23 1300 \u2013 1480 l\/min"},"content":{"rendered":"<p>La serie KAP 23 de BAUER est\u00e1 dise\u00f1ada para cumplir con los requisitos de alto rendimiento del uso profesional en las condiciones m\u00e1s duras.<\/p>\n<p>Como potentes sistemas de compresores fijos con dise\u00f1o horizontal, est\u00e1n disponibles en versiones para PN 330 bar, tanto como sistemas abiertos como totalmente cerrados.<\/p>\n<p>Cada uno de los potentes bloques compresores esconde m\u00e1s de 70 a\u00f1os de experiencia y los excelentes conocimientos t\u00e9cnicos de nuestro centro de pruebas y desarrollo.<\/p>\n<p>Sus caracter\u00edsticas esenciales combinan una excelente fiabilidad y una larga vida \u00fatil y son el resultado de un gran esfuerzo de dise\u00f1o, soluciones inteligentes y detalladas y materiales de alta calidad.<\/p>\n<p>La construcci\u00f3n de 4 etapas de los bloques compresores (IK 23) y el uso de cojinetes de bolas industriales de alto rendimiento, as\u00ed como de cilindros horizontales y nitrurados por plasma, permiten una vida \u00fatil extremadamente larga de la instalaci\u00f3n.<\/p>\n<p>La etapa final de alta presi\u00f3n est\u00e1 equipada con anillos de pist\u00f3n cromados. La lubricaci\u00f3n segura y fiable de las superficies de los cojinetes de los cilindros se consigue con una bomba de aceite de baja presi\u00f3n que no necesita mantenimiento.<\/p>\n<p>Los motores el\u00e9ctricos est\u00e1n disponibles opcionalmente como accionamientos.<\/p>\n<p><em>\u00b9 Si se instala y mantiene correctamente seg\u00fan el manual de servicio y si se utiliza BAUER AERO-GUARD, siempre que la concentraci\u00f3n de CO 2 en el aire inhalado supere los valores est\u00e1ndar predeterminados.<\/em><\/p>\n","protected":false},"excerpt":{"rendered":"<p><strong>En versi\u00f3n abierta o cerrada:<\/strong> adaptada a las necesidades de uso.<\/p>\n<p><strong>Control totalmente autom\u00e1tico del compresor:<\/strong> B-CONTROL MICRO.<\/p>\n<p><strong>M\u00ednima necesidad de espacio:<\/strong> gracias a la estructura horizontal compacta.<\/p>\n<p><strong>Sistema de filtraci\u00f3n externa P 120:<\/strong> para aire respiratorio puro seg\u00fan la norma DIN EN 12021 120 de aire respiratorio, con un volumen de aire que puede ser tratado como 15.000 m\u00b3.<\/p>\n","protected":false},"featured_media":1718,"template":"","meta":[],"yoast_head":"<!-- This site is optimized with the Yoast SEO plugin v15.6.2 - https:\/\/yoast.com\/wordpress\/plugins\/seo\/ -->\n<title>KAP-23 1300 \u2013 1480 l\/min - DCAR - Bauer Kompressoren &amp; Ingersoll Rand<\/title>\n<meta name=\"description\" content=\"La serie KAP 23 de BAUER est\u00e1 dise\u00f1ada para cumplir con los requisitos de alto rendimiento del uso profesional en las condiciones m\u00e1s duras.\" \/>\n<meta name=\"robots\" content=\"index, follow, max-snippet:-1, max-image-preview:large, max-video-preview:-1\" \/>\n<link rel=\"canonical\" href=\"https:\/\/dc-ar.com.br\/es\/store\/bauer\/compresor-aire-respirable\/compresor-de-aire-estacionario\/kap-23-1300-1480-l-min\/\" \/>\n<meta property=\"og:locale\" content=\"es_ES\" \/>\n<meta property=\"og:type\" content=\"article\" \/>\n<meta property=\"og:title\" content=\"KAP-23 1300 \u2013 1480 l\/min - DCAR - Bauer Kompressoren &amp; Ingersoll Rand\" \/>\n<meta property=\"og:description\" content=\"La serie KAP 23 de BAUER est\u00e1 dise\u00f1ada para cumplir con los requisitos de alto rendimiento del uso profesional en las condiciones m\u00e1s duras.\" \/>\n<meta property=\"og:url\" content=\"https:\/\/dc-ar.com.br\/es\/store\/bauer\/compresor-aire-respirable\/compresor-de-aire-estacionario\/kap-23-1300-1480-l-min\/\" \/>\n<meta property=\"og:site_name\" content=\"DCAR - Bauer Kompressoren &amp; Ingersoll Rand\" \/>\n<meta property=\"article:modified_time\" content=\"2021-08-28T23:23:59+00:00\" \/>\n<meta property=\"og:image\" content=\"https:\/\/dc-ar.com.br\/es\/wp-content\/uploads\/2020\/12\/KAP-23-1300a.jpg\" \/>\n\t<meta property=\"og:image:width\" content=\"500\" \/>\n\t<meta property=\"og:image:height\" content=\"407\" \/>\n<meta name=\"twitter:card\" content=\"summary_large_image\" \/>\n<meta name=\"twitter:label1\" content=\"Tiempo de lectura\">\n\t<meta name=\"twitter:data1\" content=\"1 minuto\">\n<script type=\"application\/ld+json\" class=\"yoast-schema-graph\">{\"@context\":\"https:\/\/schema.org\",\"@graph\":[{\"@type\":\"WebSite\",\"@id\":\"https:\/\/dc-ar.com.br\/es\/#website\",\"url\":\"https:\/\/dc-ar.com.br\/es\/\",\"name\":\"DCAR - Bauer Kompressoren &amp; Ingersoll Rand\",\"description\":\"\",\"potentialAction\":[{\"@type\":\"SearchAction\",\"target\":\"https:\/\/dc-ar.com.br\/es\/?s={search_term_string}\",\"query-input\":\"required name=search_term_string\"}],\"inLanguage\":\"es\"},{\"@type\":\"ImageObject\",\"@id\":\"https:\/\/dc-ar.com.br\/es\/store\/bauer\/compresor-aire-respirable\/compresor-de-aire-estacionario\/kap-23-1300-1480-l-min\/#primaryimage\",\"inLanguage\":\"es\",\"url\":\"https:\/\/dc-ar.com.br\/es\/wp-content\/uploads\/2020\/12\/KAP-23-1300a.jpg\",\"width\":500,\"height\":407},{\"@type\":\"WebPage\",\"@id\":\"https:\/\/dc-ar.com.br\/es\/store\/bauer\/compresor-aire-respirable\/compresor-de-aire-estacionario\/kap-23-1300-1480-l-min\/#webpage\",\"url\":\"https:\/\/dc-ar.com.br\/es\/store\/bauer\/compresor-aire-respirable\/compresor-de-aire-estacionario\/kap-23-1300-1480-l-min\/\",\"name\":\"KAP-23 1300 \\u2013 1480 l\/min - DCAR - Bauer Kompressoren &amp; Ingersoll Rand\",\"isPartOf\":{\"@id\":\"https:\/\/dc-ar.com.br\/es\/#website\"},\"primaryImageOfPage\":{\"@id\":\"https:\/\/dc-ar.com.br\/es\/store\/bauer\/compresor-aire-respirable\/compresor-de-aire-estacionario\/kap-23-1300-1480-l-min\/#primaryimage\"},\"datePublished\":\"2020-12-06T21:36:15+00:00\",\"dateModified\":\"2021-08-28T23:23:59+00:00\",\"description\":\"La serie KAP 23 de BAUER est\\u00e1 dise\\u00f1ada para cumplir con los requisitos de alto rendimiento del uso profesional en las condiciones m\\u00e1s duras.\",\"inLanguage\":\"es\",\"potentialAction\":[{\"@type\":\"ReadAction\",\"target\":[\"https:\/\/dc-ar.com.br\/es\/store\/bauer\/compresor-aire-respirable\/compresor-de-aire-estacionario\/kap-23-1300-1480-l-min\/\"]}]}]}<\/script>\n<!-- \/ Yoast SEO plugin. -->","_links":{"self":[{"href":"https:\/\/dc-ar.com.br\/es\/wp-json\/wp\/v2\/product\/1715"}],"collection":[{"href":"https:\/\/dc-ar.com.br\/es\/wp-json\/wp\/v2\/product"}],"about":[{"href":"https:\/\/dc-ar.com.br\/es\/wp-json\/wp\/v2\/types\/product"}],"wp:featuredmedia":[{"embeddable":true,"href":"https:\/\/dc-ar.com.br\/es\/wp-json\/wp\/v2\/media\/1718"}],"wp:attachment":[{"href":"https:\/\/dc-ar.com.br\/es\/wp-json\/wp\/v2\/media?parent=1715"}],"curies":[{"name":"wp","href":"https:\/\/api.w.org\/{rel}","templated":true}]}}