{"id":2326,"date":"2020-12-27T05:44:46","date_gmt":"2020-12-27T08:44:46","guid":{"rendered":"http:\/\/dc-ar.com.br\/es\/?page_id=2326"},"modified":"2026-04-08T20:28:04","modified_gmt":"2026-04-08T23:28:04","slug":"asistencia-tecnica","status":"publish","type":"page","link":"https:\/\/dc-ar.com.br\/es\/asistencia-tecnica\/","title":{"rendered":"Asistencia t\u00e9cnica"},"content":{"rendered":"\t\t<div data-elementor-type=\"wp-post\" data-elementor-id=\"2326\" class=\"elementor elementor-2326\" data-elementor-settings=\"[]\">\n\t\t\t\t\t\t<div class=\"elementor-inner\">\n\t\t\t\t\t\t\t<div class=\"elementor-section-wrap\">\n\t\t\t\t\t\t\t<section class=\"elementor-section elementor-top-section elementor-element elementor-element-601b8b6 elementor-section-boxed elementor-section-height-default elementor-section-height-default\" data-id=\"601b8b6\" data-element_type=\"section\">\n\t\t\t\t\t\t<div class=\"elementor-container elementor-column-gap-default\">\n\t\t\t\t\t\t\t<div class=\"elementor-row\">\n\t\t\t\t\t<div class=\"elementor-column elementor-col-100 elementor-top-column elementor-element elementor-element-a9115b4\" data-id=\"a9115b4\" data-element_type=\"column\">\n\t\t\t<div class=\"elementor-column-wrap elementor-element-populated\">\n\t\t\t\t\t\t\t<div class=\"elementor-widget-wrap\">\n\t\t\t\t\t\t<section class=\"elementor-section elementor-inner-section elementor-element elementor-element-a36458d elementor-section-boxed elementor-section-height-default elementor-section-height-default\" data-id=\"a36458d\" data-element_type=\"section\">\n\t\t\t\t\t\t<div class=\"elementor-container elementor-column-gap-default\">\n\t\t\t\t\t\t\t<div class=\"elementor-row\">\n\t\t\t\t\t<div class=\"elementor-column elementor-col-100 elementor-inner-column elementor-element elementor-element-7a2728e\" data-id=\"7a2728e\" data-element_type=\"column\">\n\t\t\t<div class=\"elementor-column-wrap elementor-element-populated\">\n\t\t\t\t\t\t\t<div class=\"elementor-widget-wrap\">\n\t\t\t\t\t\t<div class=\"elementor-element elementor-element-44c282b divTxtAssist elementor-invisible elementor-widget elementor-widget-text-editor\" data-id=\"44c282b\" data-element_type=\"widget\" data-settings=\"{&quot;_animation&quot;:&quot;fadeIn&quot;}\" data-widget_type=\"text-editor.default\">\n\t\t\t\t<div class=\"elementor-widget-container\">\n\t\t\t\t\t\t\t\t<div class=\"elementor-text-editor elementor-clearfix\">\n\t\t\t\t<p><img class=\"alignleft dcImgAssist\" src=\"http:\/\/www.dc-ar.com.br\/es\/wp-content\/uploads\/2021\/02\/dcar.jpg\" alt=\"\" width=\"500\" \/><\/p><p><strong><a href=\"http:\/\/dc-ar.com.br\/es\/quienes-somos\">DC-AR<\/a><\/strong> ofrece asistencia t\u00e9cnica de venta, postventa y mantenimiento para las marcas <strong><a href=\"http:\/\/dc-ar.com.br\/es\/bauer\/\">BAUER COMPRESORES<\/a><\/strong>, <strong><a href=\"http:\/\/dc-ar.com.br\/es\/ingersoll-rand\/\">INGERSOLL RAND<\/a><\/strong> y <strong><a href=\"http:\/\/dc-ar.com.br\/es\/aro\/\">ARO<\/a><\/strong>.<\/p><p>Proporcionamos servicios de mantenimiento preventivo y correctivo, as\u00ed como servicios de aver\u00edas en las instalaciones, para lo cual disponemos de todos los elementos necesarios para proporcionar a nuestros clientes seguridad y confianza en sus sistemas de producci\u00f3n. Nuestros empleados cuentan con formaci\u00f3n cualificada, como el HUET (Helicopter Underwater Escape Training) y el CBSP &#8211; Curso B\u00e1sico de Seguridad en Plataformas para realizar trabajos en alta mar.<\/p><p>En la l\u00ednea de <strong><a href=\"http:\/\/dc-ar.com.br\/es\/bauer\/\">BAUER COMPRESORES<\/a><\/strong>, somos representantes acreditados por la f\u00e1brica para dar soporte en todo Brasil, offshore y onshore, a todas las l\u00edneas de compresores. Nuestros t\u00e9cnicos son calificados con entrenamiento de las f\u00e1bricas en Alemania y Estados Unidos. Contamos con un amplio stock de piezas para el mantenimiento preventivo y correctivo y equipos de alquiler disponibles de acuerdo a las necesidades del cliente.<\/p><p>Para la l\u00ednea <strong><a href=\"http:\/\/dc-ar.com.br\/es\/ingersoll-rand\/\">INGERSOLL RAND<\/a><\/strong>, somos representantes autorizados para realizar reparaciones offshore y onshore en Brasil y en algunos pa\u00edses de Am\u00e9rica Latina. Nuestros t\u00e9cnicos son calificados con entrenamiento de f\u00e1brica en los Estados Unidos. Contamos con una torre de pruebas de 30 toneladas certificada por la f\u00e1brica para realizar las pruebas seg\u00fan el fabricante y las normas vigentes. Tenemos un amplio stock de piezas para el mantenimiento preventivo y correctivo y equipos de alquiler disponibles de acuerdo a las necesidades del cliente.<\/p><p style=\"text-align: center;\"><strong>Nuestra empresa es representante en Brasil desde hace 20 a\u00f1os de las marcas:<\/strong><\/p>\t\t\t\t\t<\/div>\n\t\t\t\t\t\t<\/div>\n\t\t\t\t<\/div>\n\t\t\t\t\t\t<\/div>\n\t\t\t\t\t<\/div>\n\t\t<\/div>\n\t\t\t\t\t\t\t\t<\/div>\n\t\t\t\t\t<\/div>\n\t\t<\/section>\n\t\t\t\t\t\t<\/div>\n\t\t\t\t\t<\/div>\n\t\t<\/div>\n\t\t\t\t\t\t\t\t<\/div>\n\t\t\t\t\t<\/div>\n\t\t<\/section>\n\t\t\t\t<section class=\"elementor-section elementor-top-section elementor-element elementor-element-de7a862 elementor-section-boxed elementor-section-height-default elementor-section-height-default\" data-id=\"de7a862\" data-element_type=\"section\">\n\t\t\t\t\t\t<div class=\"elementor-container elementor-column-gap-default\">\n\t\t\t\t\t\t\t<div class=\"elementor-row\">\n\t\t\t\t\t<div class=\"elementor-column elementor-col-100 elementor-top-column elementor-element elementor-element-93f3dca\" data-id=\"93f3dca\" data-element_type=\"column\">\n\t\t\t<div class=\"elementor-column-wrap elementor-element-populated\">\n\t\t\t\t\t\t\t<div class=\"elementor-widget-wrap\">\n\t\t\t\t\t\t<div class=\"elementor-element elementor-element-460dfe1 elementor-widget elementor-widget-image-gallery\" data-id=\"460dfe1\" data-element_type=\"widget\" data-widget_type=\"image-gallery.default\">\n\t\t\t\t<div class=\"elementor-widget-container\">\n\t\t\t\t\t<div class=\"elementor-image-gallery\">\n\t\t\t<div id='gallery-1' class='gallery galleryid-2326 gallery-columns-6 gallery-size-medium'><figure class='gallery-item'>\n\t\t\t<div class='gallery-icon landscape'>\n\t\t\t\t<img width=\"208\" height=\"117\" src=\"https:\/\/dc-ar.com.br\/es\/wp-content\/uploads\/2020\/08\/logo-bauer.jpg\" class=\"attachment-medium size-medium\" alt=\"\" loading=\"lazy\" srcset=\"https:\/\/dc-ar.com.br\/es\/wp-content\/uploads\/2020\/08\/logo-bauer.jpg 208w, https:\/\/dc-ar.com.br\/es\/wp-content\/uploads\/2020\/08\/logo-bauer-150x84.jpg 150w\" sizes=\"(max-width: 208px) 100vw, 208px\" \/>\n\t\t\t<\/div><\/figure><figure class='gallery-item'>\n\t\t\t<div class='gallery-icon landscape'>\n\t\t\t\t<img width=\"208\" height=\"117\" src=\"https:\/\/dc-ar.com.br\/es\/wp-content\/uploads\/2020\/08\/logo-ir.jpg\" class=\"attachment-medium size-medium\" alt=\"\" loading=\"lazy\" srcset=\"https:\/\/dc-ar.com.br\/es\/wp-content\/uploads\/2020\/08\/logo-ir.jpg 208w, https:\/\/dc-ar.com.br\/es\/wp-content\/uploads\/2020\/08\/logo-ir-150x84.jpg 150w\" sizes=\"(max-width: 208px) 100vw, 208px\" \/>\n\t\t\t<\/div><\/figure><figure class='gallery-item'>\n\t\t\t<div class='gallery-icon landscape'>\n\t\t\t\t<img width=\"208\" height=\"117\" src=\"https:\/\/dc-ar.com.br\/es\/wp-content\/uploads\/2021\/01\/logo-aro2-1.jpg\" class=\"attachment-medium size-medium\" alt=\"\" loading=\"lazy\" srcset=\"https:\/\/dc-ar.com.br\/es\/wp-content\/uploads\/2021\/01\/logo-aro2-1.jpg 208w, https:\/\/dc-ar.com.br\/es\/wp-content\/uploads\/2021\/01\/logo-aro2-1-150x84.jpg 150w\" sizes=\"(max-width: 208px) 100vw, 208px\" \/>\n\t\t\t<\/div><\/figure><figure class='gallery-item'>\n\t\t\t<div class='gallery-icon landscape'>\n\t\t\t\t<img width=\"210\" height=\"118\" src=\"https:\/\/dc-ar.com.br\/es\/wp-content\/uploads\/2024\/07\/logo-lubbering-1.jpg\" class=\"attachment-medium size-medium\" alt=\"\" loading=\"lazy\" srcset=\"https:\/\/dc-ar.com.br\/es\/wp-content\/uploads\/2024\/07\/logo-lubbering-1.jpg 210w, https:\/\/dc-ar.com.br\/es\/wp-content\/uploads\/2024\/07\/logo-lubbering-1-150x84.jpg 150w\" sizes=\"(max-width: 210px) 100vw, 210px\" \/>\n\t\t\t<\/div><\/figure><figure class='gallery-item'>\n\t\t\t<div class='gallery-icon landscape'>\n\t\t\t\t<img width=\"210\" height=\"118\" src=\"https:\/\/dc-ar.com.br\/es\/wp-content\/uploads\/2026\/04\/mytorq-logo.png\" class=\"attachment-medium size-medium\" alt=\"\" loading=\"lazy\" srcset=\"https:\/\/dc-ar.com.br\/es\/wp-content\/uploads\/2026\/04\/mytorq-logo.png 210w, https:\/\/dc-ar.com.br\/es\/wp-content\/uploads\/2026\/04\/mytorq-logo-150x84.png 150w\" sizes=\"(max-width: 210px) 100vw, 210px\" \/>\n\t\t\t<\/div><\/figure><figure class='gallery-item'>\n\t\t\t<div class='gallery-icon landscape'>\n\t\t\t\t<img width=\"210\" height=\"118\" src=\"https:\/\/dc-ar.com.br\/es\/wp-content\/uploads\/2024\/07\/logo-gesipa-1.jpg\" class=\"attachment-medium size-medium\" alt=\"\" loading=\"lazy\" srcset=\"https:\/\/dc-ar.com.br\/es\/wp-content\/uploads\/2024\/07\/logo-gesipa-1.jpg 210w, https:\/\/dc-ar.com.br\/es\/wp-content\/uploads\/2024\/07\/logo-gesipa-1-150x84.jpg 150w\" sizes=\"(max-width: 210px) 100vw, 210px\" \/>\n\t\t\t<\/div><\/figure>\n\t\t<\/div>\n\t\t<\/div>\n\t\t\t\t<\/div>\n\t\t\t\t<\/div>\n\t\t\t\t\t\t<\/div>\n\t\t\t\t\t<\/div>\n\t\t<\/div>\n\t\t\t\t\t\t\t\t<\/div>\n\t\t\t\t\t<\/div>\n\t\t<\/section>\n\t\t\t\t\t\t<\/div>\n\t\t\t\t\t\t<\/div>\n\t\t\t\t\t<\/div>\n\t\t","protected":false},"excerpt":{"rendered":"<p>DC-AR ofrece asistencia t\u00e9cnica de venta, postventa y mantenimiento para las marcas BAUER COMPRESORES, INGERSOLL RAND y ARO&#8230;.<\/p>\n","protected":false},"author":1,"featured_media":0,"parent":0,"menu_order":0,"comment_status":"closed","ping_status":"closed","template":"elementor_header_footer","meta":[],"yoast_head":"<!-- This site is optimized with the Yoast SEO plugin v15.6.2 - https:\/\/yoast.com\/wordpress\/plugins\/seo\/ -->\n<title>Asistencia t\u00e9cnica - DCAR - Bauer Kompressoren &amp; Ingersoll Rand<\/title>\n<meta name=\"description\" content=\"DC-AR brinda soporte de venta, posventa y mantenimiento de las marcas BAUER COMPRESSORES, INGERSOLL RAND y ARO.\" \/>\n<meta name=\"robots\" content=\"index, follow, max-snippet:-1, max-image-preview:large, max-video-preview:-1\" \/>\n<link rel=\"canonical\" href=\"https:\/\/dc-ar.com.br\/es\/asistencia-tecnica\/\" \/>\n<meta property=\"og:locale\" content=\"es_ES\" \/>\n<meta property=\"og:type\" content=\"article\" \/>\n<meta property=\"og:title\" content=\"Asistencia t\u00e9cnica - DCAR - Bauer Kompressoren &amp; Ingersoll Rand\" \/>\n<meta property=\"og:description\" content=\"DC-AR brinda soporte de venta, posventa y mantenimiento de las marcas BAUER COMPRESSORES, INGERSOLL RAND y ARO.\" \/>\n<meta property=\"og:url\" content=\"https:\/\/dc-ar.com.br\/es\/asistencia-tecnica\/\" \/>\n<meta property=\"og:site_name\" content=\"DCAR - Bauer Kompressoren &amp; Ingersoll Rand\" \/>\n<meta property=\"article:modified_time\" content=\"2026-04-08T23:28:04+00:00\" \/>\n<meta property=\"og:image\" content=\"http:\/\/www.dc-ar.com.br\/es\/wp-content\/uploads\/2021\/02\/dcar.jpg\" \/>\n<meta name=\"twitter:card\" content=\"summary_large_image\" \/>\n<meta name=\"twitter:label1\" content=\"Tiempo de lectura\">\n\t<meta name=\"twitter:data1\" content=\"3 minutos\">\n<script type=\"application\/ld+json\" class=\"yoast-schema-graph\">{\"@context\":\"https:\/\/schema.org\",\"@graph\":[{\"@type\":\"WebSite\",\"@id\":\"http:\/\/dc-ar.com.br\/es\/#website\",\"url\":\"http:\/\/dc-ar.com.br\/es\/\",\"name\":\"DCAR - Bauer Kompressoren &amp; Ingersoll Rand\",\"description\":\"\",\"potentialAction\":[{\"@type\":\"SearchAction\",\"target\":\"http:\/\/dc-ar.com.br\/es\/?s={search_term_string}\",\"query-input\":\"required name=search_term_string\"}],\"inLanguage\":\"es\"},{\"@type\":\"ImageObject\",\"@id\":\"https:\/\/dc-ar.com.br\/es\/asistencia-tecnica\/#primaryimage\",\"inLanguage\":\"es\",\"url\":\"http:\/\/www.dc-ar.com.br\/es\/wp-content\/uploads\/2021\/02\/dcar.jpg\"},{\"@type\":\"WebPage\",\"@id\":\"https:\/\/dc-ar.com.br\/es\/asistencia-tecnica\/#webpage\",\"url\":\"https:\/\/dc-ar.com.br\/es\/asistencia-tecnica\/\",\"name\":\"Asistencia t\\u00e9cnica - DCAR - Bauer Kompressoren &amp; Ingersoll Rand\",\"isPartOf\":{\"@id\":\"http:\/\/dc-ar.com.br\/es\/#website\"},\"primaryImageOfPage\":{\"@id\":\"https:\/\/dc-ar.com.br\/es\/asistencia-tecnica\/#primaryimage\"},\"datePublished\":\"2020-12-27T08:44:46+00:00\",\"dateModified\":\"2026-04-08T23:28:04+00:00\",\"description\":\"DC-AR brinda soporte de venta, posventa y mantenimiento de las marcas BAUER COMPRESSORES, INGERSOLL RAND y ARO.\",\"inLanguage\":\"es\",\"potentialAction\":[{\"@type\":\"ReadAction\",\"target\":[\"https:\/\/dc-ar.com.br\/es\/asistencia-tecnica\/\"]}]}]}<\/script>\n<!-- \/ Yoast SEO plugin. -->","_links":{"self":[{"href":"https:\/\/dc-ar.com.br\/es\/wp-json\/wp\/v2\/pages\/2326"}],"collection":[{"href":"https:\/\/dc-ar.com.br\/es\/wp-json\/wp\/v2\/pages"}],"about":[{"href":"https:\/\/dc-ar.com.br\/es\/wp-json\/wp\/v2\/types\/page"}],"author":[{"embeddable":true,"href":"https:\/\/dc-ar.com.br\/es\/wp-json\/wp\/v2\/users\/1"}],"replies":[{"embeddable":true,"href":"https:\/\/dc-ar.com.br\/es\/wp-json\/wp\/v2\/comments?post=2326"}],"version-history":[{"count":56,"href":"https:\/\/dc-ar.com.br\/es\/wp-json\/wp\/v2\/pages\/2326\/revisions"}],"predecessor-version":[{"id":3293,"href":"https:\/\/dc-ar.com.br\/es\/wp-json\/wp\/v2\/pages\/2326\/revisions\/3293"}],"wp:attachment":[{"href":"https:\/\/dc-ar.com.br\/es\/wp-json\/wp\/v2\/media?parent=2326"}],"curies":[{"name":"wp","href":"https:\/\/api.w.org\/{rel}","templated":true}]}}