{"id":2259,"date":"2020-12-27T02:55:51","date_gmt":"2020-12-27T05:55:51","guid":{"rendered":"http:\/\/dc-ar.com.br\/es\/?page_id=2259"},"modified":"2024-07-31T20:43:37","modified_gmt":"2024-07-31T23:43:37","slug":"quienes-somos","status":"publish","type":"page","link":"https:\/\/dc-ar.com.br\/es\/quienes-somos\/","title":{"rendered":"Qui\u00e9nes somos"},"content":{"rendered":"\t\t<div data-elementor-type=\"wp-post\" data-elementor-id=\"2259\" class=\"elementor elementor-2259\" data-elementor-settings=\"[]\">\n\t\t\t\t\t\t<div class=\"elementor-inner\">\n\t\t\t\t\t\t\t<div class=\"elementor-section-wrap\">\n\t\t\t\t\t\t\t<section class=\"elementor-section elementor-top-section elementor-element elementor-element-6a9c5f2 elementor-section-boxed elementor-section-height-default elementor-section-height-default\" data-id=\"6a9c5f2\" data-element_type=\"section\">\n\t\t\t\t\t\t<div class=\"elementor-container elementor-column-gap-default\">\n\t\t\t\t\t\t\t<div class=\"elementor-row\">\n\t\t\t\t\t<div class=\"elementor-column elementor-col-33 elementor-top-column elementor-element elementor-element-8aa4fde\" data-id=\"8aa4fde\" data-element_type=\"column\">\n\t\t\t<div class=\"elementor-column-wrap elementor-element-populated\">\n\t\t\t\t\t\t\t<div class=\"elementor-widget-wrap\">\n\t\t\t\t\t\t<div class=\"elementor-element elementor-element-4c78cc4 elementor-invisible elementor-widget elementor-widget-text-editor\" data-id=\"4c78cc4\" data-element_type=\"widget\" data-settings=\"{&quot;_animation&quot;:&quot;fadeIn&quot;}\" data-widget_type=\"text-editor.default\">\n\t\t\t\t<div class=\"elementor-widget-container\">\n\t\t\t\t\t\t\t\t<div class=\"elementor-text-editor elementor-clearfix\">\n\t\t\t\t<h2>DESDE 1998<\/h2><p><strong>DC-AR<\/strong> fue fundada en 1998 y representa a <a href=\"http:\/\/www.dc-ar.com.br\/es\/bauer\/\"><strong>BAUER COMPRESORES<\/strong><\/a>\u00a0e<strong><a href=\"http:\/\/www.dc-ar.com.br\/es\/ingersoll-rand\/\">\u00a0INGERSOLL RAND<\/a><\/strong> en Brasil.<\/p><p style=\"margin-bottom: 15px;\"><strong>DC-AR<\/strong> se dedica al mercado offshore e industrial trabajando con equipos de la m\u00e1s alta calidad y durabilidad.<\/p>\t\t\t\t\t<\/div>\n\t\t\t\t\t\t<\/div>\n\t\t\t\t<\/div>\n\t\t\t\t\t\t<\/div>\n\t\t\t\t\t<\/div>\n\t\t<\/div>\n\t\t\t\t<div class=\"elementor-column elementor-col-66 elementor-top-column elementor-element elementor-element-b7e71ea\" data-id=\"b7e71ea\" data-element_type=\"column\">\n\t\t\t<div class=\"elementor-column-wrap elementor-element-populated\">\n\t\t\t\t\t\t\t<div class=\"elementor-widget-wrap\">\n\t\t\t\t\t\t<div class=\"elementor-element elementor-element-25b14d0 elementor-invisible elementor-widget elementor-widget-text-editor\" data-id=\"25b14d0\" data-element_type=\"widget\" data-settings=\"{&quot;_animation&quot;:&quot;fadeIn&quot;}\" data-widget_type=\"text-editor.default\">\n\t\t\t\t<div class=\"elementor-widget-container\">\n\t\t\t\t\t\t\t\t<div class=\"elementor-text-editor elementor-clearfix\">\n\t\t\t\t<h2>MISI\u00d3N<\/h2><p>Nos dedicamos a satisfacer las necesidades y soluciones de nuestros clientes, logrando la excelencia y la obstinaci\u00f3n. Buscamos resultados con simplicidad y objetividad, diferenci\u00e1ndonos no s\u00f3lo por la calidad de nuestros productos, sino tambi\u00e9n por el apoyo humanizado. Pretendemos trabajar de forma sostenible en todas nuestras actividades.<\/p><h2>VALORES<\/h2><p>Desde el inicio, nuestra intenci\u00f3n ha sido proporcionar seguridad y eficiencia a nuestros clientes y colaboradores, buscando siempre la valorizaci\u00f3n de los servicios prestados desde la base hasta el cliente final.<\/p>\t\t\t\t\t<\/div>\n\t\t\t\t\t\t<\/div>\n\t\t\t\t<\/div>\n\t\t\t\t\t\t<\/div>\n\t\t\t\t\t<\/div>\n\t\t<\/div>\n\t\t\t\t\t\t\t\t<\/div>\n\t\t\t\t\t<\/div>\n\t\t<\/section>\n\t\t\t\t\t\t<\/div>\n\t\t\t\t\t\t<\/div>\n\t\t\t\t\t<\/div>\n\t\t","protected":false},"excerpt":{"rendered":"<p>DESDE 1998 DC-AR fue fundada en 1998 y representa a BAUER COMPRESORES&nbsp;e&nbsp;INGERSOLL RAND en Brasil. DC-AR se dedica&#8230;<\/p>\n","protected":false},"author":1,"featured_media":0,"parent":0,"menu_order":0,"comment_status":"closed","ping_status":"closed","template":"elementor_header_footer","meta":[],"yoast_head":"<!-- This site is optimized with the Yoast SEO plugin v15.6.2 - https:\/\/yoast.com\/wordpress\/plugins\/seo\/ -->\n<title>Qui\u00e9nes somos - DCAR - Bauer Kompressoren &amp; Ingersoll Rand<\/title>\n<meta name=\"description\" content=\"En DC-AR nos dedicamos a satisfacer las necesidades y soluciones de nuestros clientes, logrando excelencia y perseverancia.\" \/>\n<meta name=\"robots\" content=\"index, follow, max-snippet:-1, max-image-preview:large, max-video-preview:-1\" \/>\n<link rel=\"canonical\" href=\"https:\/\/dc-ar.com.br\/es\/quienes-somos\/\" \/>\n<meta property=\"og:locale\" content=\"es_ES\" \/>\n<meta property=\"og:type\" content=\"article\" \/>\n<meta property=\"og:title\" content=\"Qui\u00e9nes somos - DCAR - Bauer Kompressoren &amp; Ingersoll Rand\" \/>\n<meta property=\"og:description\" content=\"En DC-AR nos dedicamos a satisfacer las necesidades y soluciones de nuestros clientes, logrando excelencia y perseverancia.\" \/>\n<meta property=\"og:url\" content=\"https:\/\/dc-ar.com.br\/es\/quienes-somos\/\" \/>\n<meta property=\"og:site_name\" content=\"DCAR - Bauer Kompressoren &amp; Ingersoll Rand\" \/>\n<meta property=\"article:modified_time\" content=\"2024-07-31T23:43:37+00:00\" \/>\n<meta name=\"twitter:card\" content=\"summary_large_image\" \/>\n<meta name=\"twitter:label1\" content=\"Tiempo de lectura\">\n\t<meta name=\"twitter:data1\" content=\"1 minuto\">\n<script type=\"application\/ld+json\" class=\"yoast-schema-graph\">{\"@context\":\"https:\/\/schema.org\",\"@graph\":[{\"@type\":\"WebSite\",\"@id\":\"http:\/\/dc-ar.com.br\/es\/#website\",\"url\":\"http:\/\/dc-ar.com.br\/es\/\",\"name\":\"DCAR - Bauer Kompressoren &amp; Ingersoll Rand\",\"description\":\"\",\"potentialAction\":[{\"@type\":\"SearchAction\",\"target\":\"http:\/\/dc-ar.com.br\/es\/?s={search_term_string}\",\"query-input\":\"required name=search_term_string\"}],\"inLanguage\":\"es\"},{\"@type\":\"WebPage\",\"@id\":\"https:\/\/dc-ar.com.br\/es\/quienes-somos\/#webpage\",\"url\":\"https:\/\/dc-ar.com.br\/es\/quienes-somos\/\",\"name\":\"Qui\\u00e9nes somos - DCAR - Bauer Kompressoren &amp; Ingersoll Rand\",\"isPartOf\":{\"@id\":\"http:\/\/dc-ar.com.br\/es\/#website\"},\"datePublished\":\"2020-12-27T05:55:51+00:00\",\"dateModified\":\"2024-07-31T23:43:37+00:00\",\"description\":\"En DC-AR nos dedicamos a satisfacer las necesidades y soluciones de nuestros clientes, logrando excelencia y perseverancia.\",\"inLanguage\":\"es\",\"potentialAction\":[{\"@type\":\"ReadAction\",\"target\":[\"https:\/\/dc-ar.com.br\/es\/quienes-somos\/\"]}]}]}<\/script>\n<!-- \/ Yoast SEO plugin. -->","_links":{"self":[{"href":"https:\/\/dc-ar.com.br\/es\/wp-json\/wp\/v2\/pages\/2259"}],"collection":[{"href":"https:\/\/dc-ar.com.br\/es\/wp-json\/wp\/v2\/pages"}],"about":[{"href":"https:\/\/dc-ar.com.br\/es\/wp-json\/wp\/v2\/types\/page"}],"author":[{"embeddable":true,"href":"https:\/\/dc-ar.com.br\/es\/wp-json\/wp\/v2\/users\/1"}],"replies":[{"embeddable":true,"href":"https:\/\/dc-ar.com.br\/es\/wp-json\/wp\/v2\/comments?post=2259"}],"version-history":[{"count":34,"href":"https:\/\/dc-ar.com.br\/es\/wp-json\/wp\/v2\/pages\/2259\/revisions"}],"predecessor-version":[{"id":3119,"href":"https:\/\/dc-ar.com.br\/es\/wp-json\/wp\/v2\/pages\/2259\/revisions\/3119"}],"wp:attachment":[{"href":"https:\/\/dc-ar.com.br\/es\/wp-json\/wp\/v2\/media?parent=2259"}],"curies":[{"name":"wp","href":"https:\/\/api.w.org\/{rel}","templated":true}]}}