{"id":2219,"date":"2020-12-27T02:25:49","date_gmt":"2020-12-27T05:25:49","guid":{"rendered":"http:\/\/dc-ar.com.br\/es\/?page_id=2219"},"modified":"2024-07-31T20:36:13","modified_gmt":"2024-07-31T23:36:13","slug":"alquiler-de-equipo","status":"publish","type":"page","link":"https:\/\/dc-ar.com.br\/es\/alquiler-de-equipo\/","title":{"rendered":"Alquiler de equipo"},"content":{"rendered":"\t\t<div data-elementor-type=\"wp-post\" data-elementor-id=\"2219\" class=\"elementor elementor-2219\" data-elementor-settings=\"[]\">\n\t\t\t\t\t\t<div class=\"elementor-inner\">\n\t\t\t\t\t\t\t<div class=\"elementor-section-wrap\">\n\t\t\t\t\t\t\t<section class=\"elementor-section elementor-top-section elementor-element elementor-element-5c38f58 elementor-section-boxed elementor-section-height-default elementor-section-height-default\" data-id=\"5c38f58\" data-element_type=\"section\" data-settings=\"{&quot;background_background&quot;:&quot;classic&quot;}\">\n\t\t\t\t\t\t<div class=\"elementor-container elementor-column-gap-default\">\n\t\t\t\t\t\t\t<div class=\"elementor-row\">\n\t\t\t\t\t<div class=\"elementor-column elementor-col-100 elementor-top-column elementor-element elementor-element-6269330\" data-id=\"6269330\" data-element_type=\"column\">\n\t\t\t<div class=\"elementor-column-wrap elementor-element-populated\">\n\t\t\t\t\t\t\t<div class=\"elementor-widget-wrap\">\n\t\t\t\t\t\t<div class=\"elementor-element elementor-element-2b16962 elementor-widget elementor-widget-text-editor\" data-id=\"2b16962\" data-element_type=\"widget\" data-widget_type=\"text-editor.default\">\n\t\t\t\t<div class=\"elementor-widget-container\">\n\t\t\t\t\t\t\t\t<div class=\"elementor-text-editor elementor-clearfix\">\n\t\t\t\t<p><span style=\"font-weight: 400;\"><strong>DC-AR<\/strong> ofrece una amplia gama de equipos de alquiler, adaptados a todo tipo de aplicaciones seg\u00fan sus necesidades en las l\u00edneas de productos de <\/span><span style=\"font-weight: 400;\"><a href=\"http:\/\/www.dc-ar.com.br\/es\/bauer\/\"><b>BAUER COMPRESORES <\/b><\/a>e <strong><a href=\"http:\/\/www.dc-ar.com.br\/es\/ingersoll-rand\/\">INGERSOLL RAND<\/a>.<\/strong><\/span><\/p><p>Si tiene alguna duda sobre qu\u00e9 modelo elegir para su empresa, hable con los consultores de <strong>DC-AR<\/strong>, que podr\u00e1n ayudarle destacando no s\u00f3lo la mejor soluci\u00f3n para su negocio, sino tambi\u00e9n cu\u00e1les son las caracter\u00edsticas de todos los modelos disponibles.<\/p>\t\t\t\t\t<\/div>\n\t\t\t\t\t\t<\/div>\n\t\t\t\t<\/div>\n\t\t\t\t<div class=\"elementor-element elementor-element-93ee0d3 elementor-widget-divider--view-line elementor-widget elementor-widget-divider\" data-id=\"93ee0d3\" data-element_type=\"widget\" data-widget_type=\"divider.default\">\n\t\t\t\t<div class=\"elementor-widget-container\">\n\t\t\t\t\t<div class=\"elementor-divider\">\n\t\t\t<span class=\"elementor-divider-separator\">\n\t\t\t\t\t\t<\/span>\n\t\t<\/div>\n\t\t\t\t<\/div>\n\t\t\t\t<\/div>\n\t\t\t\t\t\t<\/div>\n\t\t\t\t\t<\/div>\n\t\t<\/div>\n\t\t\t\t\t\t\t\t<\/div>\n\t\t\t\t\t<\/div>\n\t\t<\/section>\n\t\t\t\t<section class=\"elementor-section elementor-top-section elementor-element elementor-element-cb892d7 elementor-section-boxed elementor-section-height-default elementor-section-height-default\" data-id=\"cb892d7\" data-element_type=\"section\">\n\t\t\t\t\t\t<div class=\"elementor-container elementor-column-gap-default\">\n\t\t\t\t\t\t\t<div class=\"elementor-row\">\n\t\t\t\t\t<div class=\"elementor-column elementor-col-50 elementor-top-column elementor-element elementor-element-0e81a49\" data-id=\"0e81a49\" data-element_type=\"column\">\n\t\t\t<div class=\"elementor-column-wrap elementor-element-populated\">\n\t\t\t\t\t\t\t<div class=\"elementor-widget-wrap\">\n\t\t\t\t\t\t<div class=\"elementor-element elementor-element-b33a786 openPopBauer elementor-widget elementor-widget-image\" data-id=\"b33a786\" data-element_type=\"widget\" data-widget_type=\"image.default\">\n\t\t\t\t<div class=\"elementor-widget-container\">\n\t\t\t\t\t\t\t\t<div class=\"elementor-image\">\n\t\t\t\t\t\t\t\t\t\t\t\t<img width=\"600\" height=\"360\" src=\"https:\/\/dc-ar.com.br\/es\/wp-content\/uploads\/2021\/01\/loc-bauer.jpg\" class=\"attachment-full size-full\" alt=\"\" loading=\"lazy\" srcset=\"https:\/\/dc-ar.com.br\/es\/wp-content\/uploads\/2021\/01\/loc-bauer.jpg 600w, https:\/\/dc-ar.com.br\/es\/wp-content\/uploads\/2021\/01\/loc-bauer-300x180.jpg 300w, https:\/\/dc-ar.com.br\/es\/wp-content\/uploads\/2021\/01\/loc-bauer-285x171.jpg 285w, https:\/\/dc-ar.com.br\/es\/wp-content\/uploads\/2021\/01\/loc-bauer-150x90.jpg 150w\" sizes=\"(max-width: 600px) 100vw, 600px\" \/>\t\t\t\t\t\t\t\t\t\t\t\t\t\t<\/div>\n\t\t\t\t\t\t<\/div>\n\t\t\t\t<\/div>\n\t\t\t\t<div class=\"elementor-element elementor-element-d7d821a elementor-widget elementor-widget-text-editor\" data-id=\"d7d821a\" data-element_type=\"widget\" data-widget_type=\"text-editor.default\">\n\t\t\t\t<div class=\"elementor-widget-container\">\n\t\t\t\t\t\t\t\t<div class=\"elementor-text-editor elementor-clearfix\">\n\t\t\t\t<p>Disponemos de compresores <strong>BAUER<\/strong> port\u00e1tiles y fijos en alquiler de varias aplicaciones, caudales y capacidades, para satisfacer sus necesidades con seguridad y calidad.<\/p><p>Los productos de <strong>BAUER COMPRESSORS<\/strong> tienen caracter\u00edsticas que permiten una mayor facilidad de manejo. Una vez realizado el alquiler, ajustamos la tensi\u00f3n de trabajo y la presi\u00f3n final en funci\u00f3n de las necesidades de la aplicaci\u00f3n.<\/p>\t\t\t\t\t<\/div>\n\t\t\t\t\t\t<\/div>\n\t\t\t\t<\/div>\n\t\t\t\t<div class=\"elementor-element elementor-element-695b400 elementor-widget elementor-widget-text-editor\" data-id=\"695b400\" data-element_type=\"widget\" data-widget_type=\"text-editor.default\">\n\t\t\t\t<div class=\"elementor-widget-container\">\n\t\t\t\t\t\t\t\t<div class=\"elementor-text-editor elementor-clearfix\">\n\t\t\t\t<p style=\"text-align: center;\"><a class=\"btDC1 openPopBauer\" target=\"_blank\" rel=\"noopener\"><b>HABLE CON NUESTROS ASESORES<\/b><\/a><\/p>\t\t\t\t\t<\/div>\n\t\t\t\t\t\t<\/div>\n\t\t\t\t<\/div>\n\t\t\t\t\t\t<\/div>\n\t\t\t\t\t<\/div>\n\t\t<\/div>\n\t\t\t\t<div class=\"elementor-column elementor-col-50 elementor-top-column elementor-element elementor-element-e265c84\" data-id=\"e265c84\" data-element_type=\"column\">\n\t\t\t<div class=\"elementor-column-wrap elementor-element-populated\">\n\t\t\t\t\t\t\t<div class=\"elementor-widget-wrap\">\n\t\t\t\t\t\t<div class=\"elementor-element elementor-element-cf1bc9e openPopIngersoll elementor-widget elementor-widget-image\" data-id=\"cf1bc9e\" data-element_type=\"widget\" data-widget_type=\"image.default\">\n\t\t\t\t<div class=\"elementor-widget-container\">\n\t\t\t\t\t\t\t\t<div class=\"elementor-image\">\n\t\t\t\t\t\t\t\t\t\t\t\t<img width=\"600\" height=\"360\" src=\"https:\/\/dc-ar.com.br\/es\/wp-content\/uploads\/2021\/01\/loc-inger.jpg\" class=\"attachment-full size-full\" alt=\"\" loading=\"lazy\" srcset=\"https:\/\/dc-ar.com.br\/es\/wp-content\/uploads\/2021\/01\/loc-inger.jpg 600w, https:\/\/dc-ar.com.br\/es\/wp-content\/uploads\/2021\/01\/loc-inger-300x180.jpg 300w, https:\/\/dc-ar.com.br\/es\/wp-content\/uploads\/2021\/01\/loc-inger-285x171.jpg 285w, https:\/\/dc-ar.com.br\/es\/wp-content\/uploads\/2021\/01\/loc-inger-150x90.jpg 150w\" sizes=\"(max-width: 600px) 100vw, 600px\" \/>\t\t\t\t\t\t\t\t\t\t\t\t\t\t<\/div>\n\t\t\t\t\t\t<\/div>\n\t\t\t\t<\/div>\n\t\t\t\t<div class=\"elementor-element elementor-element-089a332 elementor-widget elementor-widget-text-editor\" data-id=\"089a332\" data-element_type=\"widget\" data-widget_type=\"text-editor.default\">\n\t\t\t\t<div class=\"elementor-widget-container\">\n\t\t\t\t\t\t\t\t<div class=\"elementor-text-editor elementor-clearfix\">\n\t\t\t\t<p>Dentro de la l\u00ednea <strong>INGERSOLL RAND<\/strong>, tenemos polipastos neum\u00e1ticos, motores neum\u00e1ticos, cabrestantes neum\u00e1ticos y bombas neum\u00e1ticas.<\/p><p>Cuando necesite elegir un equipo, nuestros asesores est\u00e1n preparados para ayudarle a arrendar seg\u00fan sus necesidades.<\/p>\t\t\t\t\t<\/div>\n\t\t\t\t\t\t<\/div>\n\t\t\t\t<\/div>\n\t\t\t\t<div class=\"elementor-element elementor-element-74c65f7 elementor-widget elementor-widget-text-editor\" data-id=\"74c65f7\" data-element_type=\"widget\" data-widget_type=\"text-editor.default\">\n\t\t\t\t<div class=\"elementor-widget-container\">\n\t\t\t\t\t\t\t\t<div class=\"elementor-text-editor elementor-clearfix\">\n\t\t\t\t<p style=\"text-align: center;\"><a class=\"btDC1 openPopIngersoll\" target=\"_blank\" rel=\"noopener\"><b>HABLE CON NUESTROS ASESORES<\/b><\/a><\/p>\t\t\t\t\t<\/div>\n\t\t\t\t\t\t<\/div>\n\t\t\t\t<\/div>\n\t\t\t\t\t\t<\/div>\n\t\t\t\t\t<\/div>\n\t\t<\/div>\n\t\t\t\t\t\t\t\t<\/div>\n\t\t\t\t\t<\/div>\n\t\t<\/section>\n\t\t\t\t\t\t<\/div>\n\t\t\t\t\t\t<\/div>\n\t\t\t\t\t<\/div>\n\t\t","protected":false},"excerpt":{"rendered":"<p>DC-AR ofrece una amplia gama de equipos de alquiler, adaptados a todo tipo de aplicaciones seg\u00fan sus necesidades&#8230;<\/p>\n","protected":false},"author":1,"featured_media":0,"parent":0,"menu_order":0,"comment_status":"closed","ping_status":"closed","template":"elementor_header_footer","meta":[],"yoast_head":"<!-- This site is optimized with the Yoast SEO plugin v15.6.2 - https:\/\/yoast.com\/wordpress\/plugins\/seo\/ -->\n<title>Alquiler de equipo - DCAR - Bauer Kompressoren &amp; Ingersoll Rand<\/title>\n<meta name=\"description\" content=\"DC-AR ofrece una amplia gama de posibilidades de alquiler de equipos, adaptados a todo tipo de aplicaci\u00f3n seg\u00fan sus necesidades en las l\u00edneas de productos BAUER COMPRESSORES e INGERSOLL RAND.\" \/>\n<meta name=\"robots\" content=\"index, follow, max-snippet:-1, max-image-preview:large, max-video-preview:-1\" \/>\n<link rel=\"canonical\" href=\"https:\/\/dc-ar.com.br\/es\/alquiler-de-equipo\/\" \/>\n<meta property=\"og:locale\" content=\"es_ES\" \/>\n<meta property=\"og:type\" content=\"article\" \/>\n<meta property=\"og:title\" content=\"Alquiler de equipo - DCAR - Bauer Kompressoren &amp; Ingersoll Rand\" \/>\n<meta property=\"og:description\" content=\"DC-AR ofrece una amplia gama de posibilidades de alquiler de equipos, adaptados a todo tipo de aplicaci\u00f3n seg\u00fan sus necesidades en las l\u00edneas de productos BAUER COMPRESSORES e INGERSOLL RAND.\" \/>\n<meta property=\"og:url\" content=\"https:\/\/dc-ar.com.br\/es\/alquiler-de-equipo\/\" \/>\n<meta property=\"og:site_name\" content=\"DCAR - Bauer Kompressoren &amp; Ingersoll Rand\" \/>\n<meta property=\"article:modified_time\" content=\"2024-07-31T23:36:13+00:00\" \/>\n<meta property=\"og:image\" content=\"http:\/\/dc-ar.com.br\/es\/wp-content\/uploads\/2021\/01\/loc-bauer.jpg\" \/>\n<meta name=\"twitter:card\" content=\"summary_large_image\" \/>\n<meta name=\"twitter:label1\" content=\"Tiempo de lectura\">\n\t<meta name=\"twitter:data1\" content=\"2 minutos\">\n<script type=\"application\/ld+json\" class=\"yoast-schema-graph\">{\"@context\":\"https:\/\/schema.org\",\"@graph\":[{\"@type\":\"WebSite\",\"@id\":\"https:\/\/dc-ar.com.br\/es\/#website\",\"url\":\"https:\/\/dc-ar.com.br\/es\/\",\"name\":\"DCAR - Bauer Kompressoren &amp; Ingersoll Rand\",\"description\":\"\",\"potentialAction\":[{\"@type\":\"SearchAction\",\"target\":\"https:\/\/dc-ar.com.br\/es\/?s={search_term_string}\",\"query-input\":\"required name=search_term_string\"}],\"inLanguage\":\"es\"},{\"@type\":\"ImageObject\",\"@id\":\"https:\/\/dc-ar.com.br\/es\/alquiler-de-equipo\/#primaryimage\",\"inLanguage\":\"es\",\"url\":\"http:\/\/dc-ar.com.br\/es\/wp-content\/uploads\/2021\/01\/loc-bauer.jpg\"},{\"@type\":\"WebPage\",\"@id\":\"https:\/\/dc-ar.com.br\/es\/alquiler-de-equipo\/#webpage\",\"url\":\"https:\/\/dc-ar.com.br\/es\/alquiler-de-equipo\/\",\"name\":\"Alquiler de equipo - DCAR - Bauer Kompressoren &amp; Ingersoll Rand\",\"isPartOf\":{\"@id\":\"https:\/\/dc-ar.com.br\/es\/#website\"},\"primaryImageOfPage\":{\"@id\":\"https:\/\/dc-ar.com.br\/es\/alquiler-de-equipo\/#primaryimage\"},\"datePublished\":\"2020-12-27T05:25:49+00:00\",\"dateModified\":\"2024-07-31T23:36:13+00:00\",\"description\":\"DC-AR ofrece una amplia gama de posibilidades de alquiler de equipos, adaptados a todo tipo de aplicaci\\u00f3n seg\\u00fan sus necesidades en las l\\u00edneas de productos BAUER COMPRESSORES e INGERSOLL RAND.\",\"inLanguage\":\"es\",\"potentialAction\":[{\"@type\":\"ReadAction\",\"target\":[\"https:\/\/dc-ar.com.br\/es\/alquiler-de-equipo\/\"]}]}]}<\/script>\n<!-- \/ Yoast SEO plugin. -->","_links":{"self":[{"href":"https:\/\/dc-ar.com.br\/es\/wp-json\/wp\/v2\/pages\/2219"}],"collection":[{"href":"https:\/\/dc-ar.com.br\/es\/wp-json\/wp\/v2\/pages"}],"about":[{"href":"https:\/\/dc-ar.com.br\/es\/wp-json\/wp\/v2\/types\/page"}],"author":[{"embeddable":true,"href":"https:\/\/dc-ar.com.br\/es\/wp-json\/wp\/v2\/users\/1"}],"replies":[{"embeddable":true,"href":"https:\/\/dc-ar.com.br\/es\/wp-json\/wp\/v2\/comments?post=2219"}],"version-history":[{"count":75,"href":"https:\/\/dc-ar.com.br\/es\/wp-json\/wp\/v2\/pages\/2219\/revisions"}],"predecessor-version":[{"id":3117,"href":"https:\/\/dc-ar.com.br\/es\/wp-json\/wp\/v2\/pages\/2219\/revisions\/3117"}],"wp:attachment":[{"href":"https:\/\/dc-ar.com.br\/es\/wp-json\/wp\/v2\/media?parent=2219"}],"curies":[{"name":"wp","href":"https:\/\/api.w.org\/{rel}","templated":true}]}}