{"id":2922,"date":"2024-07-30T16:49:52","date_gmt":"2024-07-30T19:49:52","guid":{"rendered":"http:\/\/dc-ar.com.br\/?post_type=product&#038;p=2922"},"modified":"2024-08-08T10:00:57","modified_gmt":"2024-08-08T13:00:57","slug":"taurus-1-4-axial-eco-recta","status":"publish","type":"product","link":"https:\/\/dc-ar.com.br\/en\/store\/gesipa\/pneumatic-pop-riveters\/taurus-1-4-axial-eco-recta\/","title":{"rendered":"Taurus 1-4 Axial eco (Recta)"},"content":{"rendered":"<p><strong>DETAILED ADVANTAGES<\/strong><\/p>\n<p><span style=\"font-weight: 400;\">TAURUS\u00ae Axial eco &#8211; TAURUS\u00ae Series 1-4 in Axial Version<\/span><span style=\"font-weight: 400;\"><br \/>\n<\/span><span style=\"font-weight: 400;\">The economical solution for special applications.<\/span><span style=\"font-weight: 400;\"><br \/>\n<\/span><span style=\"font-weight: 400;\">The economical entry-level variant for special applications.<\/span><\/p>\n<p>&nbsp;<\/p>\n<p><strong>Applications:<\/strong><\/p>\n<p><span style=\"font-weight: 400;\">The special gun of the TAURUS\u00ae Axial eco riveter allows it to be used in factories and, at the same time, allows for manual, ergonomic, and flexible work in applications with restricted access and when riveting from above is necessary. To ensure that the components to be riveted do not have a gap between them and that the rivet head is in contact with the workpiece, the TAURUS\u00ae Axial eco riveter can be additionally supplied with pressure control. To ensure the suction of the mandrels, an additional air supply is required. This is accessed, depending on the application, either through the compensator with valve or through the delay valve.<\/span><\/p>\n<p>&nbsp;<\/p>\n<p><strong>Advantages:<\/strong><\/p>\n<ul>\n<li style=\"font-weight: 400;\" aria-level=\"1\"><span style=\"font-weight: 400;\">Economical solution<\/span><\/li>\n<li style=\"font-weight: 400;\" aria-level=\"1\"><span style=\"font-weight: 400;\">Ideal for installation on assembly tables, fixtures, or partially automated workstations<\/span><\/li>\n<li style=\"font-weight: 400;\" aria-level=\"1\"><span style=\"font-weight: 400;\">Very practical for applying rivets in points that require a vertical riveting process<\/span><\/li>\n<li style=\"font-weight: 400;\" aria-level=\"1\"><span style=\"font-weight: 400;\">Can be equipped with almost all additional accessories of the TAURUS\u00ae series: For example, extension units, rivet counter, riveting process control, pressure control, and remote control<\/span><\/li>\n<li style=\"font-weight: 400;\" aria-level=\"1\"><span style=\"font-weight: 400;\">Can be hung on a balancer<\/span><\/li>\n<li style=\"font-weight: 400;\" aria-level=\"1\"><span style=\"font-weight: 400;\">Integrated mandrel absorption for the removal of the residual mandrel.<\/span><\/li>\n<\/ul>\n<p>&nbsp;<\/p>\n<p><strong>Field of application:<\/strong><\/p>\n<ul>\n<li style=\"font-weight: 400;\" aria-level=\"1\"><span style=\"font-weight: 400;\">Rivets up to 6.4 mm \u00d8 of any material and up to 8 mm \u00d8 of aluminum (max. mandrel \u00d8 4.5 mm)<\/span><\/li>\n<li style=\"font-weight: 400;\" aria-level=\"1\"><span style=\"font-weight: 400;\">Power and technical data are the same as the respective riveters of the TAURUS\u00ae series.<\/span><\/li>\n<\/ul>\n<p>&nbsp;<\/p>\n<p><strong>Technical data:<\/strong><\/p>\n<ul>\n<li style=\"font-weight: 400;\" aria-level=\"1\"><span style=\"font-weight: 400;\">Operating pressure: 5 to 7 bar<\/span><\/li>\n<li style=\"font-weight: 400;\" aria-level=\"1\"><span style=\"font-weight: 400;\">Tube connection: 6 mm (1\/4&#8243;)<\/span><\/li>\n<li style=\"font-weight: 400;\" aria-level=\"1\"><span style=\"font-weight: 400;\">Sound emission level: max. 79 dB<\/span><\/li>\n<li style=\"font-weight: 400;\" aria-level=\"1\"><span style=\"font-weight: 400;\">Vibrations: &lt; 2.9 m\/s\u00b2<\/span><\/li>\n<li style=\"font-weight: 400;\" aria-level=\"1\"><span style=\"font-weight: 400;\">Weight:<\/span>\n<ul>\n<li style=\"font-weight: 400;\" aria-level=\"2\"><span style=\"font-weight: 400;\">TAURUS\u00ae 1 Axial eco: 2.0 kg<\/span><\/li>\n<li style=\"font-weight: 400;\" aria-level=\"2\"><span style=\"font-weight: 400;\">TAURUS\u00ae 2 Axial eco: 2.3 kg<\/span><\/li>\n<li style=\"font-weight: 400;\" aria-level=\"2\"><span style=\"font-weight: 400;\">TAURUS\u00ae 3 Axial eco: 2.6 kg<\/span><\/li>\n<li style=\"font-weight: 400;\" aria-level=\"2\"><span style=\"font-weight: 400;\">TAURUS\u00ae 4 Axial eco: 3.0 kg<\/span><\/li>\n<\/ul>\n<\/li>\n<\/ul>\n<p>&nbsp;<\/p>\n<p><strong>TECHNICAL SPECIFICATIONS<\/strong><\/p>\n<ul>\n<li style=\"font-weight: 400;\" aria-level=\"1\"><span style=\"font-weight: 400;\">Weight: 2.00 kg<\/span><\/li>\n<li style=\"font-weight: 400;\" aria-level=\"1\"><span style=\"font-weight: 400;\">Field of application: Rivets from 2.4 to 3.2 mm \u00d8 in all materials and up to 4 mm \u00d8 in aluminum\/steel (max. mandrel dia. 2.5 mm)<\/span><\/li>\n<li style=\"font-weight: 400;\" aria-level=\"1\"><span style=\"font-weight: 400;\">Field of application aluminum: 4 mm<\/span><\/li>\n<li style=\"font-weight: 400;\" aria-level=\"1\"><span style=\"font-weight: 400;\">Field of application steel: 3.2 mm<\/span><\/li>\n<li style=\"font-weight: 400;\" aria-level=\"1\"><span style=\"font-weight: 400;\">Air consumption: 1 Liter<\/span><\/li>\n<li style=\"font-weight: 400;\" aria-level=\"1\"><span style=\"font-weight: 400;\">Air connection: 6 mm<\/span><\/li>\n<li style=\"font-weight: 400;\" aria-level=\"1\"><span style=\"font-weight: 400;\">Pulling force: 5500 N<\/span><\/li>\n<li style=\"font-weight: 400;\" aria-level=\"1\"><span style=\"font-weight: 400;\">Tool stroke: 15 mm<\/span><\/li>\n<li style=\"font-weight: 400;\" aria-level=\"1\"><span style=\"font-weight: 400;\">Operating mode: Pneumatic<\/span><\/li>\n<li style=\"font-weight: 400;\" aria-level=\"1\"><span style=\"font-weight: 400;\">Product type: TAURUS\u00ae<\/span><\/li>\n<li style=\"font-weight: 400;\" aria-level=\"1\"><span style=\"font-weight: 400;\">Operating pressure (min): 5 bar<\/span><\/li>\n<li style=\"font-weight: 400;\" aria-level=\"1\"><span style=\"font-weight: 400;\">Operating pressure (max): 7 bar<\/span><\/li>\n<\/ul>\n","protected":false},"excerpt":{"rendered":"<p><span style=\"font-weight: 400;\">The modular principle behind our TAURUS\u00ae series riveting guns facilitates an almost infinite number of possibilities for riveting projects. With exceptionally low compressed air consumption, the TAURUS\u00ae series is very ergonomic and easy to use, ensuring that the job is done quickly and powerfully.<\/span><\/p>\n<p><span style=\"font-weight: 400;\">Do you work on extremely complex projects that require special solutions? We will be happy to advise you on customization options for the various TAURUS\u00ae variants to fit your specific application. Our technical sales team is always available to offer personalized advice, answer any questions you may have, and provide pricing information.<\/span><\/p>\n","protected":false},"featured_media":2923,"template":"","meta":[],"yoast_head":"<!-- This site is optimized with the Yoast SEO plugin v15.6.2 - https:\/\/yoast.com\/wordpress\/plugins\/seo\/ -->\n<title>Taurus 1-4 Axial eco (Recta) - DCAR - Bauer Kompressoren &amp; Ingersoll Rand<\/title>\n<meta name=\"description\" content=\"The modular principle behind our TAURUS\u00ae series riveting guns facilitates an almost infinite number of possibilities for riveting projects.\" \/>\n<meta name=\"robots\" content=\"index, follow, max-snippet:-1, max-image-preview:large, max-video-preview:-1\" \/>\n<link rel=\"canonical\" href=\"https:\/\/dc-ar.com.br\/en\/store\/gesipa\/pneumatic-pop-riveters\/taurus-1-4-axial-eco-recta\/\" \/>\n<meta property=\"og:locale\" content=\"en_US\" \/>\n<meta property=\"og:type\" content=\"article\" \/>\n<meta property=\"og:title\" content=\"Taurus 1-4 Axial eco (Recta) - DCAR - Bauer Kompressoren &amp; Ingersoll Rand\" \/>\n<meta property=\"og:description\" content=\"The modular principle behind our TAURUS\u00ae series riveting guns facilitates an almost infinite number of possibilities for riveting projects.\" \/>\n<meta property=\"og:url\" content=\"https:\/\/dc-ar.com.br\/en\/store\/gesipa\/pneumatic-pop-riveters\/taurus-1-4-axial-eco-recta\/\" \/>\n<meta property=\"og:site_name\" content=\"DCAR - Bauer Kompressoren &amp; Ingersoll Rand\" \/>\n<meta property=\"article:modified_time\" content=\"2024-08-08T13:00:57+00:00\" \/>\n<meta property=\"og:image\" content=\"https:\/\/dc-ar.com.br\/en\/wp-content\/uploads\/2024\/07\/taurus1-4axial.jpg\" \/>\n\t<meta property=\"og:image:width\" content=\"500\" \/>\n\t<meta property=\"og:image:height\" content=\"500\" \/>\n<meta name=\"twitter:card\" content=\"summary_large_image\" \/>\n<meta name=\"twitter:label1\" content=\"Est. reading time\">\n\t<meta name=\"twitter:data1\" content=\"2 minutes\">\n<script type=\"application\/ld+json\" class=\"yoast-schema-graph\">{\"@context\":\"https:\/\/schema.org\",\"@graph\":[{\"@type\":\"WebSite\",\"@id\":\"https:\/\/dc-ar.com.br\/en\/#website\",\"url\":\"https:\/\/dc-ar.com.br\/en\/\",\"name\":\"DCAR - Bauer Kompressoren &amp; Ingersoll Rand\",\"description\":\"\",\"potentialAction\":[{\"@type\":\"SearchAction\",\"target\":\"https:\/\/dc-ar.com.br\/en\/?s={search_term_string}\",\"query-input\":\"required name=search_term_string\"}],\"inLanguage\":\"en-US\"},{\"@type\":\"ImageObject\",\"@id\":\"https:\/\/dc-ar.com.br\/en\/store\/gesipa\/pneumatic-pop-riveters\/taurus-1-4-axial-eco-recta\/#primaryimage\",\"inLanguage\":\"en-US\",\"url\":\"https:\/\/dc-ar.com.br\/en\/wp-content\/uploads\/2024\/07\/taurus1-4axial.jpg\",\"width\":500,\"height\":500},{\"@type\":\"WebPage\",\"@id\":\"https:\/\/dc-ar.com.br\/en\/store\/gesipa\/pneumatic-pop-riveters\/taurus-1-4-axial-eco-recta\/#webpage\",\"url\":\"https:\/\/dc-ar.com.br\/en\/store\/gesipa\/pneumatic-pop-riveters\/taurus-1-4-axial-eco-recta\/\",\"name\":\"Taurus 1-4 Axial eco (Recta) - DCAR - Bauer Kompressoren &amp; Ingersoll Rand\",\"isPartOf\":{\"@id\":\"https:\/\/dc-ar.com.br\/en\/#website\"},\"primaryImageOfPage\":{\"@id\":\"https:\/\/dc-ar.com.br\/en\/store\/gesipa\/pneumatic-pop-riveters\/taurus-1-4-axial-eco-recta\/#primaryimage\"},\"datePublished\":\"2024-07-30T19:49:52+00:00\",\"dateModified\":\"2024-08-08T13:00:57+00:00\",\"description\":\"The modular principle behind our TAURUS\\u00ae series riveting guns facilitates an almost infinite number of possibilities for riveting projects.\",\"inLanguage\":\"en-US\",\"potentialAction\":[{\"@type\":\"ReadAction\",\"target\":[\"https:\/\/dc-ar.com.br\/en\/store\/gesipa\/pneumatic-pop-riveters\/taurus-1-4-axial-eco-recta\/\"]}]}]}<\/script>\n<!-- \/ Yoast SEO plugin. -->","_links":{"self":[{"href":"https:\/\/dc-ar.com.br\/en\/wp-json\/wp\/v2\/product\/2922"}],"collection":[{"href":"https:\/\/dc-ar.com.br\/en\/wp-json\/wp\/v2\/product"}],"about":[{"href":"https:\/\/dc-ar.com.br\/en\/wp-json\/wp\/v2\/types\/product"}],"wp:featuredmedia":[{"embeddable":true,"href":"https:\/\/dc-ar.com.br\/en\/wp-json\/wp\/v2\/media\/2923"}],"wp:attachment":[{"href":"https:\/\/dc-ar.com.br\/en\/wp-json\/wp\/v2\/media?parent=2922"}],"curies":[{"name":"wp","href":"https:\/\/api.w.org\/{rel}","templated":true}]}}