{"id":2884,"date":"2024-07-30T15:31:10","date_gmt":"2024-07-30T18:31:10","guid":{"rendered":"http:\/\/dc-ar.com.br\/?post_type=product&#038;p=2884"},"modified":"2024-08-08T09:35:45","modified_gmt":"2024-08-08T12:35:45","slug":"ibird-pro","status":"publish","type":"product","link":"https:\/\/dc-ar.com.br\/en\/store\/gesipa\/gesipa-battery-powered-riveters\/ibird-pro\/","title":{"rendered":"iBird Pro"},"content":{"rendered":"<p><strong>GESIPA\u00ae Apps<\/strong><\/p>\n<p><span style=\"font-weight: 400;\">Using a QR code, the iBird\u00ae Pro model can be easily connected to the GESIPA\u00ae app. The app is available for smartphones, tablets, and computers (Android and iOS). The iBird\u00ae Pro riveter can be connected to three end devices at the same time.<\/span><\/p>\n<p><span style=\"font-weight: 400;\">The Andon Ring, a signal ring is available on the iBird\u00ae Pro for visualizing the riveting processes. The color indication can be individually adjusted via the app.<\/span><\/p>\n<p>&nbsp;<\/p>\n<p><strong>DETAILED ADVANTAGES<\/strong><\/p>\n<p><span style=\"font-weight: 400;\">In reality, it is not necessary to specify the advantages of a battery-powered riveter. The absence of cables and hoses increases speed and flexibility in both construction and industrial production applications. And that&#8217;s not to mention that scratches on high-quality surfaces are a thing of the past. With the latest Bird Pro generation, you have at your disposal a series of tools that meet all your speed and power needs.<\/span><\/p>\n<p><span style=\"font-weight: 400;\">The new Bird Pro\u00ae series is equipped with a brushless BLDC motor, and its advantages include a high degree of efficiency, a longer service life, particularly smooth operation with precision balls, and a reduction in the emission of electrical interference.<\/span><\/p>\n<p>&nbsp;<\/p>\n<p><strong>TECHNICAL SPECIFICATIONS<\/strong><\/p>\n<ul>\n<li style=\"font-weight: 400;\" aria-level=\"1\"><span style=\"font-weight: 400;\">Battery capacity: 2.1 Ah Li-Ion<\/span><\/li>\n<li style=\"font-weight: 400;\" aria-level=\"1\"><span style=\"font-weight: 400;\">Voltage: 18 V<\/span><\/li>\n<li style=\"font-weight: 400;\" aria-level=\"1\"><span style=\"font-weight: 400;\">Weight: 2.00 kg<\/span><\/li>\n<li style=\"font-weight: 400;\" aria-level=\"1\"><span style=\"font-weight: 400;\">Field of application: Rivets from \u00d8 4.8 mm steel, up to \u00d8 6.4 mm in all materials, up to \u00d8 8 mm aluminum, except G-Bulb \u00d8 6.4 mm. BULB-TITE\u00ae rivets up to \u00d8 7.7 mm in all materials.<\/span><\/li>\n<li style=\"font-weight: 400;\" aria-level=\"1\"><span style=\"font-weight: 400;\">Field of application aluminum: 8 mm<\/span><\/li>\n<li style=\"font-weight: 400;\" aria-level=\"1\"><span style=\"font-weight: 400;\">Field of application steel: 6.4 mm<\/span><\/li>\n<li style=\"font-weight: 400;\" aria-level=\"1\"><span style=\"font-weight: 400;\">Pulling force: 15000 N<\/span><\/li>\n<li style=\"font-weight: 400;\" aria-level=\"1\"><span style=\"font-weight: 400;\">Tool stroke: 25 mm<\/span><\/li>\n<li style=\"font-weight: 400;\" aria-level=\"1\"><span style=\"font-weight: 400;\">Motor: Direct current motor (BLDC)<\/span><\/li>\n<li style=\"font-weight: 400;\" aria-level=\"1\"><span style=\"font-weight: 400;\">Operating mode: Battery<\/span><\/li>\n<li style=\"font-weight: 400;\" aria-level=\"1\"><span style=\"font-weight: 400;\">Product type: iBird\u00ae Pro<\/span><\/li>\n<\/ul>\n","protected":false},"excerpt":{"rendered":"<p><span style=\"font-weight: 400;\">iBird\u00ae Pro &#8211; The new riveter from the Pro series that can be connected via an app to a smartphone, tablet, or computer! &#8211; &#8220;Industry 4.0&#8221; with the iBird\u00ae Pro model. Industry 4.0, M2M, or also known as the Internet of Things, identifies interconnected intelligent and digital systems in the industrial production industry.\u00a0<\/span><\/p>\n<p><span style=\"font-weight: 400;\">The goal is a self-organized production as much as possible. With this in mind, GESIPA\u00ae has developed the iBird\u00ae Pro model. The iBird\u00ae Pro is a battery-powered riveter that can be operated with a free GESIPA\u00ae app via WiFi or Bluetooth with smartphones, tablets, or the customer&#8217;s own IT infrastructure. The integration offers multiple advantages such as the control of riveting processes, safety in processing, and indications of status and service, as well as quick and easy access to operating, maintenance, and repair instructions. It is ultimately about optimizing the production value chain.<\/span><\/p>\n","protected":false},"featured_media":2887,"template":"","meta":[],"yoast_head":"<!-- This site is optimized with the Yoast SEO plugin v15.6.2 - https:\/\/yoast.com\/wordpress\/plugins\/seo\/ -->\n<title>iBird Pro - DCAR - Bauer Kompressoren &amp; Ingersoll Rand<\/title>\n<meta name=\"description\" content=\"iBird\u00ae Pro - The new riveter from the Pro series that can be connected via an app to a smartphone, tablet, or computer!\" \/>\n<meta name=\"robots\" content=\"index, follow, max-snippet:-1, max-image-preview:large, max-video-preview:-1\" \/>\n<link rel=\"canonical\" href=\"https:\/\/dc-ar.com.br\/en\/store\/gesipa\/gesipa-battery-powered-riveters\/ibird-pro\/\" \/>\n<meta property=\"og:locale\" content=\"en_US\" \/>\n<meta property=\"og:type\" content=\"article\" \/>\n<meta property=\"og:title\" content=\"iBird Pro - DCAR - Bauer Kompressoren &amp; Ingersoll Rand\" \/>\n<meta property=\"og:description\" content=\"iBird\u00ae Pro - The new riveter from the Pro series that can be connected via an app to a smartphone, tablet, or computer!\" \/>\n<meta property=\"og:url\" content=\"https:\/\/dc-ar.com.br\/en\/store\/gesipa\/gesipa-battery-powered-riveters\/ibird-pro\/\" \/>\n<meta property=\"og:site_name\" content=\"DCAR - Bauer Kompressoren &amp; Ingersoll Rand\" \/>\n<meta property=\"article:modified_time\" content=\"2024-08-08T12:35:45+00:00\" \/>\n<meta property=\"og:image\" content=\"https:\/\/dc-ar.com.br\/en\/wp-content\/uploads\/2024\/07\/iBird-Pro.jpg\" \/>\n\t<meta property=\"og:image:width\" content=\"500\" \/>\n\t<meta property=\"og:image:height\" content=\"500\" \/>\n<meta name=\"twitter:card\" content=\"summary_large_image\" \/>\n<meta name=\"twitter:label1\" content=\"Est. reading time\">\n\t<meta name=\"twitter:data1\" content=\"2 minutes\">\n<script type=\"application\/ld+json\" class=\"yoast-schema-graph\">{\"@context\":\"https:\/\/schema.org\",\"@graph\":[{\"@type\":\"WebSite\",\"@id\":\"https:\/\/dc-ar.com.br\/en\/#website\",\"url\":\"https:\/\/dc-ar.com.br\/en\/\",\"name\":\"DCAR - Bauer Kompressoren &amp; Ingersoll Rand\",\"description\":\"\",\"potentialAction\":[{\"@type\":\"SearchAction\",\"target\":\"https:\/\/dc-ar.com.br\/en\/?s={search_term_string}\",\"query-input\":\"required name=search_term_string\"}],\"inLanguage\":\"en-US\"},{\"@type\":\"ImageObject\",\"@id\":\"https:\/\/dc-ar.com.br\/en\/store\/gesipa\/gesipa-battery-powered-riveters\/ibird-pro\/#primaryimage\",\"inLanguage\":\"en-US\",\"url\":\"https:\/\/dc-ar.com.br\/en\/wp-content\/uploads\/2024\/07\/iBird-Pro.jpg\",\"width\":500,\"height\":500},{\"@type\":\"WebPage\",\"@id\":\"https:\/\/dc-ar.com.br\/en\/store\/gesipa\/gesipa-battery-powered-riveters\/ibird-pro\/#webpage\",\"url\":\"https:\/\/dc-ar.com.br\/en\/store\/gesipa\/gesipa-battery-powered-riveters\/ibird-pro\/\",\"name\":\"iBird Pro - DCAR - Bauer Kompressoren &amp; Ingersoll Rand\",\"isPartOf\":{\"@id\":\"https:\/\/dc-ar.com.br\/en\/#website\"},\"primaryImageOfPage\":{\"@id\":\"https:\/\/dc-ar.com.br\/en\/store\/gesipa\/gesipa-battery-powered-riveters\/ibird-pro\/#primaryimage\"},\"datePublished\":\"2024-07-30T18:31:10+00:00\",\"dateModified\":\"2024-08-08T12:35:45+00:00\",\"description\":\"iBird\\u00ae Pro - The new riveter from the Pro series that can be connected via an app to a smartphone, tablet, or computer!\",\"inLanguage\":\"en-US\",\"potentialAction\":[{\"@type\":\"ReadAction\",\"target\":[\"https:\/\/dc-ar.com.br\/en\/store\/gesipa\/gesipa-battery-powered-riveters\/ibird-pro\/\"]}]}]}<\/script>\n<!-- \/ Yoast SEO plugin. -->","_links":{"self":[{"href":"https:\/\/dc-ar.com.br\/en\/wp-json\/wp\/v2\/product\/2884"}],"collection":[{"href":"https:\/\/dc-ar.com.br\/en\/wp-json\/wp\/v2\/product"}],"about":[{"href":"https:\/\/dc-ar.com.br\/en\/wp-json\/wp\/v2\/types\/product"}],"wp:featuredmedia":[{"embeddable":true,"href":"https:\/\/dc-ar.com.br\/en\/wp-json\/wp\/v2\/media\/2887"}],"wp:attachment":[{"href":"https:\/\/dc-ar.com.br\/en\/wp-json\/wp\/v2\/media?parent=2884"}],"curies":[{"name":"wp","href":"https:\/\/api.w.org\/{rel}","templated":true}]}}