{"id":1835,"date":"2020-12-12T16:27:04","date_gmt":"2020-12-12T18:27:04","guid":{"rendered":"http:\/\/dc-ar.com.br\/?post_type=product&#038;p=1835"},"modified":"2024-08-07T18:18:39","modified_gmt":"2024-08-07T21:18:39","slug":"high-pressure-storage-systems","status":"publish","type":"product","link":"https:\/\/dc-ar.com.br\/en\/store\/bauer\/breathing-air-compressor\/accessories\/high-pressure-storage-systems\/","title":{"rendered":"High-Pressure Storage Systems"},"content":{"rendered":"<p>At the same time, a suitable storage module ensures a perfect distribution of compressor run time and also serves as a waterhammer buffer.<\/p>\n<p>The storage systems are available in pressure stages of 330, 365 and 420 bar. Based on 50 or 80 liter storage bottles, these storage systems can be expanded as desired.<\/p>\n<h2>How do I choose the right size storage system to limit on\/off and charge cycles?<\/h2>\n<p><strong>The information below provides the answer to this important question and helps you choose the right storage system for your needs.<\/strong><\/p>\n<p>A properly sized storage system (container) is one of the most important components of the overall system. Its purpose is to reduce pressure fluctuations during large and abrupt air outages and to reduce the frequency of compressor starts by means of adequate storage capacity.<\/p>\n<p>In high-pressure compressors, it should be remembered that compressor end separators and storage vessels are only designed for a certain number of load cycles, i.e. the fewer switching cycles the compressor has, the longer the compressor life of these components.<\/p>\n<p>In order to achieve optimal utilization of the plant and to reach the specified service life of the final separator based on the allowed load cycles, the compressor operation should be regulated in such a way that only a maximum of 4 switching cycles per hour are required.<\/p>\n<p>For your safety, <strong>BAUER<\/strong> industrial compressors are equipped as standard with a cycle counter to record the cycles actually performed.<\/p>\n<p><strong>The size of the storage system depends on:<\/strong><\/p>\n<ul>\n<li>Compressor flow rate (l \/ min).<\/li>\n<li>Air consumption of the corresponding application.<\/li>\n<li>Pressure difference between on and off (hysteresis).<\/li>\n<\/ul>\n<p>Simplified formula for the configuration of a high-pressure storage system based on 4 load cycles \/ hour:<\/p>\n<table>\n<tbody>\n<tr>\n<td><span style=\"font-weight: 400;\">V (l)<\/span><\/td>\n<td><span style=\"font-weight: 400;\">=<\/span><\/td>\n<td><span style=\"font-weight: 400;\">Vk \u00d7 4<\/span><\/p>\n<p><span style=\"font-weight: 400;\">\u2014\u2014\u2014<\/span><\/p>\n<p><span style=\"font-weight: 400;\">\u0394p<\/span><\/td>\n<\/tr>\n<\/tbody>\n<\/table>\n<table>\n<tbody>\n<tr>\n<td><b>VK (L \/ MIN)<\/b><\/td>\n<td><span style=\"font-weight: 400;\">=<\/span><\/td>\n<td><span style=\"font-weight: 400;\">Desempenho do compressor em litros por minuto<\/span><\/td>\n<\/tr>\n<tr>\n<td><b>V (L)<\/b><\/td>\n<td><span style=\"font-weight: 400;\">=<\/span><\/td>\n<td><span style=\"font-weight: 400;\">Volume de armazenamento em litros (volume de \u00e1gua)<\/span><\/td>\n<\/tr>\n<tr>\n<td><b>\u0394 P (BAR)<\/b><\/td>\n<td><span style=\"font-weight: 400;\">=<\/span><\/td>\n<td><span style=\"font-weight: 400;\">Diferen\u00e7a de press\u00e3o liga-desliga (histerese) em bar<\/span><\/td>\n<\/tr>\n<\/tbody>\n<\/table>\n<p>We recommend a pressure switching difference \u0394p of max. 60 bar. Up to this difference, fixed high-pressure storage cylinders are generally approved for continuous operation.<\/p>\n<p>In the case of larger differences, the containers are limited to a number of fillings.<\/p>\n<h2>Scope of Supply<\/h2>\n<p>Standard high-pressure storage module and auxiliary module.<\/p>\n<table>\n<tbody>\n<tr>\n<td><strong>SISTEMA DE ARMAZENAMENTO<\/strong><\/td>\n<td colspan=\"3\"><strong>PRESS\u00c3O NO TRABALHO<\/strong><\/td>\n<td><strong>VOLUME GEOM\u00c9TRICO<\/strong><\/td>\n<td><strong>N\u00daMERO DE CONT\u00caINERES<\/strong><\/td>\n<td><strong>V\u00c1LVULA DE SEGURAN\u00c7A E MAN\u00d4METRO<\/strong><\/td>\n<\/tr>\n<tr>\n<td><\/td>\n<td><span style=\"font-weight: 400;\">330 BAR<\/span><\/td>\n<td><span style=\"font-weight: 400;\">365 BAR<\/span><\/td>\n<td><span style=\"font-weight: 400;\">420 BAR<\/span><\/td>\n<td><span style=\"font-weight: 400;\">LITROS<\/span><\/td>\n<td><\/td>\n<td><\/td>\n<\/tr>\n<tr>\n<td><span style=\"font-weight: 400;\">B50-S<\/span><\/td>\n<td><span style=\"font-weight: 400;\">&#8211;<\/span><\/td>\n<td><span style=\"font-weight: 400;\">x<\/span><\/td>\n<td><span style=\"font-weight: 400;\">x<\/span><\/td>\n<td><span style=\"font-weight: 400;\">cinquenta<\/span><\/td>\n<td><span style=\"font-weight: 400;\">1<\/span><\/td>\n<td><span style=\"font-weight: 400;\">x<\/span><\/td>\n<\/tr>\n<tr>\n<td><span style=\"font-weight: 400;\">B50-A<\/span><\/td>\n<td><span style=\"font-weight: 400;\">&#8211;<\/span><\/td>\n<td><span style=\"font-weight: 400;\">x<\/span><\/td>\n<td><span style=\"font-weight: 400;\">x<\/span><\/td>\n<td><span style=\"font-weight: 400;\">cinquenta<\/span><\/td>\n<td><span style=\"font-weight: 400;\">1<\/span><\/td>\n<td><span style=\"font-weight: 400;\">&#8211;<\/span><\/td>\n<\/tr>\n<tr>\n<td><span style=\"font-weight: 400;\">B80-S<\/span><\/td>\n<td><span style=\"font-weight: 400;\">x<\/span><\/td>\n<td><span style=\"font-weight: 400;\">&#8211;<\/span><\/td>\n<td><span style=\"font-weight: 400;\">&#8211;<\/span><\/td>\n<td><span style=\"font-weight: 400;\">80<\/span><\/td>\n<td><span style=\"font-weight: 400;\">1<\/span><\/td>\n<td><span style=\"font-weight: 400;\">x<\/span><\/td>\n<\/tr>\n<tr>\n<td><span style=\"font-weight: 400;\">B80-A<\/span><\/td>\n<td><span style=\"font-weight: 400;\">x<\/span><\/td>\n<td><span style=\"font-weight: 400;\">&#8211;<\/span><\/td>\n<td><span style=\"font-weight: 400;\">&#8211;<\/span><\/td>\n<td><span style=\"font-weight: 400;\">80<\/span><\/td>\n<td><span style=\"font-weight: 400;\">1<\/span><\/td>\n<td><span style=\"font-weight: 400;\">&#8211;<\/span><\/td>\n<\/tr>\n<tr>\n<td><span style=\"font-weight: 400;\">B100-S<\/span><\/td>\n<td><span style=\"font-weight: 400;\">&#8211;<\/span><\/td>\n<td><span style=\"font-weight: 400;\">x<\/span><\/td>\n<td><span style=\"font-weight: 400;\">x<\/span><\/td>\n<td><span style=\"font-weight: 400;\">2 \u00d7 50<\/span><\/td>\n<td><span style=\"font-weight: 400;\">2<\/span><\/td>\n<td><span style=\"font-weight: 400;\">x<\/span><\/td>\n<\/tr>\n<tr>\n<td><span style=\"font-weight: 400;\">B100-A<\/span><\/td>\n<td><span style=\"font-weight: 400;\">&#8211;<\/span><\/td>\n<td><span style=\"font-weight: 400;\">x<\/span><\/td>\n<td><span style=\"font-weight: 400;\">x<\/span><\/td>\n<td><span style=\"font-weight: 400;\">2 \u00d7 50<\/span><\/td>\n<td><span style=\"font-weight: 400;\">2<\/span><\/td>\n<td><span style=\"font-weight: 400;\">&#8211;<\/span><\/td>\n<\/tr>\n<tr>\n<td><span style=\"font-weight: 400;\">B160-S<\/span><\/td>\n<td><span style=\"font-weight: 400;\">x<\/span><\/td>\n<td><span style=\"font-weight: 400;\">&#8211;<\/span><\/td>\n<td><span style=\"font-weight: 400;\">&#8211;<\/span><\/td>\n<td><span style=\"font-weight: 400;\">2 \u00d7 80<\/span><\/td>\n<td><span style=\"font-weight: 400;\">2<\/span><\/td>\n<td><span style=\"font-weight: 400;\">x<\/span><\/td>\n<\/tr>\n<tr>\n<td><span style=\"font-weight: 400;\">B160-A<\/span><\/td>\n<td><span style=\"font-weight: 400;\">x<\/span><\/td>\n<td><span style=\"font-weight: 400;\">&#8211;<\/span><\/td>\n<td><span style=\"font-weight: 400;\">&#8211;<\/span><\/td>\n<td><span style=\"font-weight: 400;\">2 \u00d7 80<\/span><\/td>\n<td><span style=\"font-weight: 400;\">2<\/span><\/td>\n<td><span style=\"font-weight: 400;\">&#8211;<\/span><\/td>\n<\/tr>\n<\/tbody>\n<\/table>\n<p><span style=\"font-weight: 400;\">High pressure horizontal storage system.<\/span><\/p>\n<table>\n<tbody>\n<tr>\n<td><strong>SISTEMA DE ARMAZENAMENTO<\/strong><\/td>\n<td><strong>N\u00daMERO DE GARRAFAS<\/strong><\/td>\n<td><strong>VOLUME GEOM\u00c9TRICO TOTAL<\/strong><\/td>\n<td><strong>PRESS\u00c3O NO TRABALHO<\/strong><\/td>\n<td colspan=\"3\"><strong>VERS\u00c3O<\/strong><\/td>\n<\/tr>\n<tr>\n<td><\/td>\n<td><\/td>\n<td><span style=\"font-weight: 400;\">LITROS<\/span><\/td>\n<td><span style=\"font-weight: 400;\">BAR<\/span><\/td>\n<td><span style=\"font-weight: 400;\">1 BANCO<\/span><\/td>\n<td><span style=\"font-weight: 400;\">2 BANCOS<\/span><\/td>\n<td><span style=\"font-weight: 400;\">3 BANCOS<\/span><\/td>\n<\/tr>\n<tr>\n<td><span style=\"font-weight: 400;\">B800<\/span><\/td>\n<td><span style=\"font-weight: 400;\">10<\/span><\/td>\n<td><span style=\"font-weight: 400;\">800<\/span><\/td>\n<td><span style=\"font-weight: 400;\">330<\/span><\/td>\n<td><span style=\"font-weight: 400;\">x<\/span><\/td>\n<td><span style=\"font-weight: 400;\">x<\/span><\/td>\n<td><span style=\"font-weight: 400;\">x<\/span><\/td>\n<\/tr>\n<tr>\n<td><span style=\"font-weight: 400;\">B960<\/span><\/td>\n<td><span style=\"font-weight: 400;\">12<\/span><\/td>\n<td><span style=\"font-weight: 400;\">960<\/span><\/td>\n<td><span style=\"font-weight: 400;\">330<\/span><\/td>\n<td><span style=\"font-weight: 400;\">x<\/span><\/td>\n<td><span style=\"font-weight: 400;\">x<\/span><\/td>\n<td><span style=\"font-weight: 400;\">x<\/span><\/td>\n<\/tr>\n<tr>\n<td><span style=\"font-weight: 400;\">B1920<\/span><\/td>\n<td><span style=\"font-weight: 400;\">24<\/span><\/td>\n<td><span style=\"font-weight: 400;\">1920<\/span><\/td>\n<td><span style=\"font-weight: 400;\">330<\/span><\/td>\n<td><span style=\"font-weight: 400;\">x<\/span><\/td>\n<td><span style=\"font-weight: 400;\">x<\/span><\/td>\n<td><span style=\"font-weight: 400;\">x<\/span><\/td>\n<\/tr>\n<tr>\n<td><span style=\"font-weight: 400;\">B2000<\/span><\/td>\n<td><span style=\"font-weight: 400;\">25<\/span><\/td>\n<td><span style=\"font-weight: 400;\">2000<\/span><\/td>\n<td><span style=\"font-weight: 400;\">330<\/span><\/td>\n<td><span style=\"font-weight: 400;\">x<\/span><\/td>\n<td><span style=\"font-weight: 400;\">x<\/span><\/td>\n<td><span style=\"font-weight: 400;\">x<\/span><\/td>\n<\/tr>\n<tr>\n<td><span style=\"font-weight: 400;\">B2400<\/span><\/td>\n<td><span style=\"font-weight: 400;\">30<\/span><\/td>\n<td><span style=\"font-weight: 400;\">2.400<\/span><\/td>\n<td><span style=\"font-weight: 400;\">330<\/span><\/td>\n<td><span style=\"font-weight: 400;\">x<\/span><\/td>\n<td><span style=\"font-weight: 400;\">x<\/span><\/td>\n<td><span style=\"font-weight: 400;\">x<\/span><\/td>\n<\/tr>\n<tr>\n<td><span style=\"font-weight: 400;\">B2800<\/span><\/td>\n<td><span style=\"font-weight: 400;\">35<\/span><\/td>\n<td><span style=\"font-weight: 400;\">2800<\/span><\/td>\n<td><span style=\"font-weight: 400;\">330<\/span><\/td>\n<td><span style=\"font-weight: 400;\">x<\/span><\/td>\n<td><span style=\"font-weight: 400;\">x<\/span><\/td>\n<td><span style=\"font-weight: 400;\">x<\/span><\/td>\n<\/tr>\n<tr>\n<td><span style=\"font-weight: 400;\">B3360<\/span><\/td>\n<td><span style=\"font-weight: 400;\">42<\/span><\/td>\n<td><span style=\"font-weight: 400;\">3360<\/span><\/td>\n<td><span style=\"font-weight: 400;\">330<\/span><\/td>\n<td><span style=\"font-weight: 400;\">x<\/span><\/td>\n<td><span style=\"font-weight: 400;\">x<\/span><\/td>\n<td><span style=\"font-weight: 400;\">x<\/span><\/td>\n<\/tr>\n<\/tbody>\n<\/table>\n<h2>Filling and Safety<\/h2>\n<p>Fill your breathing air cylinders safely with breathing air compressed in your BAUER compressor: with an external BAUER filling panel or with the excellent safety filling system B-SAFE 300 that will protect against debris flying in if a bottle explodes.<\/p>\n","protected":false},"excerpt":{"rendered":"<ul>\n<li><strong>Modular system design:<\/strong> the ideal complement to the compression system.<\/li>\n<li><strong>Storage systems for various pressure stages:<\/strong> designed for 330, 365 and 420 bar.<\/li>\n<\/ul>\n<p>&nbsp;<\/p>\n<p>Modular high-pressure storage systems from BAUER KOMPRESSOREN are the ideal supplement to a compression system.<\/p>\n<p>Thanks to these powerful storage systems, large volumes of air and gas are available at short notice, as well as a constant flow rate.<\/p>\n","protected":false},"featured_media":1837,"template":"","meta":[],"yoast_head":"<!-- This site is optimized with the Yoast SEO plugin v15.6.2 - https:\/\/yoast.com\/wordpress\/plugins\/seo\/ -->\n<title>High-Pressure Storage Systems - DCAR - Bauer Kompressoren &amp; Ingersoll Rand<\/title>\n<meta name=\"description\" content=\"Modular high-pressure storage systems from BAUER KOMPRESSOREN are the ideal supplement to a compression system.\" \/>\n<meta name=\"robots\" content=\"index, follow, max-snippet:-1, max-image-preview:large, max-video-preview:-1\" \/>\n<link rel=\"canonical\" href=\"https:\/\/dc-ar.com.br\/en\/store\/bauer\/breathing-air-compressor\/accessories\/high-pressure-storage-systems\/\" \/>\n<meta property=\"og:locale\" content=\"en_US\" \/>\n<meta property=\"og:type\" content=\"article\" \/>\n<meta property=\"og:title\" content=\"High-Pressure Storage Systems - DCAR - Bauer Kompressoren &amp; Ingersoll Rand\" \/>\n<meta property=\"og:description\" content=\"Modular high-pressure storage systems from BAUER KOMPRESSOREN are the ideal supplement to a compression system.\" \/>\n<meta property=\"og:url\" content=\"https:\/\/dc-ar.com.br\/en\/store\/bauer\/breathing-air-compressor\/accessories\/high-pressure-storage-systems\/\" \/>\n<meta property=\"og:site_name\" content=\"DCAR - Bauer Kompressoren &amp; Ingersoll Rand\" \/>\n<meta property=\"article:modified_time\" content=\"2024-08-07T21:18:39+00:00\" \/>\n<meta property=\"og:image\" content=\"https:\/\/dc-ar.com.br\/en\/wp-content\/uploads\/2020\/12\/Almacenamiento-de-aire1.jpg\" \/>\n\t<meta property=\"og:image:width\" content=\"738\" \/>\n\t<meta property=\"og:image:height\" content=\"600\" \/>\n<meta name=\"twitter:card\" content=\"summary_large_image\" \/>\n<meta name=\"twitter:label1\" content=\"Est. reading time\">\n\t<meta name=\"twitter:data1\" content=\"3 minutes\">\n<script type=\"application\/ld+json\" class=\"yoast-schema-graph\">{\"@context\":\"https:\/\/schema.org\",\"@graph\":[{\"@type\":\"WebSite\",\"@id\":\"https:\/\/dc-ar.com.br\/en\/#website\",\"url\":\"https:\/\/dc-ar.com.br\/en\/\",\"name\":\"DCAR - Bauer Kompressoren &amp; Ingersoll Rand\",\"description\":\"\",\"potentialAction\":[{\"@type\":\"SearchAction\",\"target\":\"https:\/\/dc-ar.com.br\/en\/?s={search_term_string}\",\"query-input\":\"required name=search_term_string\"}],\"inLanguage\":\"en-US\"},{\"@type\":\"ImageObject\",\"@id\":\"https:\/\/dc-ar.com.br\/en\/store\/bauer\/breathing-air-compressor\/accessories\/high-pressure-storage-systems\/#primaryimage\",\"inLanguage\":\"en-US\",\"url\":\"https:\/\/dc-ar.com.br\/en\/wp-content\/uploads\/2020\/12\/Almacenamiento-de-aire1.jpg\",\"width\":738,\"height\":600},{\"@type\":\"WebPage\",\"@id\":\"https:\/\/dc-ar.com.br\/en\/store\/bauer\/breathing-air-compressor\/accessories\/high-pressure-storage-systems\/#webpage\",\"url\":\"https:\/\/dc-ar.com.br\/en\/store\/bauer\/breathing-air-compressor\/accessories\/high-pressure-storage-systems\/\",\"name\":\"High-Pressure Storage Systems - DCAR - Bauer Kompressoren &amp; Ingersoll Rand\",\"isPartOf\":{\"@id\":\"https:\/\/dc-ar.com.br\/en\/#website\"},\"primaryImageOfPage\":{\"@id\":\"https:\/\/dc-ar.com.br\/en\/store\/bauer\/breathing-air-compressor\/accessories\/high-pressure-storage-systems\/#primaryimage\"},\"datePublished\":\"2020-12-12T18:27:04+00:00\",\"dateModified\":\"2024-08-07T21:18:39+00:00\",\"description\":\"Modular high-pressure storage systems from BAUER KOMPRESSOREN are the ideal supplement to a compression system.\",\"inLanguage\":\"en-US\",\"potentialAction\":[{\"@type\":\"ReadAction\",\"target\":[\"https:\/\/dc-ar.com.br\/en\/store\/bauer\/breathing-air-compressor\/accessories\/high-pressure-storage-systems\/\"]}]}]}<\/script>\n<!-- \/ Yoast SEO plugin. -->","_links":{"self":[{"href":"https:\/\/dc-ar.com.br\/en\/wp-json\/wp\/v2\/product\/1835"}],"collection":[{"href":"https:\/\/dc-ar.com.br\/en\/wp-json\/wp\/v2\/product"}],"about":[{"href":"https:\/\/dc-ar.com.br\/en\/wp-json\/wp\/v2\/types\/product"}],"wp:featuredmedia":[{"embeddable":true,"href":"https:\/\/dc-ar.com.br\/en\/wp-json\/wp\/v2\/media\/1837"}],"wp:attachment":[{"href":"https:\/\/dc-ar.com.br\/en\/wp-json\/wp\/v2\/media?parent=1835"}],"curies":[{"name":"wp","href":"https:\/\/api.w.org\/{rel}","templated":true}]}}