{"id":2999,"date":"2024-07-31T15:23:07","date_gmt":"2024-07-31T18:23:07","guid":{"rendered":"http:\/\/dc-ar.com.br\/es\/store\/sin%20categor\u00eda\/import-placeholder-for-2918\/"},"modified":"2024-07-31T19:31:20","modified_gmt":"2024-07-31T22:31:20","slug":"taurus-1-2-speed-rivet","status":"publish","type":"product","link":"http:\/\/dc-ar.com.br\/es\/store\/gesipa\/remachadoras-pop-neumaticas\/taurus-1-2-speed-rivet\/","title":{"rendered":"Taurus 1-2 Speed Rivet"},"content":{"rendered":"<p><strong>VENTAJAS EN DETALLE<br \/>\n<\/strong><\/p>\n<p><strong>TAURUS\u00ae 2 Speed Rivet\u00a0<\/strong><\/p>\n<ul>\n<li style=\"font-weight: 400;\" aria-level=\"1\"><span style=\"font-weight: 400;\">\u00a1La remachadora neum\u00e1tico-hidr\u00e1ulica para tiempos de ciclo m\u00e1s cortos!\u00a0<\/span><\/li>\n<li style=\"font-weight: 400;\" aria-level=\"1\"><span style=\"font-weight: 400;\">Campo de aplicaci\u00f3n: La remachadora es apta para aplicar remaches de varilla est\u00e1ndar de 2,4 \u2013 6 mm, de todos los materiales.\u00a0\u00a0<\/span><\/li>\n<\/ul>\n<p><strong><br \/>\nDatos t\u00e9cnicos:\u00a0<\/strong><\/p>\n<ul>\n<li style=\"font-weight: 400;\" aria-level=\"1\"><span style=\"font-weight: 400;\">Fuerza de tracci\u00f3n: 6.500 N a 6 bares,\u00a0<\/span><\/li>\n<li style=\"font-weight: 400;\" aria-level=\"1\"><span style=\"font-weight: 400;\">Carrera del aparato: 30 mm, \u2013 Presi\u00f3n de servicio: 5-7 bares,\u00a0<\/span><\/li>\n<li style=\"font-weight: 400;\" aria-level=\"1\"><span style=\"font-weight: 400;\">Conexi\u00f3n de tubo: 6 mm \u00d8 (1\/4\u2019\u2019),\u00a0<\/span><\/li>\n<li style=\"font-weight: 400;\" aria-level=\"1\"><span style=\"font-weight: 400;\">Peso: 2,0 kg\u00a0<\/span><\/li>\n<li style=\"font-weight: 400;\" aria-level=\"1\"><span style=\"font-weight: 400;\">Equipamiento: Anillo de suspensi\u00f3n en el cabezal, Base de goma\u00a0<\/span><\/li>\n<\/ul>\n<p><strong><br \/>\nVentajas:\u00a0<\/strong><\/p>\n<ul>\n<li style=\"font-weight: 400;\" aria-level=\"1\"><span style=\"font-weight: 400;\">Gran potencia de tracci\u00f3n, tiempos de ciclo cortos\u00a0<\/span><\/li>\n<li style=\"font-weight: 400;\" aria-level=\"1\"><span style=\"font-weight: 400;\">Trabajo seguro\u00a0<\/span><\/li>\n<li style=\"font-weight: 400;\" aria-level=\"1\"><span style=\"font-weight: 400;\">Manejo ergon\u00f3mico para una actividad sin esfuerzo\u00a0<\/span><\/li>\n<li style=\"font-weight: 400;\" aria-level=\"1\"><span style=\"font-weight: 400;\">Construcci\u00f3n ligera y compacta\u00a0<\/span><\/li>\n<li style=\"font-weight: 400;\" aria-level=\"1\"><span style=\"font-weight: 400;\">Estructura modular sobre base TAURUS\u00ae \u2013 Reequipamiento sin herramientas de la boquilla flor y el resorte.<\/span><\/li>\n<\/ul>\n<p><strong><br \/>\nESPECIFICACIONES T\u00c9CNICAS<\/strong><\/p>\n<ul>\n<li style=\"font-weight: 400;\" aria-level=\"1\"><span style=\"font-weight: 400;\">Peso: 2,00 kg<\/span><\/li>\n<li style=\"font-weight: 400;\" aria-level=\"1\"><span style=\"font-weight: 400;\">Campo de aplicaci\u00f3n: Remaches de varilla desde 2.4 hasta 6.4 mm \u00d8 en todos los materiales<\/span><\/li>\n<li style=\"font-weight: 400;\" aria-level=\"1\"><span style=\"font-weight: 400;\">Campo de aplicaci\u00f3n alu: 6 mm<\/span><\/li>\n<li style=\"font-weight: 400;\" aria-level=\"1\"><span style=\"font-weight: 400;\">Campo de aplicaci\u00f3n acero: 6 mm<\/span><\/li>\n<li style=\"font-weight: 400;\" aria-level=\"1\"><span style=\"font-weight: 400;\">Conexi\u00f3n de aire: 6 mm<\/span><\/li>\n<li style=\"font-weight: 400;\" aria-level=\"1\"><span style=\"font-weight: 400;\">Fuerza de tracci\u00f3n: 6500 N<\/span><\/li>\n<li style=\"font-weight: 400;\" aria-level=\"1\"><span style=\"font-weight: 400;\">Carrera del aparato: 30 mm<\/span><\/li>\n<li style=\"font-weight: 400;\" aria-level=\"1\"><span style=\"font-weight: 400;\">Modo operativo: Neum\u00e1tica<\/span><\/li>\n<li style=\"font-weight: 400;\" aria-level=\"1\"><span style=\"font-weight: 400;\">Tipo de producto: TAURUS\u00ae<\/span><\/li>\n<li style=\"font-weight: 400;\" aria-level=\"1\"><span style=\"font-weight: 400;\">Presi\u00f3n operativa (min): 5 bar<\/span><\/li>\n<li style=\"font-weight: 400;\" aria-level=\"1\"><span style=\"font-weight: 400;\">Presi\u00f3n operativa (max): 7 bar<\/span><\/li>\n<\/ul>\n","protected":false},"excerpt":{"rendered":"<p><span style=\"font-weight: 400;\">El principio modular subyacente en nuestras pistolas de remachado serie TAURUS\u00ae facilita un n\u00famero casi infinito de posibilidades para proyectos de remachado. Con un consumo de aire comprimido excepcionalmente bajo, la serie TAURUS\u00ae resulta muy ergon\u00f3mica y f\u00e1cil de usar, lo que garantiza que el trabajo se lleve a cabo con rapidez y potencia.<\/span><\/p>\n<p><span style=\"font-weight: 400;\">\u00bfTrabaja en proyectos extremadamente complejos que requieren soluciones especiales? Estaremos encantados de aconsejarle sobre las opciones de personalizaci\u00f3n de las diversas variantes TAURUS\u00ae para su aplicaci\u00f3n espec\u00edfica.<\/span><\/p>\n<p><span style=\"font-weight: 400;\">Nuestro equipo t\u00e9cnico de ventas siempre est\u00e1 disponible para ofrecerle asesoramiento personalizado, resolver las dudas que pueda tener y facilitarle informaci\u00f3n sobre precios.<\/span><\/p>\n","protected":false},"featured_media":3027,"template":"","meta":[],"yoast_head":"<!-- This site is optimized with the Yoast SEO plugin v15.6.2 - https:\/\/yoast.com\/wordpress\/plugins\/seo\/ -->\n<title>Taurus 1-2 Speed Rivet - DCAR - Bauer Kompressoren &amp; Ingersoll Rand<\/title>\n<meta name=\"description\" content=\"Con un consumo de aire comprimido excepcionalmente bajo, la serie TAURUS\u00ae es muy ergon\u00f3mica y f\u00e1cil de usar.\" \/>\n<meta name=\"robots\" content=\"index, follow, max-snippet:-1, max-image-preview:large, max-video-preview:-1\" \/>\n<link rel=\"canonical\" href=\"https:\/\/dc-ar.com.br\/es\/store\/gesipa\/remachadoras-pop-neumaticas\/taurus-1-2-speed-rivet\/\" \/>\n<meta property=\"og:locale\" content=\"es_ES\" \/>\n<meta property=\"og:type\" content=\"article\" \/>\n<meta property=\"og:title\" content=\"Taurus 1-2 Speed Rivet - DCAR - Bauer Kompressoren &amp; Ingersoll Rand\" \/>\n<meta property=\"og:description\" content=\"Con un consumo de aire comprimido excepcionalmente bajo, la serie TAURUS\u00ae es muy ergon\u00f3mica y f\u00e1cil de usar.\" \/>\n<meta property=\"og:url\" content=\"https:\/\/dc-ar.com.br\/es\/store\/gesipa\/remachadoras-pop-neumaticas\/taurus-1-2-speed-rivet\/\" \/>\n<meta property=\"og:site_name\" content=\"DCAR - Bauer Kompressoren &amp; Ingersoll Rand\" \/>\n<meta property=\"article:modified_time\" content=\"2024-07-31T22:31:20+00:00\" \/>\n<meta property=\"og:image\" content=\"http:\/\/dc-ar.com.br\/es\/wp-content\/uploads\/2024\/07\/taurus1-2-1.jpg\" \/>\n\t<meta property=\"og:image:width\" content=\"500\" \/>\n\t<meta property=\"og:image:height\" content=\"500\" \/>\n<meta name=\"twitter:card\" content=\"summary_large_image\" \/>\n<meta name=\"twitter:label1\" content=\"Tiempo de lectura\">\n\t<meta name=\"twitter:data1\" content=\"1 minuto\">\n<script type=\"application\/ld+json\" class=\"yoast-schema-graph\">{\"@context\":\"https:\/\/schema.org\",\"@graph\":[{\"@type\":\"WebSite\",\"@id\":\"https:\/\/dc-ar.com.br\/es\/#website\",\"url\":\"https:\/\/dc-ar.com.br\/es\/\",\"name\":\"DCAR - Bauer Kompressoren &amp; Ingersoll Rand\",\"description\":\"\",\"potentialAction\":[{\"@type\":\"SearchAction\",\"target\":\"https:\/\/dc-ar.com.br\/es\/?s={search_term_string}\",\"query-input\":\"required name=search_term_string\"}],\"inLanguage\":\"es\"},{\"@type\":\"ImageObject\",\"@id\":\"https:\/\/dc-ar.com.br\/es\/store\/gesipa\/remachadoras-pop-neumaticas\/taurus-1-2-speed-rivet\/#primaryimage\",\"inLanguage\":\"es\",\"url\":\"http:\/\/dc-ar.com.br\/es\/wp-content\/uploads\/2024\/07\/taurus1-2-1.jpg\",\"width\":500,\"height\":500},{\"@type\":\"WebPage\",\"@id\":\"https:\/\/dc-ar.com.br\/es\/store\/gesipa\/remachadoras-pop-neumaticas\/taurus-1-2-speed-rivet\/#webpage\",\"url\":\"https:\/\/dc-ar.com.br\/es\/store\/gesipa\/remachadoras-pop-neumaticas\/taurus-1-2-speed-rivet\/\",\"name\":\"Taurus 1-2 Speed Rivet - DCAR - Bauer Kompressoren &amp; Ingersoll Rand\",\"isPartOf\":{\"@id\":\"https:\/\/dc-ar.com.br\/es\/#website\"},\"primaryImageOfPage\":{\"@id\":\"https:\/\/dc-ar.com.br\/es\/store\/gesipa\/remachadoras-pop-neumaticas\/taurus-1-2-speed-rivet\/#primaryimage\"},\"datePublished\":\"2024-07-31T18:23:07+00:00\",\"dateModified\":\"2024-07-31T22:31:20+00:00\",\"description\":\"Con un consumo de aire comprimido excepcionalmente bajo, la serie TAURUS\\u00ae es muy ergon\\u00f3mica y f\\u00e1cil de usar.\",\"inLanguage\":\"es\",\"potentialAction\":[{\"@type\":\"ReadAction\",\"target\":[\"https:\/\/dc-ar.com.br\/es\/store\/gesipa\/remachadoras-pop-neumaticas\/taurus-1-2-speed-rivet\/\"]}]}]}<\/script>\n<!-- \/ Yoast SEO plugin. -->","_links":{"self":[{"href":"http:\/\/dc-ar.com.br\/es\/wp-json\/wp\/v2\/product\/2999"}],"collection":[{"href":"http:\/\/dc-ar.com.br\/es\/wp-json\/wp\/v2\/product"}],"about":[{"href":"http:\/\/dc-ar.com.br\/es\/wp-json\/wp\/v2\/types\/product"}],"wp:featuredmedia":[{"embeddable":true,"href":"http:\/\/dc-ar.com.br\/es\/wp-json\/wp\/v2\/media\/3027"}],"wp:attachment":[{"href":"http:\/\/dc-ar.com.br\/es\/wp-json\/wp\/v2\/media?parent=2999"}],"curies":[{"name":"wp","href":"https:\/\/api.w.org\/{rel}","templated":true}]}}