{"id":2994,"date":"2024-07-31T15:23:01","date_gmt":"2024-07-31T18:23:01","guid":{"rendered":"http:\/\/dc-ar.com.br\/es\/store\/sin%20categor\u00eda\/import-placeholder-for-2884\/"},"modified":"2024-07-31T20:06:02","modified_gmt":"2024-07-31T23:06:02","slug":"ibird-pro","status":"publish","type":"product","link":"http:\/\/dc-ar.com.br\/es\/store\/gesipa\/remachadoras-a-bateria\/ibird-pro\/","title":{"rendered":"iBird Pro"},"content":{"rendered":"<p><strong>Las App de GESIPA\u00ae <\/strong><\/p>\n<p><span style=\"font-weight: 400;\">Mediante un c\u00f3digo QR, el modelo iBird\u00ae Pro puede conectarse f\u00e1cilmente con la App de GESIPA\u00ae. La App est\u00e1 disponible para tel\u00e9fonos inteligentes, tabletas y ordenadores (Android e iOS). La remachadora iBird\u00ae Pro puede conectarse a la vez con tres dispositivos finales. El anillo Andon En la iBird\u00ae Pro est\u00e1 disponible un anillo de se\u00f1alizaci\u00f3n para la visualizaci\u00f3n de los procesos de remachado. La indicaci\u00f3n crom\u00e1tica puede regularse individualmente por medio de la App.<\/span><\/p>\n<p><strong><br \/>\nVENTAJAS EN DETALLE<\/strong><\/p>\n<p><span style=\"font-weight: 400;\">En realidad, no es necesario que especifiquemos las ventajas de una remachadora a bater\u00eda. La ausencia de cables y mangueras incrementa la rapidez y la flexibilidad en las aplicaciones tanto de obra como de producci\u00f3n industrial. Y eso sin mencionar que las rayaduras en superficies de gran calidad son cosa del pasado. Con la generaci\u00f3n Bird Pro m\u00e1s moderna, tiene a su disposici\u00f3n una serie de herramientas que satisfacen todas sus necesidades de velocidad y potencia.<\/span><\/p>\n<p><span style=\"font-weight: 400;\">La nueva serie Bird Pro\u00ae est\u00e1 equipada con un motor BLDC sin escobillas y de sus ventajas podemos mencionar, entre otras, un alto grado de eficiencia, una vida \u00fatil m\u00e1s prolongada, una marcha especialmente tranquila con bolas de precisi\u00f3n y una reducci\u00f3n en la emisi\u00f3n de interferencias el\u00e9ctricas.<\/span><\/p>\n<p><strong><br \/>\nESPECIFICACIONES T\u00c9CNICAS<\/strong><\/p>\n<ul>\n<li style=\"font-weight: 400;\" aria-level=\"1\"><span style=\"font-weight: 400;\">Capacidad de la bater\u00eda: 2,1 Ah Li-Ion<\/span><\/li>\n<li style=\"font-weight: 400;\" aria-level=\"1\"><span style=\"font-weight: 400;\">Tensi\u00f3n: 18 V<\/span><\/li>\n<li style=\"font-weight: 400;\" aria-level=\"1\"><span style=\"font-weight: 400;\">Peso: 2,00 kg<\/span><\/li>\n<li style=\"font-weight: 400;\" aria-level=\"1\"><span style=\"font-weight: 400;\">Campo de aplicaci\u00f3n:<\/span> <span style=\"font-weight: 400;\">Remaches desde \u00d8 4.8 mm acero, hasta \u00d8 6.4 mm en todos los materiales, hasta \u00d8 8 mm aluminio, excepto G-Bulb \u00d8 6.4 mm. Remaches BULB-TITE\u00ae hasta \u00d8 7.7 mm en todos los materiales.\u00a0<\/span><\/li>\n<li style=\"font-weight: 400;\" aria-level=\"1\"><span style=\"font-weight: 400;\">Campo de aplicaci\u00f3n aluminio: 8 mm<\/span><\/li>\n<li style=\"font-weight: 400;\" aria-level=\"1\"><span style=\"font-weight: 400;\">Campo de aplicaci\u00f3n acero: 6,4 mm<\/span><\/li>\n<li style=\"font-weight: 400;\" aria-level=\"1\"><span style=\"font-weight: 400;\">Fuerza de tracci\u00f3n: 15000 N<\/span><\/li>\n<li style=\"font-weight: 400;\" aria-level=\"1\"><span style=\"font-weight: 400;\">Carrera del aparato: 25 mm<\/span><\/li>\n<li style=\"font-weight: 400;\" aria-level=\"1\"><span style=\"font-weight: 400;\">Motor:<\/span> <span style=\"font-weight: 400;\">Motor de corriente continua (BLDC)<\/span><\/li>\n<li style=\"font-weight: 400;\" aria-level=\"1\"><span style=\"font-weight: 400;\">Modo operativo: Bater\u00eda<\/span><\/li>\n<li style=\"font-weight: 400;\" aria-level=\"1\"><span style=\"font-weight: 400;\">Tipo de producto: iBird\u00ae Pro<\/span><\/li>\n<\/ul>\n","protected":false},"excerpt":{"rendered":"<p><span style=\"font-weight: 400;\">\u00a1iBird\u00ae Pro \u2013 ! La nueva remachadora de la serie Pro que puede conectarse mediante una App a un tel\u00e9fono inteligente, tableta u ordenador! \u2013 \u201eIndustrie 4.0\u201c con el modelo iBird\u00ae Pro Industrie 4.0, M2M o tambi\u00e9n conocido como Internet of Things identifica sistemas interconectados inteligentes y digitales de la industria de producci\u00f3n industrial. <\/span><\/p>\n<p><span style=\"font-weight: 400;\">El objetivo es una producci\u00f3n auto organizada en lo posible. Con tal fin, GESIPA\u00ae ha desarrollado el modelo iBird\u00ae Pro. El iBird\u00ae Pro es una remachadora de bater\u00eda que puede funcionar con una App disponible gratuitamente de GESIPA\u00ae mediante WiFi o Bluetooth con tel\u00e9fonos inteligentes, tabletas o la infraestructura de IT del propio cliente. La integraci\u00f3n ofrece m\u00faltiples ventajas como el control de procesos de remachado, la seguridad en el procesamiento y las indicaciones sobre estado y servicio, as\u00ed como un acceso \u00e1gil y sencillo a instrucciones operativas, de mantenimiento y reparaci\u00f3n. Se trata en definitiva de la optimizaci\u00f3n de la cadena de valor productivo. <\/span><\/p>\n","protected":false},"featured_media":3019,"template":"","meta":[],"yoast_head":"<!-- This site is optimized with the Yoast SEO plugin v15.6.2 - https:\/\/yoast.com\/wordpress\/plugins\/seo\/ -->\n<title>iBird Pro - DCAR - Bauer Kompressoren &amp; Ingersoll Rand<\/title>\n<meta name=\"description\" content=\"\u00a1iBird\u00ae Pro \u2013 ! La nueva remachadora de la serie Pro que puede conectarse mediante una App a un tel\u00e9fono inteligente, tableta u ordenador!\" \/>\n<meta name=\"robots\" content=\"index, follow, max-snippet:-1, max-image-preview:large, max-video-preview:-1\" \/>\n<link rel=\"canonical\" href=\"http:\/\/dc-ar.com.br\/es\/store\/gesipa\/remachadoras-a-bateria\/ibird-pro\/\" \/>\n<meta property=\"og:locale\" content=\"es_ES\" \/>\n<meta property=\"og:type\" content=\"article\" \/>\n<meta property=\"og:title\" content=\"iBird Pro - DCAR - Bauer Kompressoren &amp; Ingersoll Rand\" \/>\n<meta property=\"og:description\" content=\"\u00a1iBird\u00ae Pro \u2013 ! La nueva remachadora de la serie Pro que puede conectarse mediante una App a un tel\u00e9fono inteligente, tableta u ordenador!\" \/>\n<meta property=\"og:url\" content=\"http:\/\/dc-ar.com.br\/es\/store\/gesipa\/remachadoras-a-bateria\/ibird-pro\/\" \/>\n<meta property=\"og:site_name\" content=\"DCAR - Bauer Kompressoren &amp; Ingersoll Rand\" \/>\n<meta property=\"article:modified_time\" content=\"2024-07-31T23:06:02+00:00\" \/>\n<meta property=\"og:image\" content=\"http:\/\/dc-ar.com.br\/es\/wp-content\/uploads\/2024\/07\/iBird-Pro-1.jpg\" \/>\n\t<meta property=\"og:image:width\" content=\"500\" \/>\n\t<meta property=\"og:image:height\" content=\"500\" \/>\n<meta name=\"twitter:card\" content=\"summary_large_image\" \/>\n<meta name=\"twitter:label1\" content=\"Tiempo de lectura\">\n\t<meta name=\"twitter:data1\" content=\"2 minutos\">\n<script type=\"application\/ld+json\" class=\"yoast-schema-graph\">{\"@context\":\"https:\/\/schema.org\",\"@graph\":[{\"@type\":\"WebSite\",\"@id\":\"http:\/\/dc-ar.com.br\/es\/#website\",\"url\":\"http:\/\/dc-ar.com.br\/es\/\",\"name\":\"DCAR - Bauer Kompressoren &amp; Ingersoll Rand\",\"description\":\"\",\"potentialAction\":[{\"@type\":\"SearchAction\",\"target\":\"http:\/\/dc-ar.com.br\/es\/?s={search_term_string}\",\"query-input\":\"required name=search_term_string\"}],\"inLanguage\":\"es\"},{\"@type\":\"ImageObject\",\"@id\":\"http:\/\/dc-ar.com.br\/es\/store\/gesipa\/remachadoras-a-bateria\/ibird-pro\/#primaryimage\",\"inLanguage\":\"es\",\"url\":\"http:\/\/dc-ar.com.br\/es\/wp-content\/uploads\/2024\/07\/iBird-Pro-1.jpg\",\"width\":500,\"height\":500},{\"@type\":\"WebPage\",\"@id\":\"http:\/\/dc-ar.com.br\/es\/store\/gesipa\/remachadoras-a-bateria\/ibird-pro\/#webpage\",\"url\":\"http:\/\/dc-ar.com.br\/es\/store\/gesipa\/remachadoras-a-bateria\/ibird-pro\/\",\"name\":\"iBird Pro - DCAR - Bauer Kompressoren &amp; Ingersoll Rand\",\"isPartOf\":{\"@id\":\"http:\/\/dc-ar.com.br\/es\/#website\"},\"primaryImageOfPage\":{\"@id\":\"http:\/\/dc-ar.com.br\/es\/store\/gesipa\/remachadoras-a-bateria\/ibird-pro\/#primaryimage\"},\"datePublished\":\"2024-07-31T18:23:01+00:00\",\"dateModified\":\"2024-07-31T23:06:02+00:00\",\"description\":\"\\u00a1iBird\\u00ae Pro \\u2013 ! La nueva remachadora de la serie Pro que puede conectarse mediante una App a un tel\\u00e9fono inteligente, tableta u ordenador!\",\"inLanguage\":\"es\",\"potentialAction\":[{\"@type\":\"ReadAction\",\"target\":[\"http:\/\/dc-ar.com.br\/es\/store\/gesipa\/remachadoras-a-bateria\/ibird-pro\/\"]}]}]}<\/script>\n<!-- \/ Yoast SEO plugin. -->","_links":{"self":[{"href":"http:\/\/dc-ar.com.br\/es\/wp-json\/wp\/v2\/product\/2994"}],"collection":[{"href":"http:\/\/dc-ar.com.br\/es\/wp-json\/wp\/v2\/product"}],"about":[{"href":"http:\/\/dc-ar.com.br\/es\/wp-json\/wp\/v2\/types\/product"}],"wp:featuredmedia":[{"embeddable":true,"href":"http:\/\/dc-ar.com.br\/es\/wp-json\/wp\/v2\/media\/3019"}],"wp:attachment":[{"href":"http:\/\/dc-ar.com.br\/es\/wp-json\/wp\/v2\/media?parent=2994"}],"curies":[{"name":"wp","href":"https:\/\/api.w.org\/{rel}","templated":true}]}}