{"id":2993,"date":"2024-07-31T15:23:00","date_gmt":"2024-07-31T18:23:00","guid":{"rendered":"http:\/\/dc-ar.com.br\/es\/store\/sin%20categor\u00eda\/import-placeholder-for-2878\/"},"modified":"2024-07-31T20:11:41","modified_gmt":"2024-07-31T23:11:41","slug":"firebird-gold-pro","status":"publish","type":"product","link":"http:\/\/dc-ar.com.br\/es\/store\/gesipa\/remachadoras-a-bateria\/firebird-gold-pro\/","title":{"rendered":"FireBird Gold Pro"},"content":{"rendered":"<p><strong>VENTAJAS EN DETALLE<\/strong><\/p>\n<p><span style=\"font-weight: 400;\">En realidad, no es necesario que especifiquemos las ventajas de una remachadora a bater\u00eda. La ausencia de cables y mangueras incrementa la rapidez y la flexibilidad en las aplicaciones tanto de obra como de producci\u00f3n industrial. Y eso sin mencionar que las rayaduras en superficies de gran calidad son cosa del pasado. Con la generaci\u00f3n Bird Pro m\u00e1s moderna, tiene a su disposici\u00f3n una serie de herramientas que satisfacen todas sus necesidades de velocidad y potencia.<\/span><\/p>\n<p><span style=\"font-weight: 400;\">La nueva serie Bird Pro\u00ae est\u00e1 equipada con un motor BLDC sin escobillas y de sus ventajas podemos mencionar, entre otras, un alto grado de eficiencia, una vida \u00fatil m\u00e1s prolongada, una marcha especialmente tranquila con bolas de precisi\u00f3n y una reducci\u00f3n en la emisi\u00f3n de interferencias el\u00e9ctricas.<\/span><\/p>\n<p><strong><br \/>\nESPECIFICACIONES T\u00c9CNICAS<\/strong><\/p>\n<ul>\n<li style=\"font-weight: 400;\" aria-level=\"1\"><span style=\"font-weight: 400;\">Capacidad de la bater\u00eda: 2,1 Ah Li-Ion<\/span><\/li>\n<li style=\"font-weight: 400;\" aria-level=\"1\"><span style=\"font-weight: 400;\">Tensi\u00f3n:18 V<\/span><\/li>\n<li style=\"font-weight: 400;\" aria-level=\"1\"><span style=\"font-weight: 400;\">Peso: 2,30 kg<\/span><\/li>\n<li style=\"font-weight: 400;\" aria-level=\"1\"><span style=\"font-weight: 400;\">Campo de aplicaci\u00f3n:<\/span> <span style=\"font-weight: 400;\">Tuercas remachables hasta M12 acero y M10 acero inoxidable<\/span><\/li>\n<li style=\"font-weight: 400;\" aria-level=\"1\"><span style=\"font-weight: 400;\">Campo de aplicaci\u00f3n alu: M12<\/span><\/li>\n<li style=\"font-weight: 400;\" aria-level=\"1\"><span style=\"font-weight: 400;\">Campo de aplicaci\u00f3n acero: M12<\/span><\/li>\n<li style=\"font-weight: 400;\" aria-level=\"1\"><span style=\"font-weight: 400;\">Fuerza de tracci\u00f3n: 20000 N<\/span><\/li>\n<li style=\"font-weight: 400;\" aria-level=\"1\"><span style=\"font-weight: 400;\">Carrera: 10 mm<\/span><\/li>\n<li style=\"font-weight: 400;\" aria-level=\"1\"><span style=\"font-weight: 400;\">Motor<\/span> <span style=\"font-weight: 400;\">Motor de corriente continua (BLDC)<\/span><\/li>\n<li style=\"font-weight: 400;\" aria-level=\"1\"><span style=\"font-weight: 400;\">Modo operativo: Bater\u00eda<\/span><\/li>\n<li style=\"font-weight: 400;\" aria-level=\"1\"><span style=\"font-weight: 400;\">Tipo de producto: FireBird\u00ae Pro<\/span><\/li>\n<\/ul>\n","protected":false},"excerpt":{"rendered":"<p><span style=\"font-weight: 400;\">Con las remachadoras para tuercas remachables a bater\u00eda, ya nos son necesarios enchufes, cables ni mangueras de aire comprimido. Las tuercas se colocan y retiran en un proceso totalmente autom\u00e1tico. La nueva serie FireBird\u00ae Pro resulta incluso m\u00e1s conveniente, ya que permite ajustar f\u00e1cilmente la fuerza de asentamiento que hay que aplicar en cada caso.<\/span><\/p>\n<p><span style=\"font-weight: 400;\">El remachado se ha convertido en\u2026 \u00a1remachado!<\/span><\/p>\n<p><span style=\"font-weight: 400;\">Las remachadoras a bater\u00eda Pro de GESIPA\u00ae est\u00e1n equipadas con un motor BLDC duradero y extremadamente eficaz (sin escobillas) y disponen de la funci\u00f3n DeepSleep de ahorro de energ\u00eda. La herramienta estar\u00e1 preparada para su uso tan pronto como se reactive.<\/span><\/p>\n<p><span style=\"font-weight: 400;\">FIREBIRD PRO GOLD CON 2 BATERIAS Y CARGADOR.<\/span><\/p>\n","protected":false},"featured_media":3018,"template":"","meta":[],"yoast_head":"<!-- This site is optimized with the Yoast SEO plugin v15.6.2 - https:\/\/yoast.com\/wordpress\/plugins\/seo\/ -->\n<title>FireBird Gold Pro - DCAR - Bauer Kompressoren &amp; Ingersoll Rand<\/title>\n<meta name=\"description\" content=\"Con las remachadoras para tuercas remachables a bater\u00eda, ya nos son necesarios enchufes, cables ni mangueras de aire comprimido.\" \/>\n<meta name=\"robots\" content=\"index, follow, max-snippet:-1, max-image-preview:large, max-video-preview:-1\" \/>\n<link rel=\"canonical\" href=\"http:\/\/dc-ar.com.br\/es\/store\/gesipa\/remachadoras-a-bateria\/firebird-gold-pro\/\" \/>\n<meta property=\"og:locale\" content=\"es_ES\" \/>\n<meta property=\"og:type\" content=\"article\" \/>\n<meta property=\"og:title\" content=\"FireBird Gold Pro - DCAR - Bauer Kompressoren &amp; Ingersoll Rand\" \/>\n<meta property=\"og:description\" content=\"Con las remachadoras para tuercas remachables a bater\u00eda, ya nos son necesarios enchufes, cables ni mangueras de aire comprimido.\" \/>\n<meta property=\"og:url\" content=\"http:\/\/dc-ar.com.br\/es\/store\/gesipa\/remachadoras-a-bateria\/firebird-gold-pro\/\" \/>\n<meta property=\"og:site_name\" content=\"DCAR - Bauer Kompressoren &amp; Ingersoll Rand\" \/>\n<meta property=\"article:modified_time\" content=\"2024-07-31T23:11:41+00:00\" \/>\n<meta property=\"og:image\" content=\"http:\/\/dc-ar.com.br\/es\/wp-content\/uploads\/2024\/07\/FireBird-Gold-Pro-1.jpg\" \/>\n\t<meta property=\"og:image:width\" content=\"500\" \/>\n\t<meta property=\"og:image:height\" content=\"500\" \/>\n<meta name=\"twitter:card\" content=\"summary_large_image\" \/>\n<meta name=\"twitter:label1\" content=\"Tiempo de lectura\">\n\t<meta name=\"twitter:data1\" content=\"1 minuto\">\n<script type=\"application\/ld+json\" class=\"yoast-schema-graph\">{\"@context\":\"https:\/\/schema.org\",\"@graph\":[{\"@type\":\"WebSite\",\"@id\":\"https:\/\/dc-ar.com.br\/es\/#website\",\"url\":\"https:\/\/dc-ar.com.br\/es\/\",\"name\":\"DCAR - Bauer Kompressoren &amp; Ingersoll Rand\",\"description\":\"\",\"potentialAction\":[{\"@type\":\"SearchAction\",\"target\":\"https:\/\/dc-ar.com.br\/es\/?s={search_term_string}\",\"query-input\":\"required name=search_term_string\"}],\"inLanguage\":\"es\"},{\"@type\":\"ImageObject\",\"@id\":\"http:\/\/dc-ar.com.br\/es\/store\/gesipa\/remachadoras-a-bateria\/firebird-gold-pro\/#primaryimage\",\"inLanguage\":\"es\",\"url\":\"http:\/\/dc-ar.com.br\/es\/wp-content\/uploads\/2024\/07\/FireBird-Gold-Pro-1.jpg\",\"width\":500,\"height\":500},{\"@type\":\"WebPage\",\"@id\":\"http:\/\/dc-ar.com.br\/es\/store\/gesipa\/remachadoras-a-bateria\/firebird-gold-pro\/#webpage\",\"url\":\"http:\/\/dc-ar.com.br\/es\/store\/gesipa\/remachadoras-a-bateria\/firebird-gold-pro\/\",\"name\":\"FireBird Gold Pro - DCAR - Bauer Kompressoren &amp; Ingersoll Rand\",\"isPartOf\":{\"@id\":\"https:\/\/dc-ar.com.br\/es\/#website\"},\"primaryImageOfPage\":{\"@id\":\"http:\/\/dc-ar.com.br\/es\/store\/gesipa\/remachadoras-a-bateria\/firebird-gold-pro\/#primaryimage\"},\"datePublished\":\"2024-07-31T18:23:00+00:00\",\"dateModified\":\"2024-07-31T23:11:41+00:00\",\"description\":\"Con las remachadoras para tuercas remachables a bater\\u00eda, ya nos son necesarios enchufes, cables ni mangueras de aire comprimido.\",\"inLanguage\":\"es\",\"potentialAction\":[{\"@type\":\"ReadAction\",\"target\":[\"http:\/\/dc-ar.com.br\/es\/store\/gesipa\/remachadoras-a-bateria\/firebird-gold-pro\/\"]}]}]}<\/script>\n<!-- \/ Yoast SEO plugin. -->","_links":{"self":[{"href":"http:\/\/dc-ar.com.br\/es\/wp-json\/wp\/v2\/product\/2993"}],"collection":[{"href":"http:\/\/dc-ar.com.br\/es\/wp-json\/wp\/v2\/product"}],"about":[{"href":"http:\/\/dc-ar.com.br\/es\/wp-json\/wp\/v2\/types\/product"}],"wp:featuredmedia":[{"embeddable":true,"href":"http:\/\/dc-ar.com.br\/es\/wp-json\/wp\/v2\/media\/3018"}],"wp:attachment":[{"href":"http:\/\/dc-ar.com.br\/es\/wp-json\/wp\/v2\/media?parent=2993"}],"curies":[{"name":"wp","href":"https:\/\/api.w.org\/{rel}","templated":true}]}}