{"id":2096,"date":"2020-12-19T20:46:58","date_gmt":"2020-12-19T22:46:58","guid":{"rendered":"http:\/\/dc-ar.com.br\/es\/?post_type=product&#038;p=2096"},"modified":"2021-08-28T14:46:20","modified_gmt":"2021-08-28T17:46:20","slug":"multiplicadores-de-par-a-bateria","status":"publish","type":"product","link":"http:\/\/dc-ar.com.br\/es\/store\/ingersoll-rand\/torqueadoras-electricas-con-control-de-torque\/multiplicadores-de-par-a-bateria\/","title":{"rendered":"Multiplicadores de par a bater\u00eda"},"content":{"rendered":"<h2>Caracter\u00edsticas<\/h2>\n<ul>\n<li style=\"font-weight: 400;\">El transductor de bucle cerrado ofrece una precisi\u00f3n de par de +\/- 5%.<\/li>\n<li style=\"font-weight: 400;\">Los engranajes Norbar\u00ae integrados ofrecen una calidad y precisi\u00f3n de primera clase.<\/li>\n<li style=\"font-weight: 400;\">El motor sin escobillas ofrece la m\u00e1xima durabilidad.<\/li>\n<li style=\"font-weight: 400;\">El m\u00f3dulo de visualizaci\u00f3n multifuncional con alerta de estado del ciclo y alarma sonora proporciona informaci\u00f3n instant\u00e1nea y una f\u00e1cil configuraci\u00f3n.<\/li>\n<li style=\"font-weight: 400;\">Posibilidad de elegir un brazo de reacci\u00f3n est\u00e1ndar o personalizado.<\/li>\n<li style=\"font-weight: 400;\">Comunicaci\u00f3n inal\u00e1mbrica opcional para el control de procesos con E\/S y recogida de datos (conexi\u00f3n USB est\u00e1ndar).<\/li>\n<\/ul>\n<p>&nbsp;<\/p>\n<p>El software ICS de Ingersoll Rand ofrece a los operadores la posibilidad de acceder y programar estrategias de apriete b\u00e1sicas, as\u00ed como opciones m\u00e1s avanzadas para satisfacer las aplicaciones de atornillado m\u00e1s exigentes.<\/p>\n<p>&nbsp;<\/p>\n<p><img loading=\"lazy\" width=\"574\" height=\"400\" class=\"size-full wp-image-2102\" style=\"max-width: 100%; width: auto;\" src=\"http:\/\/dc-ar.com.br\/es\/wp-content\/uploads\/2020\/12\/Multiplicador-de-torque5.jpg\" alt=\"\" srcset=\"http:\/\/dc-ar.com.br\/es\/wp-content\/uploads\/2020\/12\/Multiplicador-de-torque5.jpg 574w, http:\/\/dc-ar.com.br\/es\/wp-content\/uploads\/2020\/12\/Multiplicador-de-torque5-300x209.jpg 300w, http:\/\/dc-ar.com.br\/es\/wp-content\/uploads\/2020\/12\/Multiplicador-de-torque5-285x199.jpg 285w, http:\/\/dc-ar.com.br\/es\/wp-content\/uploads\/2020\/12\/Multiplicador-de-torque5-150x105.jpg 150w\" sizes=\"(max-width: 574px) 100vw, 574px\" \/><\/p>\n<p>&nbsp;<\/p>\n<h2>Accesorios<\/h2>\n<p><img loading=\"lazy\" width=\"596\" height=\"358\" class=\"size-full wp-image-2103\" style=\"max-width: 100%; width: auto;\" src=\"http:\/\/dc-ar.com.br\/es\/wp-content\/uploads\/2020\/12\/Multiplicador-de-torque6.jpg\" alt=\"\" srcset=\"http:\/\/dc-ar.com.br\/es\/wp-content\/uploads\/2020\/12\/Multiplicador-de-torque6.jpg 596w, http:\/\/dc-ar.com.br\/es\/wp-content\/uploads\/2020\/12\/Multiplicador-de-torque6-300x180.jpg 300w, http:\/\/dc-ar.com.br\/es\/wp-content\/uploads\/2020\/12\/Multiplicador-de-torque6-285x171.jpg 285w, http:\/\/dc-ar.com.br\/es\/wp-content\/uploads\/2020\/12\/Multiplicador-de-torque6-150x90.jpg 150w\" sizes=\"(max-width: 596px) 100vw, 596px\" \/><\/p>\n","protected":false},"excerpt":{"rendered":"<p>El innovador multiplicador de par angular inal\u00e1mbrico de la serie QX reducir\u00e1 el tiempo y el coste del atornillado, garantizando una precisi\u00f3n repetible en todas las juntas de par cr\u00edticas.<\/p>\n<p>Dise\u00f1ado con engranajes Norbar\u2122 de primera calidad y un transductor de bucle cerrado eficiente y probado, el multiplicador de par es de primera clase en calidad y control y contiene ajustes programables que maximizan su productividad.<\/p>\n","protected":false},"featured_media":2098,"template":"","meta":[],"yoast_head":"<!-- This site is optimized with the Yoast SEO plugin v15.6.2 - https:\/\/yoast.com\/wordpress\/plugins\/seo\/ -->\n<title>Multiplicadores de par a bater\u00eda - DCAR - Bauer Kompressoren &amp; Ingersoll Rand<\/title>\n<meta name=\"description\" content=\"El innovador multiplicador de par angular inal\u00e1mbrico de la serie QX reducir\u00e1 el tiempo y el coste del atornillado, garantizando una precisi\u00f3n repetible en todas las juntas de par cr\u00edticas.\" \/>\n<meta name=\"robots\" content=\"index, follow, max-snippet:-1, max-image-preview:large, max-video-preview:-1\" \/>\n<link rel=\"canonical\" href=\"https:\/\/dc-ar.com.br\/es\/store\/ingersoll-rand\/torqueadoras-electricas-con-control-de-torque\/multiplicadores-de-par-a-bateria\/\" \/>\n<meta property=\"og:locale\" content=\"es_ES\" \/>\n<meta property=\"og:type\" content=\"article\" \/>\n<meta property=\"og:title\" content=\"Multiplicadores de par a bater\u00eda - DCAR - Bauer Kompressoren &amp; Ingersoll Rand\" \/>\n<meta property=\"og:description\" content=\"El innovador multiplicador de par angular inal\u00e1mbrico de la serie QX reducir\u00e1 el tiempo y el coste del atornillado, garantizando una precisi\u00f3n repetible en todas las juntas de par cr\u00edticas.\" \/>\n<meta property=\"og:url\" content=\"https:\/\/dc-ar.com.br\/es\/store\/ingersoll-rand\/torqueadoras-electricas-con-control-de-torque\/multiplicadores-de-par-a-bateria\/\" \/>\n<meta property=\"og:site_name\" content=\"DCAR - Bauer Kompressoren &amp; Ingersoll Rand\" \/>\n<meta property=\"article:modified_time\" content=\"2021-08-28T17:46:20+00:00\" \/>\n<meta property=\"og:image\" content=\"http:\/\/dc-ar.com.br\/es\/wp-content\/uploads\/2020\/12\/Multiplicador-de-torque1.jpg\" \/>\n\t<meta property=\"og:image:width\" content=\"500\" \/>\n\t<meta property=\"og:image:height\" content=\"500\" \/>\n<meta name=\"twitter:card\" content=\"summary_large_image\" \/>\n<meta name=\"twitter:label1\" content=\"Tiempo de lectura\">\n\t<meta name=\"twitter:data1\" content=\"1 minuto\">\n<script type=\"application\/ld+json\" class=\"yoast-schema-graph\">{\"@context\":\"https:\/\/schema.org\",\"@graph\":[{\"@type\":\"WebSite\",\"@id\":\"https:\/\/dc-ar.com.br\/es\/#website\",\"url\":\"https:\/\/dc-ar.com.br\/es\/\",\"name\":\"DCAR - Bauer Kompressoren &amp; Ingersoll Rand\",\"description\":\"\",\"potentialAction\":[{\"@type\":\"SearchAction\",\"target\":\"https:\/\/dc-ar.com.br\/es\/?s={search_term_string}\",\"query-input\":\"required name=search_term_string\"}],\"inLanguage\":\"es\"},{\"@type\":\"ImageObject\",\"@id\":\"https:\/\/dc-ar.com.br\/es\/store\/ingersoll-rand\/torqueadoras-electricas-con-control-de-torque\/multiplicadores-de-par-a-bateria\/#primaryimage\",\"inLanguage\":\"es\",\"url\":\"http:\/\/dc-ar.com.br\/es\/wp-content\/uploads\/2020\/12\/Multiplicador-de-torque1.jpg\",\"width\":500,\"height\":500},{\"@type\":\"WebPage\",\"@id\":\"https:\/\/dc-ar.com.br\/es\/store\/ingersoll-rand\/torqueadoras-electricas-con-control-de-torque\/multiplicadores-de-par-a-bateria\/#webpage\",\"url\":\"https:\/\/dc-ar.com.br\/es\/store\/ingersoll-rand\/torqueadoras-electricas-con-control-de-torque\/multiplicadores-de-par-a-bateria\/\",\"name\":\"Multiplicadores de par a bater\\u00eda - DCAR - Bauer Kompressoren &amp; Ingersoll Rand\",\"isPartOf\":{\"@id\":\"https:\/\/dc-ar.com.br\/es\/#website\"},\"primaryImageOfPage\":{\"@id\":\"https:\/\/dc-ar.com.br\/es\/store\/ingersoll-rand\/torqueadoras-electricas-con-control-de-torque\/multiplicadores-de-par-a-bateria\/#primaryimage\"},\"datePublished\":\"2020-12-19T22:46:58+00:00\",\"dateModified\":\"2021-08-28T17:46:20+00:00\",\"description\":\"El innovador multiplicador de par angular inal\\u00e1mbrico de la serie QX reducir\\u00e1 el tiempo y el coste del atornillado, garantizando una precisi\\u00f3n repetible en todas las juntas de par cr\\u00edticas.\",\"inLanguage\":\"es\",\"potentialAction\":[{\"@type\":\"ReadAction\",\"target\":[\"https:\/\/dc-ar.com.br\/es\/store\/ingersoll-rand\/torqueadoras-electricas-con-control-de-torque\/multiplicadores-de-par-a-bateria\/\"]}]}]}<\/script>\n<!-- \/ Yoast SEO plugin. -->","_links":{"self":[{"href":"http:\/\/dc-ar.com.br\/es\/wp-json\/wp\/v2\/product\/2096"}],"collection":[{"href":"http:\/\/dc-ar.com.br\/es\/wp-json\/wp\/v2\/product"}],"about":[{"href":"http:\/\/dc-ar.com.br\/es\/wp-json\/wp\/v2\/types\/product"}],"wp:featuredmedia":[{"embeddable":true,"href":"http:\/\/dc-ar.com.br\/es\/wp-json\/wp\/v2\/media\/2098"}],"wp:attachment":[{"href":"http:\/\/dc-ar.com.br\/es\/wp-json\/wp\/v2\/media?parent=2096"}],"curies":[{"name":"wp","href":"https:\/\/api.w.org\/{rel}","templated":true}]}}