{"id":2080,"date":"2020-12-19T20:25:51","date_gmt":"2020-12-19T22:25:51","guid":{"rendered":"http:\/\/dc-ar.com.br\/es\/?post_type=product&#038;p=2080"},"modified":"2021-08-28T14:34:55","modified_gmt":"2021-08-28T17:34:55","slug":"herramientas-de-sujecion-con-cable-de-la-serie-qe","status":"publish","type":"product","link":"http:\/\/dc-ar.com.br\/es\/store\/ingersoll-rand\/torqueadoras-electricas-con-control-de-torque\/herramientas-de-sujecion-con-cable-de-la-serie-qe\/","title":{"rendered":"Herramientas de sujeci\u00f3n con cable de la serie QE"},"content":{"rendered":"<h2>Caracter\u00edsticas<\/h2>\n<p><img loading=\"lazy\" width=\"800\" height=\"380\" class=\"size-full wp-image-2084\" style=\"max-width: 100%; width: auto;\" src=\"http:\/\/dc-ar.com.br\/es\/wp-content\/uploads\/2020\/12\/DC-Tool-recta4.jpg\" alt=\"\" srcset=\"http:\/\/dc-ar.com.br\/es\/wp-content\/uploads\/2020\/12\/DC-Tool-recta4.jpg 800w, http:\/\/dc-ar.com.br\/es\/wp-content\/uploads\/2020\/12\/DC-Tool-recta4-300x143.jpg 300w, http:\/\/dc-ar.com.br\/es\/wp-content\/uploads\/2020\/12\/DC-Tool-recta4-768x365.jpg 768w, http:\/\/dc-ar.com.br\/es\/wp-content\/uploads\/2020\/12\/DC-Tool-recta4-285x135.jpg 285w, http:\/\/dc-ar.com.br\/es\/wp-content\/uploads\/2020\/12\/DC-Tool-recta4-660x314.jpg 660w, http:\/\/dc-ar.com.br\/es\/wp-content\/uploads\/2020\/12\/DC-Tool-recta4-150x71.jpg 150w\" sizes=\"(max-width: 800px) 100vw, 800px\" \/><\/p>\n<p>&nbsp;<\/p>\n<h2>Accesorios<\/h2>\n<p><img loading=\"lazy\" width=\"670\" height=\"400\" class=\"size-full wp-image-2085\" style=\"max-width: 100%; width: auto;\" src=\"http:\/\/dc-ar.com.br\/es\/wp-content\/uploads\/2020\/12\/DC-Tool-recta5.jpg\" alt=\"\" srcset=\"http:\/\/dc-ar.com.br\/es\/wp-content\/uploads\/2020\/12\/DC-Tool-recta5.jpg 670w, http:\/\/dc-ar.com.br\/es\/wp-content\/uploads\/2020\/12\/DC-Tool-recta5-300x179.jpg 300w, http:\/\/dc-ar.com.br\/es\/wp-content\/uploads\/2020\/12\/DC-Tool-recta5-285x170.jpg 285w, http:\/\/dc-ar.com.br\/es\/wp-content\/uploads\/2020\/12\/DC-Tool-recta5-660x394.jpg 660w, http:\/\/dc-ar.com.br\/es\/wp-content\/uploads\/2020\/12\/DC-Tool-recta5-150x90.jpg 150w\" sizes=\"(max-width: 670px) 100vw, 670px\" \/><\/p>\n<p>&nbsp;<\/p>\n<h2>Mango de la herramienta DC<\/h2>\n<p><img loading=\"lazy\" width=\"800\" height=\"312\" class=\"size-full wp-image-2086\" style=\"max-width: 100%; width: auto;\" src=\"http:\/\/dc-ar.com.br\/es\/wp-content\/uploads\/2020\/12\/DC-Tool-recta6.jpg\" alt=\"\" srcset=\"http:\/\/dc-ar.com.br\/es\/wp-content\/uploads\/2020\/12\/DC-Tool-recta6.jpg 800w, http:\/\/dc-ar.com.br\/es\/wp-content\/uploads\/2020\/12\/DC-Tool-recta6-300x117.jpg 300w, http:\/\/dc-ar.com.br\/es\/wp-content\/uploads\/2020\/12\/DC-Tool-recta6-768x300.jpg 768w, http:\/\/dc-ar.com.br\/es\/wp-content\/uploads\/2020\/12\/DC-Tool-recta6-285x111.jpg 285w, http:\/\/dc-ar.com.br\/es\/wp-content\/uploads\/2020\/12\/DC-Tool-recta6-660x257.jpg 660w, http:\/\/dc-ar.com.br\/es\/wp-content\/uploads\/2020\/12\/DC-Tool-recta6-150x59.jpg 150w\" sizes=\"(max-width: 800px) 100vw, 800px\" \/><\/p>\n","protected":false},"excerpt":{"rendered":"<p>Compactas, ligeras y de alta velocidad, las herramientas de sujeci\u00f3n de la serie QE ofrecen una precisi\u00f3n y durabilidad superiores para satisfacer sus necesidades de sujeci\u00f3n. Se pueden montar f\u00e1cilmente en un brazo de conexi\u00f3n o de reacci\u00f3n y tienen un rango de par de 0,3 Nm a 400 Nm.<\/p>\n<p>Pueden serlo:<\/p>\n<ul>\n<li>L\u00edneas rectas<\/li>\n<li>Tipo de arma<\/li>\n<li>Angular<\/li>\n<\/ul>\n","protected":false},"featured_media":2081,"template":"","meta":[],"yoast_head":"<!-- This site is optimized with the Yoast SEO plugin v15.6.2 - https:\/\/yoast.com\/wordpress\/plugins\/seo\/ -->\n<title>Herramientas de sujeci\u00f3n con cable de la serie QE - DCAR - Bauer Kompressoren &amp; Ingersoll Rand<\/title>\n<meta name=\"description\" content=\"Compactas, ligeras y de alta velocidad, las herramientas de sujeci\u00f3n de la serie QE ofrecen una precisi\u00f3n y durabilidad superiores para satisfacer sus necesidades de sujeci\u00f3n.\" \/>\n<meta name=\"robots\" content=\"index, follow, max-snippet:-1, max-image-preview:large, max-video-preview:-1\" \/>\n<link rel=\"canonical\" href=\"http:\/\/dc-ar.com.br\/es\/store\/ingersoll-rand\/torqueadoras-electricas-con-control-de-torque\/herramientas-de-sujecion-con-cable-de-la-serie-qe\/\" \/>\n<meta property=\"og:locale\" content=\"es_ES\" \/>\n<meta property=\"og:type\" content=\"article\" \/>\n<meta property=\"og:title\" content=\"Herramientas de sujeci\u00f3n con cable de la serie QE - DCAR - Bauer Kompressoren &amp; Ingersoll Rand\" \/>\n<meta property=\"og:description\" content=\"Compactas, ligeras y de alta velocidad, las herramientas de sujeci\u00f3n de la serie QE ofrecen una precisi\u00f3n y durabilidad superiores para satisfacer sus necesidades de sujeci\u00f3n.\" \/>\n<meta property=\"og:url\" content=\"http:\/\/dc-ar.com.br\/es\/store\/ingersoll-rand\/torqueadoras-electricas-con-control-de-torque\/herramientas-de-sujecion-con-cable-de-la-serie-qe\/\" \/>\n<meta property=\"og:site_name\" content=\"DCAR - Bauer Kompressoren &amp; Ingersoll Rand\" \/>\n<meta property=\"article:modified_time\" content=\"2021-08-28T17:34:55+00:00\" \/>\n<meta property=\"og:image\" content=\"http:\/\/dc-ar.com.br\/es\/wp-content\/uploads\/2020\/12\/DC-Tool-recta1.jpg\" \/>\n\t<meta property=\"og:image:width\" content=\"500\" \/>\n\t<meta property=\"og:image:height\" content=\"500\" \/>\n<meta name=\"twitter:card\" content=\"summary_large_image\" \/>\n<script type=\"application\/ld+json\" class=\"yoast-schema-graph\">{\"@context\":\"https:\/\/schema.org\",\"@graph\":[{\"@type\":\"WebSite\",\"@id\":\"http:\/\/dc-ar.com.br\/es\/#website\",\"url\":\"http:\/\/dc-ar.com.br\/es\/\",\"name\":\"DCAR - Bauer Kompressoren &amp; Ingersoll Rand\",\"description\":\"\",\"potentialAction\":[{\"@type\":\"SearchAction\",\"target\":\"http:\/\/dc-ar.com.br\/es\/?s={search_term_string}\",\"query-input\":\"required name=search_term_string\"}],\"inLanguage\":\"es\"},{\"@type\":\"ImageObject\",\"@id\":\"http:\/\/dc-ar.com.br\/es\/store\/ingersoll-rand\/torqueadoras-electricas-con-control-de-torque\/herramientas-de-sujecion-con-cable-de-la-serie-qe\/#primaryimage\",\"inLanguage\":\"es\",\"url\":\"http:\/\/dc-ar.com.br\/es\/wp-content\/uploads\/2020\/12\/DC-Tool-recta1.jpg\",\"width\":500,\"height\":500},{\"@type\":\"WebPage\",\"@id\":\"http:\/\/dc-ar.com.br\/es\/store\/ingersoll-rand\/torqueadoras-electricas-con-control-de-torque\/herramientas-de-sujecion-con-cable-de-la-serie-qe\/#webpage\",\"url\":\"http:\/\/dc-ar.com.br\/es\/store\/ingersoll-rand\/torqueadoras-electricas-con-control-de-torque\/herramientas-de-sujecion-con-cable-de-la-serie-qe\/\",\"name\":\"Herramientas de sujeci\\u00f3n con cable de la serie QE - DCAR - Bauer Kompressoren &amp; Ingersoll Rand\",\"isPartOf\":{\"@id\":\"http:\/\/dc-ar.com.br\/es\/#website\"},\"primaryImageOfPage\":{\"@id\":\"http:\/\/dc-ar.com.br\/es\/store\/ingersoll-rand\/torqueadoras-electricas-con-control-de-torque\/herramientas-de-sujecion-con-cable-de-la-serie-qe\/#primaryimage\"},\"datePublished\":\"2020-12-19T22:25:51+00:00\",\"dateModified\":\"2021-08-28T17:34:55+00:00\",\"description\":\"Compactas, ligeras y de alta velocidad, las herramientas de sujeci\\u00f3n de la serie QE ofrecen una precisi\\u00f3n y durabilidad superiores para satisfacer sus necesidades de sujeci\\u00f3n.\",\"inLanguage\":\"es\",\"potentialAction\":[{\"@type\":\"ReadAction\",\"target\":[\"http:\/\/dc-ar.com.br\/es\/store\/ingersoll-rand\/torqueadoras-electricas-con-control-de-torque\/herramientas-de-sujecion-con-cable-de-la-serie-qe\/\"]}]}]}<\/script>\n<!-- \/ Yoast SEO plugin. -->","_links":{"self":[{"href":"http:\/\/dc-ar.com.br\/es\/wp-json\/wp\/v2\/product\/2080"}],"collection":[{"href":"http:\/\/dc-ar.com.br\/es\/wp-json\/wp\/v2\/product"}],"about":[{"href":"http:\/\/dc-ar.com.br\/es\/wp-json\/wp\/v2\/types\/product"}],"wp:featuredmedia":[{"embeddable":true,"href":"http:\/\/dc-ar.com.br\/es\/wp-json\/wp\/v2\/media\/2081"}],"wp:attachment":[{"href":"http:\/\/dc-ar.com.br\/es\/wp-json\/wp\/v2\/media?parent=2080"}],"curies":[{"name":"wp","href":"https:\/\/api.w.org\/{rel}","templated":true}]}}