{"id":2071,"date":"2020-12-19T20:03:05","date_gmt":"2020-12-19T22:03:05","guid":{"rendered":"http:\/\/dc-ar.com.br\/es\/?post_type=product&#038;p=2071"},"modified":"2021-08-28T14:21:39","modified_gmt":"2021-08-28T17:21:39","slug":"equipo-de-calibracion-y-comprobacion-del-par-de-apriete","status":"publish","type":"product","link":"http:\/\/dc-ar.com.br\/es\/store\/ingersoll-rand\/torqueadoras-electricas-con-control-de-torque\/equipo-de-calibracion-y-comprobacion-del-par-de-apriete\/","title":{"rendered":"Equipo de calibraci\u00f3n y comprobaci\u00f3n del par de apriete"},"content":{"rendered":"<p>Los comprobadores y analizadores de par, as\u00ed como los simuladores y transductores de juntas, proporcionan resultados r\u00e1pidos y precisos para todo el conjunto de herramientas. Para los usuarios que no tienen la capacidad interna de calibrar sus propias herramientas, ofrecemos servicios de calibraci\u00f3n para todas las marcas de herramientas de fijaci\u00f3n de precisi\u00f3n.<\/p>\n<h2>Probadores de par de la serie EXTT<\/h2>\n<p>Los comprobadores de par de la serie EXTT ofrecen una forma r\u00e1pida y sencilla de configurar y calibrar las herramientas de apriete de precisi\u00f3n port\u00e1tiles de bajo par, incluidos los destornilladores el\u00e9ctricos y neum\u00e1ticos, las llaves de tuerca y las herramientas de empuje. Como unidad de sobremesa que funciona con pilas, el EXTT puede montarse en un laboratorio de calibraci\u00f3n o en una caja de herramientas, o colocarse en un carro m\u00f3vil y transportarse al lugar de trabajo. Hay cuatro modelos que ofrecen una cobertura de par de 0,1 a 30 Nm.<\/p>\n<p><strong>Caracter\u00edsticas:<\/strong><\/p>\n<ul>\n<li style=\"font-weight: 400;\">Transductor integrado con adaptador de viaje<\/li>\n<li style=\"font-weight: 400;\">Pantalla LCD grande y f\u00e1cil de leer<\/li>\n<li style=\"font-weight: 400;\">Men\u00fas basados en iconos de f\u00e1cil navegaci\u00f3n<\/li>\n<li style=\"font-weight: 400;\">Compatible con toda la gama de herramientas de precisi\u00f3n manuales, el\u00e9ctricas y neum\u00e1ticas<\/li>\n<li style=\"font-weight: 400;\">Descarga r\u00e1pida de los resultados al PC o a la impresora<\/li>\n<li style=\"font-weight: 400;\">Controla el par, el \u00e1ngulo, el tiempo y el n\u00famero de impulsos<\/li>\n<li style=\"font-weight: 400;\">Unidades de par seleccionables, frecuencias de filtrado, idioma y ajustes de ahorro de energ\u00eda<\/li>\n<li style=\"font-weight: 400;\">Almacenamiento autom\u00e1tico de lecturas con fecha y hora<\/li>\n<li style=\"font-weight: 400;\">Potencia universal<\/li>\n<li style=\"font-weight: 400;\">Capacidad de generar estad\u00edsticas completas (Cp, Cpk, Pp, Ppk, CMK, CAM, rango, media, desviaci\u00f3n est\u00e1ndar)<\/li>\n<\/ul>\n<p>&nbsp;<\/p>\n<p><img loading=\"lazy\" width=\"800\" height=\"158\" class=\"size-full wp-image-2077\" style=\"max-width: 100%; width: auto;\" src=\"http:\/\/dc-ar.com.br\/es\/wp-content\/uploads\/2020\/12\/EXTT5.jpg\" alt=\"\" srcset=\"http:\/\/dc-ar.com.br\/es\/wp-content\/uploads\/2020\/12\/EXTT5.jpg 800w, http:\/\/dc-ar.com.br\/es\/wp-content\/uploads\/2020\/12\/EXTT5-300x59.jpg 300w, http:\/\/dc-ar.com.br\/es\/wp-content\/uploads\/2020\/12\/EXTT5-768x152.jpg 768w, http:\/\/dc-ar.com.br\/es\/wp-content\/uploads\/2020\/12\/EXTT5-285x56.jpg 285w, http:\/\/dc-ar.com.br\/es\/wp-content\/uploads\/2020\/12\/EXTT5-660x130.jpg 660w, http:\/\/dc-ar.com.br\/es\/wp-content\/uploads\/2020\/12\/EXTT5-150x30.jpg 150w\" sizes=\"(max-width: 800px) 100vw, 800px\" \/><\/p>\n<p>&nbsp;<\/p>\n<h2>Transductores fijos y rotativos<\/h2>\n<p><span style=\"font-weight: 400;\">Dispon\u00edveis em estilo estacion\u00e1rio e rotativo, os transdutores Expert s\u00e3o projetados para serem usados \u200b\u200bcom o Expert EXTA Torque Analyzer ou outros analisadores para obter torque preciso de aplica\u00e7\u00e3o bidirecional e medi\u00e7\u00f5es de \u00e2ngulo em uma junta rosqueada real ou em um simulador de junta . Os transdutores padr\u00e3o da ind\u00fastria podem ser usados \u200b\u200bcom equipamentos de terceiros que atendam ao padr\u00e3o da ind\u00fastria. Os transdutores inteligentes incluem um recurso que permite a autoidentifica\u00e7\u00e3o para um analisador de torque Expert EXTA para f\u00e1cil configura\u00e7\u00e3o. Os transdutores de \u00e2ngulo e torque inteligentes incluem um codificador para medir o \u00e2ngulo.<\/span><\/p>\n<p>Los transductores Expert, disponibles en versi\u00f3n estacionaria y rotativa, est\u00e1n dise\u00f1ados para ser utilizados con el analizador de par Expert EXTA u otros analizadores para obtener mediciones precisas de par y \u00e1ngulo bidireccional en una junta roscada real o en un simulador de junta . Los transductores est\u00e1ndar de la industria pueden utilizarse con equipos de terceros que cumplan la norma de la industria. Los transductores inteligentes incluyen una funci\u00f3n que permite la autoidentificaci\u00f3n con un analizador de par EXTA Expert para facilitar la configuraci\u00f3n. Los transductores de \u00e1ngulo y par inteligentes incluyen un codificador para medir el \u00e1ngulo.<\/p>\n<p><strong>Caracter\u00edsticas:<\/strong><\/p>\n<ul>\n<li>De 0,1 a 500 Nm (de 1 in\/lb a 370 ft\/lb)<\/li>\n<li>Uso en una articulaci\u00f3n real o en un simulador de articulaci\u00f3n<\/li>\n<li>Elija entre los tipos est\u00e1ndar de la industria o los tipos inteligentes<\/li>\n<li>Los transductores rotativos inteligentes est\u00e1n disponibles s\u00f3lo en versiones de par o par + \u00e1ngulo<\/li>\n<\/ul>\n<p>&nbsp;<\/p>\n<p><strong>Transductores estacionarios:<\/strong><\/p>\n<ul>\n<li>De 1,5 a 1000 Nm (de 1,1 a 738 pies-libra)<\/li>\n<li>Uso con simulador de articulaci\u00f3n<\/li>\n<li>Elija entre los tipos est\u00e1ndar de la industria o los inteligentes<\/li>\n<li>Los transductores estacionarios inteligentes est\u00e1n disponibles en una versi\u00f3n de s\u00f3lo par<\/li>\n<li>Los modelos JKST combinan un transductor est\u00e1ndar de la industria y un simulador de articulaci\u00f3n<\/li>\n<\/ul>\n<p>&nbsp;<\/p>\n<p><img loading=\"lazy\" width=\"807\" height=\"1015\" class=\"size-full wp-image-2078\" style=\"max-width: 100%; width: auto;\" src=\"http:\/\/dc-ar.com.br\/es\/wp-content\/uploads\/2020\/12\/EXTT6.jpg\" alt=\"\" srcset=\"http:\/\/dc-ar.com.br\/es\/wp-content\/uploads\/2020\/12\/EXTT6.jpg 807w, http:\/\/dc-ar.com.br\/es\/wp-content\/uploads\/2020\/12\/EXTT6-239x300.jpg 239w, http:\/\/dc-ar.com.br\/es\/wp-content\/uploads\/2020\/12\/EXTT6-768x966.jpg 768w, http:\/\/dc-ar.com.br\/es\/wp-content\/uploads\/2020\/12\/EXTT6-285x358.jpg 285w, http:\/\/dc-ar.com.br\/es\/wp-content\/uploads\/2020\/12\/EXTT6-525x660.jpg 525w, http:\/\/dc-ar.com.br\/es\/wp-content\/uploads\/2020\/12\/EXTT6-119x150.jpg 119w\" sizes=\"(max-width: 807px) 100vw, 807px\" \/><\/p>\n<p>&nbsp;<\/p>\n<h2>Simuladores conjuntos<\/h2>\n<p>Los kits de simuladores de uni\u00f3n especializados se utilizan para simular diferentes condiciones de uni\u00f3n en la caja de herramientas o en el laboratorio, lejos de la uni\u00f3n real. La tasa de adhesi\u00f3n del simulador puede modificarse f\u00e1cilmente para imitar diferentes condiciones de adhesi\u00f3n, desde las m\u00e1s duras hasta las m\u00e1s blandas.<\/p>\n<p><strong>Caracter\u00edsticas:<\/strong><\/p>\n<ul>\n<li>De 1,0 a 500 Nm (de 1,1 a 370 ft lbs)<\/li>\n<li>Compatible con los transductores rotativos est\u00e1ndar e inteligentes del sector<\/li>\n<\/ul>\n<p>&nbsp;<\/p>\n<p><strong>Conjuntos de simuladores de juntas estacionarias (JKSxxx)<\/strong><\/p>\n<ul>\n<li>De 1,5 a 1000 Nm (de 1,1 a 738 pies-libra)<\/li>\n<li>Compatible con los transductores estacionarios est\u00e1ndar e inteligentes del sector<\/li>\n<li>Los modelos JKST incluyen transductores estacionarios est\u00e1ndar de la industria<\/li>\n<\/ul>\n<p>&nbsp;<\/p>\n<p><img loading=\"lazy\" width=\"805\" height=\"430\" class=\"size-full wp-image-2079\" style=\"max-width: 100%; width: auto;\" src=\"http:\/\/dc-ar.com.br\/es\/wp-content\/uploads\/2020\/12\/EXTT7.jpg\" alt=\"\" srcset=\"http:\/\/dc-ar.com.br\/es\/wp-content\/uploads\/2020\/12\/EXTT7.jpg 805w, http:\/\/dc-ar.com.br\/es\/wp-content\/uploads\/2020\/12\/EXTT7-300x160.jpg 300w, http:\/\/dc-ar.com.br\/es\/wp-content\/uploads\/2020\/12\/EXTT7-768x410.jpg 768w, http:\/\/dc-ar.com.br\/es\/wp-content\/uploads\/2020\/12\/EXTT7-285x152.jpg 285w, http:\/\/dc-ar.com.br\/es\/wp-content\/uploads\/2020\/12\/EXTT7-660x353.jpg 660w, http:\/\/dc-ar.com.br\/es\/wp-content\/uploads\/2020\/12\/EXTT7-150x80.jpg 150w\" sizes=\"(max-width: 805px) 100vw, 805px\" \/><\/p>\n","protected":false},"excerpt":{"rendered":"<p>Los usuarios experimentados de herramientas saben que la calibraci\u00f3n peri\u00f3dica de sus herramientas el\u00e9ctricas de precisi\u00f3n de CC y aire es una parte esencial de cualquier sistema de garant\u00eda de calidad.<\/p>\n<p>El kit de calibraci\u00f3n de la serie Expert de Ingersoll Rand, f\u00e1cil de usar, satisface esta necesidad esencial para las operaciones de montaje con estrictas normas de control de par.<\/p>\n","protected":false},"featured_media":2072,"template":"","meta":[],"yoast_head":"<!-- This site is optimized with the Yoast SEO plugin v15.6.2 - https:\/\/yoast.com\/wordpress\/plugins\/seo\/ -->\n<title>Equipo de calibraci\u00f3n y comprobaci\u00f3n del par de apriete - DCAR - Bauer Kompressoren &amp; Ingersoll Rand<\/title>\n<meta name=\"description\" content=\"Los usuarios experimentados de herramientas saben que la calibraci\u00f3n peri\u00f3dica de sus herramientas el\u00e9ctricas de precisi\u00f3n de CC y aire es una parte esencial de cualquier sistema de garant\u00eda de calidad.\" \/>\n<meta name=\"robots\" content=\"index, follow, max-snippet:-1, max-image-preview:large, max-video-preview:-1\" \/>\n<link rel=\"canonical\" href=\"http:\/\/dc-ar.com.br\/es\/store\/ingersoll-rand\/torqueadoras-electricas-con-control-de-torque\/equipo-de-calibracion-y-comprobacion-del-par-de-apriete\/\" \/>\n<meta property=\"og:locale\" content=\"es_ES\" \/>\n<meta property=\"og:type\" content=\"article\" \/>\n<meta property=\"og:title\" content=\"Equipo de calibraci\u00f3n y comprobaci\u00f3n del par de apriete - DCAR - Bauer Kompressoren &amp; Ingersoll Rand\" \/>\n<meta property=\"og:description\" content=\"Los usuarios experimentados de herramientas saben que la calibraci\u00f3n peri\u00f3dica de sus herramientas el\u00e9ctricas de precisi\u00f3n de CC y aire es una parte esencial de cualquier sistema de garant\u00eda de calidad.\" \/>\n<meta property=\"og:url\" content=\"http:\/\/dc-ar.com.br\/es\/store\/ingersoll-rand\/torqueadoras-electricas-con-control-de-torque\/equipo-de-calibracion-y-comprobacion-del-par-de-apriete\/\" \/>\n<meta property=\"og:site_name\" content=\"DCAR - Bauer Kompressoren &amp; Ingersoll Rand\" \/>\n<meta property=\"article:modified_time\" content=\"2021-08-28T17:21:39+00:00\" \/>\n<meta property=\"og:image\" content=\"http:\/\/dc-ar.com.br\/es\/wp-content\/uploads\/2020\/12\/EXTT1.jpg\" \/>\n\t<meta property=\"og:image:width\" content=\"500\" \/>\n\t<meta property=\"og:image:height\" content=\"500\" \/>\n<meta name=\"twitter:card\" content=\"summary_large_image\" \/>\n<meta name=\"twitter:label1\" content=\"Tiempo de lectura\">\n\t<meta name=\"twitter:data1\" content=\"4 minutos\">\n<script type=\"application\/ld+json\" class=\"yoast-schema-graph\">{\"@context\":\"https:\/\/schema.org\",\"@graph\":[{\"@type\":\"WebSite\",\"@id\":\"http:\/\/dc-ar.com.br\/es\/#website\",\"url\":\"http:\/\/dc-ar.com.br\/es\/\",\"name\":\"DCAR - Bauer Kompressoren &amp; Ingersoll Rand\",\"description\":\"\",\"potentialAction\":[{\"@type\":\"SearchAction\",\"target\":\"http:\/\/dc-ar.com.br\/es\/?s={search_term_string}\",\"query-input\":\"required name=search_term_string\"}],\"inLanguage\":\"es\"},{\"@type\":\"ImageObject\",\"@id\":\"http:\/\/dc-ar.com.br\/es\/store\/ingersoll-rand\/torqueadoras-electricas-con-control-de-torque\/equipo-de-calibracion-y-comprobacion-del-par-de-apriete\/#primaryimage\",\"inLanguage\":\"es\",\"url\":\"http:\/\/dc-ar.com.br\/es\/wp-content\/uploads\/2020\/12\/EXTT1.jpg\",\"width\":500,\"height\":500},{\"@type\":\"WebPage\",\"@id\":\"http:\/\/dc-ar.com.br\/es\/store\/ingersoll-rand\/torqueadoras-electricas-con-control-de-torque\/equipo-de-calibracion-y-comprobacion-del-par-de-apriete\/#webpage\",\"url\":\"http:\/\/dc-ar.com.br\/es\/store\/ingersoll-rand\/torqueadoras-electricas-con-control-de-torque\/equipo-de-calibracion-y-comprobacion-del-par-de-apriete\/\",\"name\":\"Equipo de calibraci\\u00f3n y comprobaci\\u00f3n del par de apriete - DCAR - Bauer Kompressoren &amp; Ingersoll Rand\",\"isPartOf\":{\"@id\":\"http:\/\/dc-ar.com.br\/es\/#website\"},\"primaryImageOfPage\":{\"@id\":\"http:\/\/dc-ar.com.br\/es\/store\/ingersoll-rand\/torqueadoras-electricas-con-control-de-torque\/equipo-de-calibracion-y-comprobacion-del-par-de-apriete\/#primaryimage\"},\"datePublished\":\"2020-12-19T22:03:05+00:00\",\"dateModified\":\"2021-08-28T17:21:39+00:00\",\"description\":\"Los usuarios experimentados de herramientas saben que la calibraci\\u00f3n peri\\u00f3dica de sus herramientas el\\u00e9ctricas de precisi\\u00f3n de CC y aire es una parte esencial de cualquier sistema de garant\\u00eda de calidad.\",\"inLanguage\":\"es\",\"potentialAction\":[{\"@type\":\"ReadAction\",\"target\":[\"http:\/\/dc-ar.com.br\/es\/store\/ingersoll-rand\/torqueadoras-electricas-con-control-de-torque\/equipo-de-calibracion-y-comprobacion-del-par-de-apriete\/\"]}]}]}<\/script>\n<!-- \/ Yoast SEO plugin. -->","_links":{"self":[{"href":"http:\/\/dc-ar.com.br\/es\/wp-json\/wp\/v2\/product\/2071"}],"collection":[{"href":"http:\/\/dc-ar.com.br\/es\/wp-json\/wp\/v2\/product"}],"about":[{"href":"http:\/\/dc-ar.com.br\/es\/wp-json\/wp\/v2\/types\/product"}],"wp:featuredmedia":[{"embeddable":true,"href":"http:\/\/dc-ar.com.br\/es\/wp-json\/wp\/v2\/media\/2072"}],"wp:attachment":[{"href":"http:\/\/dc-ar.com.br\/es\/wp-json\/wp\/v2\/media?parent=2071"}],"curies":[{"name":"wp","href":"https:\/\/api.w.org\/{rel}","templated":true}]}}