{"id":2065,"date":"2020-12-19T19:54:30","date_gmt":"2020-12-19T21:54:30","guid":{"rendered":"http:\/\/dc-ar.com.br\/es\/?post_type=product&#038;p=2065"},"modified":"2021-08-28T14:12:33","modified_gmt":"2021-08-28T17:12:33","slug":"controladores-insightqc-para-herramientas-con-cable-y-con-bateria","status":"publish","type":"product","link":"http:\/\/dc-ar.com.br\/es\/store\/ingersoll-rand\/torqueadoras-electricas-con-control-de-torque\/controladores-insightqc-para-herramientas-con-cable-y-con-bateria\/","title":{"rendered":"Controladores INSIGHTqc para herramientas con cable y con bater\u00eda"},"content":{"rendered":"<p><span style=\"font-weight: 400;\">El controlador alimenta las herramientas de ensamblaje de precisi\u00f3n de corriente continua (herramientas DC) de la serie QE \u2122 y QM \u2122 de Ingersoll Rand y recopila datos que los fabricantes pueden utilizar para mejorar la producci\u00f3n. El controlador INSIGHTqc almacena hasta 50.000 registros de datos de ciclos y 50.000 trazas de ajuste a bordo del dispositivo, una de las mayores capacidades de almacenamiento de cualquier controlador del mercado y 50 veces m\u00e1s que el modelo anterior de Ingersoll Rand.<\/span><\/p>\n<p><span style=\"font-weight: 400;\">&#8220;El controlador INSIGHTqc ofrece una soluci\u00f3n sencilla, flexible y capaz de comunicar los datos operativos al cliente de forma m\u00e1s r\u00e1pida y precisa, ahorrando tiempo y dinero a los clientes.<\/span><\/p>\n<p><span style=\"font-weight: 400;\">Esto nos ayuda en nuestra estrategia de proporcionar soluciones habilitadas para IoT que los clientes pueden integrar f\u00e1cilmente en sus sistemas operativos y obtener informaci\u00f3n significativa de sus operaciones de fabricaci\u00f3n&#8221;.<\/span><\/p>\n<p><span style=\"font-weight: 400;\">\u00a0<\/span><\/p>\n<h2><strong>Configuraci\u00f3n, formaci\u00f3n y despliegue sencillos<\/strong><\/h2>\n<p><span style=\"font-weight: 400;\">El controlador INSIGHTqc es f\u00e1cil de configurar e integrar con las operaciones de montaje del fabricante, y puede conectarse a m\u00faltiples dispositivos. Los datos de las instalaciones se almacenan en un disco duro interno y el controlador puede conectarse a una red para almacenar tambi\u00e9n los datos en un servidor de la planta. Las m\u00e9tricas y los an\u00e1lisis est\u00e1n protegidos aunque se caiga la conexi\u00f3n de red y pueden estudiarse en cualquier momento para el control de calidad.<\/span><\/p>\n<p><span style=\"font-weight: 400;\">INSIGHTqc ahorra tiempo de formaci\u00f3n y costes de instalaci\u00f3n con una interfaz de programaci\u00f3n intuitiva con pantalla t\u00e1ctil y protocolos listos para usar. Las funciones integradas de copia de seguridad y recuperaci\u00f3n de memoria reducen los errores y el tiempo de inactividad.<\/span><\/p>\n<p><span style=\"font-weight: 400;\">El controlador puede admitir hasta cuatro accesorios o dispositivos listos para usar, como un lector de c\u00f3digos de barras o una bandeja de enchufes, con sus cuatro puertos USB integrados. Los operadores tambi\u00e9n pueden ahorrar tiempo y aumentar la productividad con el sistema de ayuda integrado, un icono interactivo que abre las p\u00e1ginas digitales correspondientes del manual del usuario que se aplica a la pantalla activa del controlador.<\/span><\/p>\n<p>&nbsp;<\/p>\n<h2>Caracter\u00edsticas<\/h2>\n<p><img loading=\"lazy\" width=\"868\" height=\"426\" class=\"size-full wp-image-2069\" style=\"max-width: 100%; width: auto;\" src=\"http:\/\/dc-ar.com.br\/es\/wp-content\/uploads\/2020\/12\/maqtorque2.jpg\" alt=\"\" srcset=\"http:\/\/dc-ar.com.br\/es\/wp-content\/uploads\/2020\/12\/maqtorque2.jpg 868w, http:\/\/dc-ar.com.br\/es\/wp-content\/uploads\/2020\/12\/maqtorque2-300x147.jpg 300w, http:\/\/dc-ar.com.br\/es\/wp-content\/uploads\/2020\/12\/maqtorque2-768x377.jpg 768w, http:\/\/dc-ar.com.br\/es\/wp-content\/uploads\/2020\/12\/maqtorque2-285x140.jpg 285w, http:\/\/dc-ar.com.br\/es\/wp-content\/uploads\/2020\/12\/maqtorque2-660x324.jpg 660w, http:\/\/dc-ar.com.br\/es\/wp-content\/uploads\/2020\/12\/maqtorque2-150x74.jpg 150w\" sizes=\"(max-width: 868px) 100vw, 868px\" \/><\/p>\n<p><img loading=\"lazy\" width=\"644\" height=\"765\" class=\"size-full wp-image-2070\" style=\"max-width: 100%; width: auto;\" src=\"http:\/\/dc-ar.com.br\/es\/wp-content\/uploads\/2020\/12\/maqtorque3.jpg\" alt=\"\" srcset=\"http:\/\/dc-ar.com.br\/es\/wp-content\/uploads\/2020\/12\/maqtorque3.jpg 644w, http:\/\/dc-ar.com.br\/es\/wp-content\/uploads\/2020\/12\/maqtorque3-253x300.jpg 253w, http:\/\/dc-ar.com.br\/es\/wp-content\/uploads\/2020\/12\/maqtorque3-285x339.jpg 285w, http:\/\/dc-ar.com.br\/es\/wp-content\/uploads\/2020\/12\/maqtorque3-556x660.jpg 556w, http:\/\/dc-ar.com.br\/es\/wp-content\/uploads\/2020\/12\/maqtorque3-126x150.jpg 126w\" sizes=\"(max-width: 644px) 100vw, 644px\" \/><\/p>\n","protected":false},"excerpt":{"rendered":"<p>Los usuarios experimentados de herramientas saben que la calibraci\u00f3n peri\u00f3dica de sus herramientas el\u00e9ctricas o neum\u00e1ticas de precisi\u00f3n es una parte esencial de cualquier sistema de garant\u00eda de calidad.<\/p>\n<p>El kit de calibraci\u00f3n de la serie Expert de Ingersoll Rand satisface esta necesidad esencial para las operaciones de montaje con estrictas normas de control de par.<\/p>\n","protected":false},"featured_media":2067,"template":"","meta":[],"yoast_head":"<!-- This site is optimized with the Yoast SEO plugin v15.6.2 - https:\/\/yoast.com\/wordpress\/plugins\/seo\/ -->\n<title>Controladores INSIGHTqc para herramientas con cable y con bater\u00eda - DCAR - Bauer Kompressoren &amp; Ingersoll Rand<\/title>\n<meta name=\"description\" content=\"Los usuarios experimentados de herramientas saben que la calibraci\u00f3n peri\u00f3dica de sus herramientas el\u00e9ctricas o neum\u00e1ticas de precisi\u00f3n es una parte esencial de cualquier sistema de garant\u00eda de calidad.\" \/>\n<meta name=\"robots\" content=\"index, follow, max-snippet:-1, max-image-preview:large, max-video-preview:-1\" \/>\n<link rel=\"canonical\" href=\"http:\/\/dc-ar.com.br\/es\/store\/ingersoll-rand\/torqueadoras-electricas-con-control-de-torque\/controladores-insightqc-para-herramientas-con-cable-y-con-bateria\/\" \/>\n<meta property=\"og:locale\" content=\"es_ES\" \/>\n<meta property=\"og:type\" content=\"article\" \/>\n<meta property=\"og:title\" content=\"Controladores INSIGHTqc para herramientas con cable y con bater\u00eda - DCAR - Bauer Kompressoren &amp; Ingersoll Rand\" \/>\n<meta property=\"og:description\" content=\"Los usuarios experimentados de herramientas saben que la calibraci\u00f3n peri\u00f3dica de sus herramientas el\u00e9ctricas o neum\u00e1ticas de precisi\u00f3n es una parte esencial de cualquier sistema de garant\u00eda de calidad.\" \/>\n<meta property=\"og:url\" content=\"http:\/\/dc-ar.com.br\/es\/store\/ingersoll-rand\/torqueadoras-electricas-con-control-de-torque\/controladores-insightqc-para-herramientas-con-cable-y-con-bateria\/\" \/>\n<meta property=\"og:site_name\" content=\"DCAR - Bauer Kompressoren &amp; Ingersoll Rand\" \/>\n<meta property=\"article:modified_time\" content=\"2021-08-28T17:12:33+00:00\" \/>\n<meta property=\"og:image\" content=\"http:\/\/dc-ar.com.br\/es\/wp-content\/uploads\/2020\/12\/maqtorque.jpg\" \/>\n\t<meta property=\"og:image:width\" content=\"500\" \/>\n\t<meta property=\"og:image:height\" content=\"500\" \/>\n<meta name=\"twitter:card\" content=\"summary_large_image\" \/>\n<meta name=\"twitter:label1\" content=\"Tiempo de lectura\">\n\t<meta name=\"twitter:data1\" content=\"2 minutos\">\n<script type=\"application\/ld+json\" class=\"yoast-schema-graph\">{\"@context\":\"https:\/\/schema.org\",\"@graph\":[{\"@type\":\"WebSite\",\"@id\":\"http:\/\/dc-ar.com.br\/es\/#website\",\"url\":\"http:\/\/dc-ar.com.br\/es\/\",\"name\":\"DCAR - Bauer Kompressoren &amp; Ingersoll Rand\",\"description\":\"\",\"potentialAction\":[{\"@type\":\"SearchAction\",\"target\":\"http:\/\/dc-ar.com.br\/es\/?s={search_term_string}\",\"query-input\":\"required name=search_term_string\"}],\"inLanguage\":\"es\"},{\"@type\":\"ImageObject\",\"@id\":\"http:\/\/dc-ar.com.br\/es\/store\/ingersoll-rand\/torqueadoras-electricas-con-control-de-torque\/controladores-insightqc-para-herramientas-con-cable-y-con-bateria\/#primaryimage\",\"inLanguage\":\"es\",\"url\":\"http:\/\/dc-ar.com.br\/es\/wp-content\/uploads\/2020\/12\/maqtorque.jpg\",\"width\":500,\"height\":500},{\"@type\":\"WebPage\",\"@id\":\"http:\/\/dc-ar.com.br\/es\/store\/ingersoll-rand\/torqueadoras-electricas-con-control-de-torque\/controladores-insightqc-para-herramientas-con-cable-y-con-bateria\/#webpage\",\"url\":\"http:\/\/dc-ar.com.br\/es\/store\/ingersoll-rand\/torqueadoras-electricas-con-control-de-torque\/controladores-insightqc-para-herramientas-con-cable-y-con-bateria\/\",\"name\":\"Controladores INSIGHTqc para herramientas con cable y con bater\\u00eda - DCAR - Bauer Kompressoren &amp; Ingersoll Rand\",\"isPartOf\":{\"@id\":\"http:\/\/dc-ar.com.br\/es\/#website\"},\"primaryImageOfPage\":{\"@id\":\"http:\/\/dc-ar.com.br\/es\/store\/ingersoll-rand\/torqueadoras-electricas-con-control-de-torque\/controladores-insightqc-para-herramientas-con-cable-y-con-bateria\/#primaryimage\"},\"datePublished\":\"2020-12-19T21:54:30+00:00\",\"dateModified\":\"2021-08-28T17:12:33+00:00\",\"description\":\"Los usuarios experimentados de herramientas saben que la calibraci\\u00f3n peri\\u00f3dica de sus herramientas el\\u00e9ctricas o neum\\u00e1ticas de precisi\\u00f3n es una parte esencial de cualquier sistema de garant\\u00eda de calidad.\",\"inLanguage\":\"es\",\"potentialAction\":[{\"@type\":\"ReadAction\",\"target\":[\"http:\/\/dc-ar.com.br\/es\/store\/ingersoll-rand\/torqueadoras-electricas-con-control-de-torque\/controladores-insightqc-para-herramientas-con-cable-y-con-bateria\/\"]}]}]}<\/script>\n<!-- \/ Yoast SEO plugin. -->","_links":{"self":[{"href":"http:\/\/dc-ar.com.br\/es\/wp-json\/wp\/v2\/product\/2065"}],"collection":[{"href":"http:\/\/dc-ar.com.br\/es\/wp-json\/wp\/v2\/product"}],"about":[{"href":"http:\/\/dc-ar.com.br\/es\/wp-json\/wp\/v2\/types\/product"}],"wp:featuredmedia":[{"embeddable":true,"href":"http:\/\/dc-ar.com.br\/es\/wp-json\/wp\/v2\/media\/2067"}],"wp:attachment":[{"href":"http:\/\/dc-ar.com.br\/es\/wp-json\/wp\/v2\/media?parent=2065"}],"curies":[{"name":"wp","href":"https:\/\/api.w.org\/{rel}","templated":true}]}}