{"id":2058,"date":"2020-12-19T19:49:51","date_gmt":"2020-12-19T21:49:51","guid":{"rendered":"http:\/\/dc-ar.com.br\/es\/?post_type=product&#038;p=2058"},"modified":"2021-08-28T14:37:14","modified_gmt":"2021-08-28T17:37:14","slug":"herramientas-de-apriete-con-control-de-par-de-la-serie-qx","status":"publish","type":"product","link":"http:\/\/dc-ar.com.br\/es\/store\/ingersoll-rand\/torqueadoras-electricas-con-control-de-torque\/herramientas-de-apriete-con-control-de-par-de-la-serie-qx\/","title":{"rendered":"Herramientas de apriete con control de par de la serie QX"},"content":{"rendered":"<h2>Caracter\u00edsticas<\/h2>\n<p><img loading=\"lazy\" width=\"659\" height=\"721\" class=\"size-full wp-image-2061\" style=\"max-width: 100%; width: auto;\" src=\"http:\/\/dc-ar.com.br\/es\/wp-content\/uploads\/2020\/12\/ATORNILLADOR-ELECTRICO2.jpg\" alt=\"\" srcset=\"http:\/\/dc-ar.com.br\/es\/wp-content\/uploads\/2020\/12\/ATORNILLADOR-ELECTRICO2.jpg 659w, http:\/\/dc-ar.com.br\/es\/wp-content\/uploads\/2020\/12\/ATORNILLADOR-ELECTRICO2-274x300.jpg 274w, http:\/\/dc-ar.com.br\/es\/wp-content\/uploads\/2020\/12\/ATORNILLADOR-ELECTRICO2-285x312.jpg 285w, http:\/\/dc-ar.com.br\/es\/wp-content\/uploads\/2020\/12\/ATORNILLADOR-ELECTRICO2-603x660.jpg 603w, http:\/\/dc-ar.com.br\/es\/wp-content\/uploads\/2020\/12\/ATORNILLADOR-ELECTRICO2-137x150.jpg 137w\" sizes=\"(max-width: 659px) 100vw, 659px\" \/><\/p>\n<p><img loading=\"lazy\" width=\"614\" height=\"358\" class=\"size-full wp-image-2063\" style=\"max-width: 100%; width: auto;\" src=\"http:\/\/dc-ar.com.br\/es\/wp-content\/uploads\/2020\/12\/ATORNILLADOR-ELECTRICO4.jpg\" alt=\"\" srcset=\"http:\/\/dc-ar.com.br\/es\/wp-content\/uploads\/2020\/12\/ATORNILLADOR-ELECTRICO4.jpg 614w, http:\/\/dc-ar.com.br\/es\/wp-content\/uploads\/2020\/12\/ATORNILLADOR-ELECTRICO4-300x175.jpg 300w, http:\/\/dc-ar.com.br\/es\/wp-content\/uploads\/2020\/12\/ATORNILLADOR-ELECTRICO4-285x166.jpg 285w, http:\/\/dc-ar.com.br\/es\/wp-content\/uploads\/2020\/12\/ATORNILLADOR-ELECTRICO4-150x87.jpg 150w\" sizes=\"(max-width: 614px) 100vw, 614px\" \/><\/p>\n<p><img loading=\"lazy\" width=\"636\" height=\"773\" class=\"size-full wp-image-2062\" style=\"max-width: 100%; width: auto;\" src=\"http:\/\/dc-ar.com.br\/es\/wp-content\/uploads\/2020\/12\/ATORNILLADOR-ELECTRICO3.jpg\" alt=\"\" srcset=\"http:\/\/dc-ar.com.br\/es\/wp-content\/uploads\/2020\/12\/ATORNILLADOR-ELECTRICO3.jpg 636w, http:\/\/dc-ar.com.br\/es\/wp-content\/uploads\/2020\/12\/ATORNILLADOR-ELECTRICO3-247x300.jpg 247w, http:\/\/dc-ar.com.br\/es\/wp-content\/uploads\/2020\/12\/ATORNILLADOR-ELECTRICO3-285x346.jpg 285w, http:\/\/dc-ar.com.br\/es\/wp-content\/uploads\/2020\/12\/ATORNILLADOR-ELECTRICO3-543x660.jpg 543w, http:\/\/dc-ar.com.br\/es\/wp-content\/uploads\/2020\/12\/ATORNILLADOR-ELECTRICO3-123x150.jpg 123w\" sizes=\"(max-width: 636px) 100vw, 636px\" \/><\/p>\n<p>&nbsp;<\/p>\n<h2>Accesorios<\/h2>\n<p><img loading=\"lazy\" width=\"647\" height=\"388\" class=\"size-full wp-image-2064\" style=\"max-width: 100%; width: auto;\" src=\"http:\/\/dc-ar.com.br\/es\/wp-content\/uploads\/2020\/12\/ATORNILLADOR-ELECTRICO5.jpg\" alt=\"\" srcset=\"http:\/\/dc-ar.com.br\/es\/wp-content\/uploads\/2020\/12\/ATORNILLADOR-ELECTRICO5.jpg 647w, http:\/\/dc-ar.com.br\/es\/wp-content\/uploads\/2020\/12\/ATORNILLADOR-ELECTRICO5-300x180.jpg 300w, http:\/\/dc-ar.com.br\/es\/wp-content\/uploads\/2020\/12\/ATORNILLADOR-ELECTRICO5-285x171.jpg 285w, http:\/\/dc-ar.com.br\/es\/wp-content\/uploads\/2020\/12\/ATORNILLADOR-ELECTRICO5-150x90.jpg 150w\" sizes=\"(max-width: 647px) 100vw, 647px\" \/><\/p>\n","protected":false},"excerpt":{"rendered":"<p>La innovadora serie QX de herramientas inal\u00e1mbricas de precisi\u00f3n es una soluci\u00f3n revolucionaria para toda su f\u00e1brica que le mostrar\u00e1 c\u00f3mo una herramienta m\u00e1s tecnol\u00f3gica puede mejorar el control del proceso, la comodidad del operario y la comunicaci\u00f3n de datos.<\/p>\n<p>Esta herramienta independiente y rentable permite controlar el proceso de producci\u00f3n, lo que ayuda a aumentar la productividad, reducir los costes y garantizar la calidad del producto final.<\/p>\n","protected":false},"featured_media":2059,"template":"","meta":[],"yoast_head":"<!-- This site is optimized with the Yoast SEO plugin v15.6.2 - https:\/\/yoast.com\/wordpress\/plugins\/seo\/ -->\n<title>Herramientas de apriete con control de par de la serie QX - DCAR - Bauer Kompressoren &amp; Ingersoll Rand<\/title>\n<meta name=\"description\" content=\"La innovadora serie QX de herramientas inal\u00e1mbricas de precisi\u00f3n es una soluci\u00f3n revolucionaria para toda su f\u00e1brica que le mostrar\u00e1...\" \/>\n<meta name=\"robots\" content=\"index, follow, max-snippet:-1, max-image-preview:large, max-video-preview:-1\" \/>\n<link rel=\"canonical\" href=\"http:\/\/dc-ar.com.br\/es\/store\/ingersoll-rand\/torqueadoras-electricas-con-control-de-torque\/herramientas-de-apriete-con-control-de-par-de-la-serie-qx\/\" \/>\n<meta property=\"og:locale\" content=\"es_ES\" \/>\n<meta property=\"og:type\" content=\"article\" \/>\n<meta property=\"og:title\" content=\"Herramientas de apriete con control de par de la serie QX - DCAR - Bauer Kompressoren &amp; Ingersoll Rand\" \/>\n<meta property=\"og:description\" content=\"La innovadora serie QX de herramientas inal\u00e1mbricas de precisi\u00f3n es una soluci\u00f3n revolucionaria para toda su f\u00e1brica que le mostrar\u00e1...\" \/>\n<meta property=\"og:url\" content=\"http:\/\/dc-ar.com.br\/es\/store\/ingersoll-rand\/torqueadoras-electricas-con-control-de-torque\/herramientas-de-apriete-con-control-de-par-de-la-serie-qx\/\" \/>\n<meta property=\"og:site_name\" content=\"DCAR - Bauer Kompressoren &amp; Ingersoll Rand\" \/>\n<meta property=\"article:modified_time\" content=\"2021-08-28T17:37:14+00:00\" \/>\n<meta property=\"og:image\" content=\"http:\/\/dc-ar.com.br\/es\/wp-content\/uploads\/2020\/12\/ATORNILLADOR-ELECTRICO.jpg\" \/>\n\t<meta property=\"og:image:width\" content=\"500\" \/>\n\t<meta property=\"og:image:height\" content=\"500\" \/>\n<meta name=\"twitter:card\" content=\"summary_large_image\" \/>\n<script type=\"application\/ld+json\" class=\"yoast-schema-graph\">{\"@context\":\"https:\/\/schema.org\",\"@graph\":[{\"@type\":\"WebSite\",\"@id\":\"https:\/\/dc-ar.com.br\/es\/#website\",\"url\":\"https:\/\/dc-ar.com.br\/es\/\",\"name\":\"DCAR - Bauer Kompressoren &amp; Ingersoll Rand\",\"description\":\"\",\"potentialAction\":[{\"@type\":\"SearchAction\",\"target\":\"https:\/\/dc-ar.com.br\/es\/?s={search_term_string}\",\"query-input\":\"required name=search_term_string\"}],\"inLanguage\":\"es\"},{\"@type\":\"ImageObject\",\"@id\":\"http:\/\/dc-ar.com.br\/es\/store\/ingersoll-rand\/torqueadoras-electricas-con-control-de-torque\/herramientas-de-apriete-con-control-de-par-de-la-serie-qx\/#primaryimage\",\"inLanguage\":\"es\",\"url\":\"http:\/\/dc-ar.com.br\/es\/wp-content\/uploads\/2020\/12\/ATORNILLADOR-ELECTRICO.jpg\",\"width\":500,\"height\":500},{\"@type\":\"WebPage\",\"@id\":\"http:\/\/dc-ar.com.br\/es\/store\/ingersoll-rand\/torqueadoras-electricas-con-control-de-torque\/herramientas-de-apriete-con-control-de-par-de-la-serie-qx\/#webpage\",\"url\":\"http:\/\/dc-ar.com.br\/es\/store\/ingersoll-rand\/torqueadoras-electricas-con-control-de-torque\/herramientas-de-apriete-con-control-de-par-de-la-serie-qx\/\",\"name\":\"Herramientas de apriete con control de par de la serie QX - DCAR - Bauer Kompressoren &amp; Ingersoll Rand\",\"isPartOf\":{\"@id\":\"https:\/\/dc-ar.com.br\/es\/#website\"},\"primaryImageOfPage\":{\"@id\":\"http:\/\/dc-ar.com.br\/es\/store\/ingersoll-rand\/torqueadoras-electricas-con-control-de-torque\/herramientas-de-apriete-con-control-de-par-de-la-serie-qx\/#primaryimage\"},\"datePublished\":\"2020-12-19T21:49:51+00:00\",\"dateModified\":\"2021-08-28T17:37:14+00:00\",\"description\":\"La innovadora serie QX de herramientas inal\\u00e1mbricas de precisi\\u00f3n es una soluci\\u00f3n revolucionaria para toda su f\\u00e1brica que le mostrar\\u00e1...\",\"inLanguage\":\"es\",\"potentialAction\":[{\"@type\":\"ReadAction\",\"target\":[\"http:\/\/dc-ar.com.br\/es\/store\/ingersoll-rand\/torqueadoras-electricas-con-control-de-torque\/herramientas-de-apriete-con-control-de-par-de-la-serie-qx\/\"]}]}]}<\/script>\n<!-- \/ Yoast SEO plugin. -->","_links":{"self":[{"href":"http:\/\/dc-ar.com.br\/es\/wp-json\/wp\/v2\/product\/2058"}],"collection":[{"href":"http:\/\/dc-ar.com.br\/es\/wp-json\/wp\/v2\/product"}],"about":[{"href":"http:\/\/dc-ar.com.br\/es\/wp-json\/wp\/v2\/types\/product"}],"wp:featuredmedia":[{"embeddable":true,"href":"http:\/\/dc-ar.com.br\/es\/wp-json\/wp\/v2\/media\/2059"}],"wp:attachment":[{"href":"http:\/\/dc-ar.com.br\/es\/wp-json\/wp\/v2\/media?parent=2058"}],"curies":[{"name":"wp","href":"https:\/\/api.w.org\/{rel}","templated":true}]}}