{"id":2034,"date":"2020-12-19T19:00:59","date_gmt":"2020-12-19T21:00:59","guid":{"rendered":"http:\/\/dc-ar.com.br\/es\/?post_type=product&#038;p=2034"},"modified":"2021-09-18T20:19:01","modified_gmt":"2021-09-18T23:19:01","slug":"rompedores-martillos-picadores-y-compactadores","status":"publish","type":"product","link":"http:\/\/dc-ar.com.br\/es\/store\/ingersoll-rand\/herramientas-neumaticas-y-baterias\/rompedores-martillos-picadores-y-compactadores\/","title":{"rendered":"Rompedores, martillos picadores y compactadores"},"content":{"rendered":"<h2>INTERRUPTOR DE LA SERIE MX<\/h2>\n<p>Los modelos m\u00e1s vers\u00e1tiles de rompedoras de pavimentos disponibles, la MX60 y la MX90, son ideales para cualquier cosa, desde la retirada de asfalto pesado hasta el mantenimiento industrial y la demolici\u00f3n pesada. El escape direccional evita el retroceso y se puede elegir entre una empu\u00f1adura est\u00e1ndar o &#8220;flexible&#8221; para aumentar la reducci\u00f3n de las vibraciones. Y con una de las piezas m\u00e1s peque\u00f1as del sector, la serie MX es m\u00e1s f\u00e1cil y menos compleja de mantener.<\/p>\n<p><img loading=\"lazy\" width=\"571\" height=\"400\" class=\"size-full wp-image-2037\" style=\"max-width: 100%; width: auto;\" src=\"http:\/\/dc-ar.com.br\/es\/wp-content\/uploads\/2020\/12\/ROMPEPAVIMENTOS1.jpg\" srcset=\"http:\/\/dc-ar.com.br\/es\/wp-content\/uploads\/2020\/12\/ROMPEPAVIMENTOS1.jpg 571w, http:\/\/dc-ar.com.br\/es\/wp-content\/uploads\/2020\/12\/ROMPEPAVIMENTOS1-300x210.jpg 300w, http:\/\/dc-ar.com.br\/es\/wp-content\/uploads\/2020\/12\/ROMPEPAVIMENTOS1-285x200.jpg 285w, http:\/\/dc-ar.com.br\/es\/wp-content\/uploads\/2020\/12\/ROMPEPAVIMENTOS1-150x105.jpg 150w\" sizes=\"(max-width: 571px) 100vw, 571px\" \/><\/p>\n<p><img loading=\"lazy\" width=\"779\" height=\"400\" class=\"size-full wp-image-2038\" style=\"max-width: 100%; width: auto;\" src=\"http:\/\/dc-ar.com.br\/es\/wp-content\/uploads\/2020\/12\/ROMPEPAVIMENTOS2.jpg\" srcset=\"http:\/\/dc-ar.com.br\/es\/wp-content\/uploads\/2020\/12\/ROMPEPAVIMENTOS2.jpg 779w, http:\/\/dc-ar.com.br\/es\/wp-content\/uploads\/2020\/12\/ROMPEPAVIMENTOS2-300x154.jpg 300w, http:\/\/dc-ar.com.br\/es\/wp-content\/uploads\/2020\/12\/ROMPEPAVIMENTOS2-768x394.jpg 768w, http:\/\/dc-ar.com.br\/es\/wp-content\/uploads\/2020\/12\/ROMPEPAVIMENTOS2-285x146.jpg 285w, http:\/\/dc-ar.com.br\/es\/wp-content\/uploads\/2020\/12\/ROMPEPAVIMENTOS2-660x339.jpg 660w, http:\/\/dc-ar.com.br\/es\/wp-content\/uploads\/2020\/12\/ROMPEPAVIMENTOS2-150x77.jpg 150w\" sizes=\"(max-width: 779px) 100vw, 779px\" \/><\/p>\n<p>&nbsp;<\/p>\n<h2>CINCELADORAS NEUM\u00c1TICAS<\/h2>\n<p>Los martillos cinceladores de Ingersoll Rand son la opci\u00f3n n\u00famero uno para trabajos de demolici\u00f3n ligeros, incluyendo la retirada de hormig\u00f3n y mamposter\u00eda, cuando se necesita una herramienta fuerte y bien equilibrada. Una variedad de tama\u00f1os, capacidades y accesorios de igual precisi\u00f3n le permiten adaptar las mejores herramientas para el trabajo, ya sea para tareas industriales, de construcci\u00f3n o de trabajo pesado.<\/p>\n<p><img loading=\"lazy\" width=\"670\" height=\"400\" class=\"size-full wp-image-2039\" style=\"max-width: 100%; width: auto;\" src=\"http:\/\/dc-ar.com.br\/es\/wp-content\/uploads\/2020\/12\/ROMPEPAVIMENTOS3.jpg\" srcset=\"http:\/\/dc-ar.com.br\/es\/wp-content\/uploads\/2020\/12\/ROMPEPAVIMENTOS3.jpg 670w, http:\/\/dc-ar.com.br\/es\/wp-content\/uploads\/2020\/12\/ROMPEPAVIMENTOS3-300x179.jpg 300w, http:\/\/dc-ar.com.br\/es\/wp-content\/uploads\/2020\/12\/ROMPEPAVIMENTOS3-285x170.jpg 285w, http:\/\/dc-ar.com.br\/es\/wp-content\/uploads\/2020\/12\/ROMPEPAVIMENTOS3-660x394.jpg 660w, http:\/\/dc-ar.com.br\/es\/wp-content\/uploads\/2020\/12\/ROMPEPAVIMENTOS3-150x90.jpg 150w\" sizes=\"(max-width: 670px) 100vw, 670px\" \/><\/p>\n<p>&nbsp;<\/p>\n<h2>EMPACADORES NEUM\u00c1TICOS DE ARENA<\/h2>\n<p>Los compactadores de arena y los manipuladores de relleno Ingersoll Rand son perfectos para compactar tierra y arena en aplicaciones como moldes de fundici\u00f3n, cimientos de relleno, zanjas para tuber\u00edas y cables. Estas herramientas est\u00e1n construidas para soportar un uso intensivo en entornos dif\u00edciles e incluyen dise\u00f1os de sellado eficaces que mantienen los componentes internos libres de suciedad y polvo.<\/p>\n<p><img loading=\"lazy\" width=\"620\" height=\"400\" class=\"size-full wp-image-2040\" style=\"max-width: 100%; width: auto;\" src=\"http:\/\/dc-ar.com.br\/es\/wp-content\/uploads\/2020\/12\/ROMPEPAVIMENTOS4.jpg\" srcset=\"http:\/\/dc-ar.com.br\/es\/wp-content\/uploads\/2020\/12\/ROMPEPAVIMENTOS4.jpg 620w, http:\/\/dc-ar.com.br\/es\/wp-content\/uploads\/2020\/12\/ROMPEPAVIMENTOS4-300x194.jpg 300w, http:\/\/dc-ar.com.br\/es\/wp-content\/uploads\/2020\/12\/ROMPEPAVIMENTOS4-285x184.jpg 285w, http:\/\/dc-ar.com.br\/es\/wp-content\/uploads\/2020\/12\/ROMPEPAVIMENTOS4-150x97.jpg 150w\" sizes=\"(max-width: 620px) 100vw, 620px\" \/><\/p>\n","protected":false},"excerpt":{"rendered":"<p><strong>Rompedores de pavimento neum\u00e1ticos.<\/strong><\/p>\n<p>Ingersoll Rand tiene una l\u00ednea completa de martillos para pavimentos que ofrecen m\u00e1s potencia y menos piezas que muchos de la competencia. Estas unidades est\u00e1n dise\u00f1adas espec\u00edficamente en un esfuerzo por mejorar la productividad a trav\u00e9s de una mayor potencia y reducir los costos mediante la reducci\u00f3n de piezas costosas y elementos que se desgastan f\u00e1cilmente.<\/p>\n","protected":false},"featured_media":2035,"template":"","meta":[],"yoast_head":"<!-- This site is optimized with the Yoast SEO plugin v15.6.2 - https:\/\/yoast.com\/wordpress\/plugins\/seo\/ -->\n<title>Rompedores, martillos picadores y compactadores - DCAR - Bauer Kompressoren &amp; Ingersoll Rand<\/title>\n<meta name=\"description\" content=\"Ingersoll Rand tiene una l\u00ednea completa de martillos para pavimentos que ofrecen m\u00e1s potencia y menos piezas que muchos de la competencia.\" \/>\n<meta name=\"robots\" content=\"index, follow, max-snippet:-1, max-image-preview:large, max-video-preview:-1\" \/>\n<link rel=\"canonical\" href=\"https:\/\/dc-ar.com.br\/es\/store\/ingersoll-rand\/herramientas-neumaticas-y-baterias\/rompedores-martillos-picadores-y-compactadores\/\" \/>\n<meta property=\"og:locale\" content=\"es_ES\" \/>\n<meta property=\"og:type\" content=\"article\" \/>\n<meta property=\"og:title\" content=\"Rompedores, martillos picadores y compactadores - DCAR - Bauer Kompressoren &amp; Ingersoll Rand\" \/>\n<meta property=\"og:description\" content=\"Ingersoll Rand tiene una l\u00ednea completa de martillos para pavimentos que ofrecen m\u00e1s potencia y menos piezas que muchos de la competencia.\" \/>\n<meta property=\"og:url\" content=\"https:\/\/dc-ar.com.br\/es\/store\/ingersoll-rand\/herramientas-neumaticas-y-baterias\/rompedores-martillos-picadores-y-compactadores\/\" \/>\n<meta property=\"og:site_name\" content=\"DCAR - Bauer Kompressoren &amp; Ingersoll Rand\" \/>\n<meta property=\"article:modified_time\" content=\"2021-09-18T23:19:01+00:00\" \/>\n<meta property=\"og:image\" content=\"http:\/\/dc-ar.com.br\/es\/wp-content\/uploads\/2020\/12\/ROMPEPAVIMENTOS.jpg\" \/>\n\t<meta property=\"og:image:width\" content=\"500\" \/>\n\t<meta property=\"og:image:height\" content=\"500\" \/>\n<meta name=\"twitter:card\" content=\"summary_large_image\" \/>\n<meta name=\"twitter:label1\" content=\"Tiempo de lectura\">\n\t<meta name=\"twitter:data1\" content=\"2 minutos\">\n<script type=\"application\/ld+json\" class=\"yoast-schema-graph\">{\"@context\":\"https:\/\/schema.org\",\"@graph\":[{\"@type\":\"WebSite\",\"@id\":\"https:\/\/dc-ar.com.br\/es\/#website\",\"url\":\"https:\/\/dc-ar.com.br\/es\/\",\"name\":\"DCAR - Bauer Kompressoren &amp; Ingersoll Rand\",\"description\":\"\",\"potentialAction\":[{\"@type\":\"SearchAction\",\"target\":\"https:\/\/dc-ar.com.br\/es\/?s={search_term_string}\",\"query-input\":\"required name=search_term_string\"}],\"inLanguage\":\"es\"},{\"@type\":\"ImageObject\",\"@id\":\"https:\/\/dc-ar.com.br\/es\/store\/ingersoll-rand\/herramientas-neumaticas-y-baterias\/rompedores-martillos-picadores-y-compactadores\/#primaryimage\",\"inLanguage\":\"es\",\"url\":\"http:\/\/dc-ar.com.br\/es\/wp-content\/uploads\/2020\/12\/ROMPEPAVIMENTOS.jpg\",\"width\":500,\"height\":500},{\"@type\":\"WebPage\",\"@id\":\"https:\/\/dc-ar.com.br\/es\/store\/ingersoll-rand\/herramientas-neumaticas-y-baterias\/rompedores-martillos-picadores-y-compactadores\/#webpage\",\"url\":\"https:\/\/dc-ar.com.br\/es\/store\/ingersoll-rand\/herramientas-neumaticas-y-baterias\/rompedores-martillos-picadores-y-compactadores\/\",\"name\":\"Rompedores, martillos picadores y compactadores - DCAR - Bauer Kompressoren &amp; Ingersoll Rand\",\"isPartOf\":{\"@id\":\"https:\/\/dc-ar.com.br\/es\/#website\"},\"primaryImageOfPage\":{\"@id\":\"https:\/\/dc-ar.com.br\/es\/store\/ingersoll-rand\/herramientas-neumaticas-y-baterias\/rompedores-martillos-picadores-y-compactadores\/#primaryimage\"},\"datePublished\":\"2020-12-19T21:00:59+00:00\",\"dateModified\":\"2021-09-18T23:19:01+00:00\",\"description\":\"Ingersoll Rand tiene una l\\u00ednea completa de martillos para pavimentos que ofrecen m\\u00e1s potencia y menos piezas que muchos de la competencia.\",\"inLanguage\":\"es\",\"potentialAction\":[{\"@type\":\"ReadAction\",\"target\":[\"https:\/\/dc-ar.com.br\/es\/store\/ingersoll-rand\/herramientas-neumaticas-y-baterias\/rompedores-martillos-picadores-y-compactadores\/\"]}]}]}<\/script>\n<!-- \/ Yoast SEO plugin. -->","_links":{"self":[{"href":"http:\/\/dc-ar.com.br\/es\/wp-json\/wp\/v2\/product\/2034"}],"collection":[{"href":"http:\/\/dc-ar.com.br\/es\/wp-json\/wp\/v2\/product"}],"about":[{"href":"http:\/\/dc-ar.com.br\/es\/wp-json\/wp\/v2\/types\/product"}],"wp:featuredmedia":[{"embeddable":true,"href":"http:\/\/dc-ar.com.br\/es\/wp-json\/wp\/v2\/media\/2035"}],"wp:attachment":[{"href":"http:\/\/dc-ar.com.br\/es\/wp-json\/wp\/v2\/media?parent=2034"}],"curies":[{"name":"wp","href":"https:\/\/api.w.org\/{rel}","templated":true}]}}