{"id":2015,"date":"2020-12-19T17:16:33","date_gmt":"2020-12-19T19:16:33","guid":{"rendered":"http:\/\/dc-ar.com.br\/es\/?post_type=product&#038;p=2015"},"modified":"2021-09-18T20:12:17","modified_gmt":"2021-09-18T23:12:17","slug":"martillos-neumaticos-y-escariadores-taladros-y-herramientas-de-corte","status":"publish","type":"product","link":"http:\/\/dc-ar.com.br\/es\/store\/ingersoll-rand\/herramientas-neumaticas-y-baterias\/martillos-neumaticos-y-escariadores-taladros-y-herramientas-de-corte\/","title":{"rendered":"Martillos neum\u00e1ticos y escariadores, taladros y herramientas de corte"},"content":{"rendered":"<h2>Variedades<\/h2>\n<p><img loading=\"lazy\" width=\"757\" height=\"346\" class=\"size-full wp-image-2017\" style=\"max-width: 100%; width: auto;\" src=\"http:\/\/dc-ar.com.br\/es\/wp-content\/uploads\/2020\/12\/martelo2.jpg\" alt=\"Martelos e alargadores pneum\u00e1ticos\" srcset=\"http:\/\/dc-ar.com.br\/es\/wp-content\/uploads\/2020\/12\/martelo2.jpg 757w, http:\/\/dc-ar.com.br\/es\/wp-content\/uploads\/2020\/12\/martelo2-300x137.jpg 300w, http:\/\/dc-ar.com.br\/es\/wp-content\/uploads\/2020\/12\/martelo2-285x130.jpg 285w, http:\/\/dc-ar.com.br\/es\/wp-content\/uploads\/2020\/12\/martelo2-660x302.jpg 660w, http:\/\/dc-ar.com.br\/es\/wp-content\/uploads\/2020\/12\/martelo2-150x69.jpg 150w\" sizes=\"(max-width: 757px) 100vw, 757px\" \/><\/p>\n<p>&nbsp;<\/p>\n<h2>Accesorios<\/h2>\n<h2><img loading=\"lazy\" width=\"538\" height=\"400\" class=\"size-full wp-image-2018\" style=\"max-width: 100%; width: auto;\" src=\"http:\/\/dc-ar.com.br\/es\/wp-content\/uploads\/2020\/12\/martelo3.jpg\" alt=\"Martelos e alargadores pneum\u00e1ticos\" srcset=\"http:\/\/dc-ar.com.br\/es\/wp-content\/uploads\/2020\/12\/martelo3.jpg 538w, http:\/\/dc-ar.com.br\/es\/wp-content\/uploads\/2020\/12\/martelo3-300x223.jpg 300w, http:\/\/dc-ar.com.br\/es\/wp-content\/uploads\/2020\/12\/martelo3-285x212.jpg 285w, http:\/\/dc-ar.com.br\/es\/wp-content\/uploads\/2020\/12\/martelo3-150x112.jpg 150w\" sizes=\"(max-width: 538px) 100vw, 538px\" \/><\/h2>\n","protected":false},"excerpt":{"rendered":"<p>Los martillos neum\u00e1ticos de Ingersoll Rand est\u00e1n dise\u00f1ados pensando en la m\u00e1xima eficiencia, asegurando que la herramienta haga el trabajo, no usted.<\/p>\n<p>Ofrecen la potencia que necesita para realizar su trabajo de forma r\u00e1pida y c\u00f3moda, incluyendo trabajos de escape y frontales, corte de pernos en general, clavado de pasadores y trabajos de cizallamiento de la carrocer\u00eda.<\/p>\n","protected":false},"featured_media":2016,"template":"","meta":[],"yoast_head":"<!-- This site is optimized with the Yoast SEO plugin v15.6.2 - https:\/\/yoast.com\/wordpress\/plugins\/seo\/ -->\n<title>Martillos neum\u00e1ticos y escariadores, taladros y herramientas de corte - DCAR - Bauer Kompressoren &amp; Ingersoll Rand<\/title>\n<meta name=\"description\" content=\"Los martillos neum\u00e1ticos de Ingersoll Rand est\u00e1n dise\u00f1ados pensando en la m\u00e1xima eficiencia, asegurando que la herramienta haga el trabajo, no usted.\" \/>\n<meta name=\"robots\" content=\"index, follow, max-snippet:-1, max-image-preview:large, max-video-preview:-1\" \/>\n<link rel=\"canonical\" href=\"https:\/\/dc-ar.com.br\/es\/store\/ingersoll-rand\/herramientas-neumaticas-y-baterias\/martillos-neumaticos-y-escariadores-taladros-y-herramientas-de-corte\/\" \/>\n<meta property=\"og:locale\" content=\"es_ES\" \/>\n<meta property=\"og:type\" content=\"article\" \/>\n<meta property=\"og:title\" content=\"Martillos neum\u00e1ticos y escariadores, taladros y herramientas de corte - DCAR - Bauer Kompressoren &amp; Ingersoll Rand\" \/>\n<meta property=\"og:description\" content=\"Los martillos neum\u00e1ticos de Ingersoll Rand est\u00e1n dise\u00f1ados pensando en la m\u00e1xima eficiencia, asegurando que la herramienta haga el trabajo, no usted.\" \/>\n<meta property=\"og:url\" content=\"https:\/\/dc-ar.com.br\/es\/store\/ingersoll-rand\/herramientas-neumaticas-y-baterias\/martillos-neumaticos-y-escariadores-taladros-y-herramientas-de-corte\/\" \/>\n<meta property=\"og:site_name\" content=\"DCAR - Bauer Kompressoren &amp; Ingersoll Rand\" \/>\n<meta property=\"article:modified_time\" content=\"2021-09-18T23:12:17+00:00\" \/>\n<meta property=\"og:image\" content=\"http:\/\/dc-ar.com.br\/es\/wp-content\/uploads\/2020\/12\/martelo.jpg\" \/>\n\t<meta property=\"og:image:width\" content=\"501\" \/>\n\t<meta property=\"og:image:height\" content=\"500\" \/>\n<meta name=\"twitter:card\" content=\"summary_large_image\" \/>\n<script type=\"application\/ld+json\" class=\"yoast-schema-graph\">{\"@context\":\"https:\/\/schema.org\",\"@graph\":[{\"@type\":\"WebSite\",\"@id\":\"http:\/\/dc-ar.com.br\/es\/#website\",\"url\":\"http:\/\/dc-ar.com.br\/es\/\",\"name\":\"DCAR - Bauer Kompressoren &amp; Ingersoll Rand\",\"description\":\"\",\"potentialAction\":[{\"@type\":\"SearchAction\",\"target\":\"http:\/\/dc-ar.com.br\/es\/?s={search_term_string}\",\"query-input\":\"required name=search_term_string\"}],\"inLanguage\":\"es\"},{\"@type\":\"ImageObject\",\"@id\":\"https:\/\/dc-ar.com.br\/es\/store\/ingersoll-rand\/herramientas-neumaticas-y-baterias\/martillos-neumaticos-y-escariadores-taladros-y-herramientas-de-corte\/#primaryimage\",\"inLanguage\":\"es\",\"url\":\"http:\/\/dc-ar.com.br\/es\/wp-content\/uploads\/2020\/12\/martelo.jpg\",\"width\":501,\"height\":500},{\"@type\":\"WebPage\",\"@id\":\"https:\/\/dc-ar.com.br\/es\/store\/ingersoll-rand\/herramientas-neumaticas-y-baterias\/martillos-neumaticos-y-escariadores-taladros-y-herramientas-de-corte\/#webpage\",\"url\":\"https:\/\/dc-ar.com.br\/es\/store\/ingersoll-rand\/herramientas-neumaticas-y-baterias\/martillos-neumaticos-y-escariadores-taladros-y-herramientas-de-corte\/\",\"name\":\"Martillos neum\\u00e1ticos y escariadores, taladros y herramientas de corte - DCAR - Bauer Kompressoren &amp; Ingersoll Rand\",\"isPartOf\":{\"@id\":\"http:\/\/dc-ar.com.br\/es\/#website\"},\"primaryImageOfPage\":{\"@id\":\"https:\/\/dc-ar.com.br\/es\/store\/ingersoll-rand\/herramientas-neumaticas-y-baterias\/martillos-neumaticos-y-escariadores-taladros-y-herramientas-de-corte\/#primaryimage\"},\"datePublished\":\"2020-12-19T19:16:33+00:00\",\"dateModified\":\"2021-09-18T23:12:17+00:00\",\"description\":\"Los martillos neum\\u00e1ticos de Ingersoll Rand est\\u00e1n dise\\u00f1ados pensando en la m\\u00e1xima eficiencia, asegurando que la herramienta haga el trabajo, no usted.\",\"inLanguage\":\"es\",\"potentialAction\":[{\"@type\":\"ReadAction\",\"target\":[\"https:\/\/dc-ar.com.br\/es\/store\/ingersoll-rand\/herramientas-neumaticas-y-baterias\/martillos-neumaticos-y-escariadores-taladros-y-herramientas-de-corte\/\"]}]}]}<\/script>\n<!-- \/ Yoast SEO plugin. -->","_links":{"self":[{"href":"http:\/\/dc-ar.com.br\/es\/wp-json\/wp\/v2\/product\/2015"}],"collection":[{"href":"http:\/\/dc-ar.com.br\/es\/wp-json\/wp\/v2\/product"}],"about":[{"href":"http:\/\/dc-ar.com.br\/es\/wp-json\/wp\/v2\/types\/product"}],"wp:featuredmedia":[{"embeddable":true,"href":"http:\/\/dc-ar.com.br\/es\/wp-json\/wp\/v2\/media\/2016"}],"wp:attachment":[{"href":"http:\/\/dc-ar.com.br\/es\/wp-json\/wp\/v2\/media?parent=2015"}],"curies":[{"name":"wp","href":"https:\/\/api.w.org\/{rel}","templated":true}]}}