{"id":2000,"date":"2020-12-19T14:57:15","date_gmt":"2020-12-19T16:57:15","guid":{"rendered":"http:\/\/dc-ar.com.br\/es\/?post_type=product&#038;p=2000"},"modified":"2021-09-18T20:06:23","modified_gmt":"2021-09-18T23:06:23","slug":"herramientas-de-sujecion-neumatica","status":"publish","type":"product","link":"http:\/\/dc-ar.com.br\/es\/store\/ingersoll-rand\/herramientas-neumaticas-y-baterias\/herramientas-de-sujecion-neumatica\/","title":{"rendered":"Herramientas de sujeci\u00f3n neum\u00e1tica"},"content":{"rendered":"<h2>Caracter\u00edsticas<\/h2>\n<p><span style=\"font-weight: 400;\">Las herramientas de apriete neum\u00e1ticas de Ingersoll Rand son sin\u00f3nimo de fiabilidad. Dise\u00f1adas para cumplir con los est\u00e1ndares de calidad exigidos por industrias como la de la automoci\u00f3n, las llaves dinamom\u00e9tricas neum\u00e1ticas de Ingersoll Rand ofrecen no s\u00f3lo ajustes precisos, sino tambi\u00e9n una gran durabilidad y un bajo mantenimiento. Estos destornilladores neum\u00e1ticos pueden venir en 3 tipos de tecnolog\u00eda:<\/span><\/p>\n<ul>\n<li style=\"font-weight: 400;\"><strong>Apagado:<\/strong> Este tipo de atornillador neum\u00e1tico ofrecer\u00e1 la mayor precisi\u00f3n, ya que al alcanzar el par de apriete ajustado;<\/li>\n<li style=\"font-weight: 400;\"><strong>Embrague ajustable o embrague de amortiguaci\u00f3n:<\/strong> Las llaves neum\u00e1ticas de embrague ajustable Ingersoll Rand desconectan el eje del motor al alcanzar el par deseado, lo que genera un ajuste ligeramente menos preciso que el &#8220;off&#8221;, pero a\u00fan as\u00ed es fiable;<\/li>\n<li style=\"font-weight: 400;\"><strong>Enganche directo o en estrella:<\/strong> este tipo de llave neum\u00e1tica de par se ajustar\u00e1 por s\u00ed sola hasta que se suelte el gatillo o hasta que alcance su par m\u00e1ximo.<\/li>\n<\/ul>\n<p>&nbsp;<\/p>\n<h2>Llaves de impulso hidroneum\u00e1tico<\/h2>\n<p><img loading=\"lazy\" width=\"576\" height=\"729\" class=\"size-full wp-image-2003\" style=\"max-width: 100%; width: auto;\" src=\"http:\/\/dc-ar.com.br\/es\/wp-content\/uploads\/2020\/12\/fenda-pneumatica2.jpg\" alt=\"Chaves de fenda pneum\u00e1ticas\" srcset=\"http:\/\/dc-ar.com.br\/es\/wp-content\/uploads\/2020\/12\/fenda-pneumatica2.jpg 576w, http:\/\/dc-ar.com.br\/es\/wp-content\/uploads\/2020\/12\/fenda-pneumatica2-237x300.jpg 237w, http:\/\/dc-ar.com.br\/es\/wp-content\/uploads\/2020\/12\/fenda-pneumatica2-285x361.jpg 285w, http:\/\/dc-ar.com.br\/es\/wp-content\/uploads\/2020\/12\/fenda-pneumatica2-521x660.jpg 521w, http:\/\/dc-ar.com.br\/es\/wp-content\/uploads\/2020\/12\/fenda-pneumatica2-119x150.jpg 119w\" sizes=\"(max-width: 576px) 100vw, 576px\" \/><br \/>\n<img loading=\"lazy\" width=\"561\" height=\"727\" class=\"size-full wp-image-2004\" style=\"max-width: 100%; width: auto;\" src=\"http:\/\/dc-ar.com.br\/es\/wp-content\/uploads\/2020\/12\/fenda-pneumatica3.jpg\" alt=\"Chaves de fenda pneum\u00e1ticas\" srcset=\"http:\/\/dc-ar.com.br\/es\/wp-content\/uploads\/2020\/12\/fenda-pneumatica3.jpg 561w, http:\/\/dc-ar.com.br\/es\/wp-content\/uploads\/2020\/12\/fenda-pneumatica3-231x300.jpg 231w, http:\/\/dc-ar.com.br\/es\/wp-content\/uploads\/2020\/12\/fenda-pneumatica3-285x369.jpg 285w, http:\/\/dc-ar.com.br\/es\/wp-content\/uploads\/2020\/12\/fenda-pneumatica3-509x660.jpg 509w, http:\/\/dc-ar.com.br\/es\/wp-content\/uploads\/2020\/12\/fenda-pneumatica3-116x150.jpg 116w\" sizes=\"(max-width: 561px) 100vw, 561px\" \/><\/p>\n","protected":false},"excerpt":{"rendered":"<p>Ingersoll Rand ofrece la l\u00ednea m\u00e1s completa de m\u00e1quinas de sujeci\u00f3n neum\u00e1tica del mercado industrial. Ofrecemos herramientas de sujeci\u00f3n neum\u00e1tica con embrague ajustable y acoplamiento directo.<\/p>\n<p>Disponemos de pares neum\u00e1ticos de tipo pistola, angulares y rectos, desde el micro-par hasta los pares m\u00e1s altos que se pueden encontrar en el mercado. Ingersoll Rand lleva m\u00e1s de 100 a\u00f1os ofreciendo este tipo de herramientas neum\u00e1ticas, por lo que puede confiar en que la experiencia y la durabilidad de nuestros productos garantizar\u00e1n no s\u00f3lo una alta calidad de producci\u00f3n, sino tambi\u00e9n un ahorro de costes.<\/p>\n","protected":false},"featured_media":2002,"template":"","meta":[],"yoast_head":"<!-- This site is optimized with the Yoast SEO plugin v15.6.2 - https:\/\/yoast.com\/wordpress\/plugins\/seo\/ -->\n<title>Herramientas de sujeci\u00f3n neum\u00e1tica - DCAR - Bauer Kompressoren &amp; Ingersoll Rand<\/title>\n<meta name=\"description\" content=\"Ingersoll Rand ofrece la l\u00ednea m\u00e1s completa de m\u00e1quinas de sujeci\u00f3n neum\u00e1tica del mercado industrial.\" \/>\n<meta name=\"robots\" content=\"index, follow, max-snippet:-1, max-image-preview:large, max-video-preview:-1\" \/>\n<link rel=\"canonical\" href=\"https:\/\/dc-ar.com.br\/es\/store\/ingersoll-rand\/herramientas-neumaticas-y-baterias\/herramientas-de-sujecion-neumatica\/\" \/>\n<meta property=\"og:locale\" content=\"es_ES\" \/>\n<meta property=\"og:type\" content=\"article\" \/>\n<meta property=\"og:title\" content=\"Herramientas de sujeci\u00f3n neum\u00e1tica - DCAR - Bauer Kompressoren &amp; Ingersoll Rand\" \/>\n<meta property=\"og:description\" content=\"Ingersoll Rand ofrece la l\u00ednea m\u00e1s completa de m\u00e1quinas de sujeci\u00f3n neum\u00e1tica del mercado industrial.\" \/>\n<meta property=\"og:url\" content=\"https:\/\/dc-ar.com.br\/es\/store\/ingersoll-rand\/herramientas-neumaticas-y-baterias\/herramientas-de-sujecion-neumatica\/\" \/>\n<meta property=\"og:site_name\" content=\"DCAR - Bauer Kompressoren &amp; Ingersoll Rand\" \/>\n<meta property=\"article:modified_time\" content=\"2021-09-18T23:06:23+00:00\" \/>\n<meta property=\"og:image\" content=\"http:\/\/dc-ar.com.br\/es\/wp-content\/uploads\/2020\/12\/fenda-pneumatica.jpg\" \/>\n\t<meta property=\"og:image:width\" content=\"500\" \/>\n\t<meta property=\"og:image:height\" content=\"500\" \/>\n<meta name=\"twitter:card\" content=\"summary_large_image\" \/>\n<meta name=\"twitter:label1\" content=\"Tiempo de lectura\">\n\t<meta name=\"twitter:data1\" content=\"2 minutos\">\n<script type=\"application\/ld+json\" class=\"yoast-schema-graph\">{\"@context\":\"https:\/\/schema.org\",\"@graph\":[{\"@type\":\"WebSite\",\"@id\":\"http:\/\/dc-ar.com.br\/es\/#website\",\"url\":\"http:\/\/dc-ar.com.br\/es\/\",\"name\":\"DCAR - Bauer Kompressoren &amp; Ingersoll Rand\",\"description\":\"\",\"potentialAction\":[{\"@type\":\"SearchAction\",\"target\":\"http:\/\/dc-ar.com.br\/es\/?s={search_term_string}\",\"query-input\":\"required name=search_term_string\"}],\"inLanguage\":\"es\"},{\"@type\":\"ImageObject\",\"@id\":\"https:\/\/dc-ar.com.br\/es\/store\/ingersoll-rand\/herramientas-neumaticas-y-baterias\/herramientas-de-sujecion-neumatica\/#primaryimage\",\"inLanguage\":\"es\",\"url\":\"http:\/\/dc-ar.com.br\/es\/wp-content\/uploads\/2020\/12\/fenda-pneumatica.jpg\",\"width\":500,\"height\":500},{\"@type\":\"WebPage\",\"@id\":\"https:\/\/dc-ar.com.br\/es\/store\/ingersoll-rand\/herramientas-neumaticas-y-baterias\/herramientas-de-sujecion-neumatica\/#webpage\",\"url\":\"https:\/\/dc-ar.com.br\/es\/store\/ingersoll-rand\/herramientas-neumaticas-y-baterias\/herramientas-de-sujecion-neumatica\/\",\"name\":\"Herramientas de sujeci\\u00f3n neum\\u00e1tica - DCAR - Bauer Kompressoren &amp; Ingersoll Rand\",\"isPartOf\":{\"@id\":\"http:\/\/dc-ar.com.br\/es\/#website\"},\"primaryImageOfPage\":{\"@id\":\"https:\/\/dc-ar.com.br\/es\/store\/ingersoll-rand\/herramientas-neumaticas-y-baterias\/herramientas-de-sujecion-neumatica\/#primaryimage\"},\"datePublished\":\"2020-12-19T16:57:15+00:00\",\"dateModified\":\"2021-09-18T23:06:23+00:00\",\"description\":\"Ingersoll Rand ofrece la l\\u00ednea m\\u00e1s completa de m\\u00e1quinas de sujeci\\u00f3n neum\\u00e1tica del mercado industrial.\",\"inLanguage\":\"es\",\"potentialAction\":[{\"@type\":\"ReadAction\",\"target\":[\"https:\/\/dc-ar.com.br\/es\/store\/ingersoll-rand\/herramientas-neumaticas-y-baterias\/herramientas-de-sujecion-neumatica\/\"]}]}]}<\/script>\n<!-- \/ Yoast SEO plugin. -->","_links":{"self":[{"href":"http:\/\/dc-ar.com.br\/es\/wp-json\/wp\/v2\/product\/2000"}],"collection":[{"href":"http:\/\/dc-ar.com.br\/es\/wp-json\/wp\/v2\/product"}],"about":[{"href":"http:\/\/dc-ar.com.br\/es\/wp-json\/wp\/v2\/types\/product"}],"wp:featuredmedia":[{"embeddable":true,"href":"http:\/\/dc-ar.com.br\/es\/wp-json\/wp\/v2\/media\/2002"}],"wp:attachment":[{"href":"http:\/\/dc-ar.com.br\/es\/wp-json\/wp\/v2\/media?parent=2000"}],"curies":[{"name":"wp","href":"https:\/\/api.w.org\/{rel}","templated":true}]}}