{"id":1982,"date":"2020-12-19T14:32:27","date_gmt":"2020-12-19T16:32:27","guid":{"rendered":"http:\/\/dc-ar.com.br\/es\/?post_type=product&#038;p=1982"},"modified":"2021-08-28T14:02:51","modified_gmt":"2021-08-28T17:02:51","slug":"balancin-neumatico","status":"publish","type":"product","link":"http:\/\/dc-ar.com.br\/es\/store\/ingersoll-rand\/balanceadores\/balancin-neumatico\/","title":{"rendered":"Balanc\u00edn neum\u00e1tico"},"content":{"rendered":"<p>Los balancines operan dentro de un rango de capacidad de 22 a 909 kg (50 a 2.000 lb).<\/p>\n<p>Los DISPOSITIVOS DE ELEVACI\u00d3N INTELIGENTE eliminan la necesidad de controles de elevaci\u00f3n y descenso porque detectan la fuerza del operador y la traducen en movimientos verticales precisos.<\/p>\n<p>Estos dispositivos son ideales para aplicaciones en las que se requieren controles de carga supervisados para cargas de hasta 455 kg (1.000 lb).<\/p>\n<p>Los equilibradores mec\u00e1nicos de muelle est\u00e1n dise\u00f1ados para aplicaciones en las que un peso constante recorre una distancia vertical relativamente corta (por ejemplo, herramientas el\u00e9ctricas y pistolas de soldadura). Estos equilibradores pueden soportar pesos de hasta 165 kg (363 lb).<\/p>\n<p>&nbsp;<\/p>\n<h2>Caracter\u00edsticas<\/h2>\n<p><img loading=\"lazy\" width=\"910\" height=\"586\" class=\"size-full wp-image-1986\" style=\"max-width: 100%; width: auto;\" src=\"http:\/\/dc-ar.com.br\/es\/wp-content\/uploads\/2020\/12\/balanceadores-pneumaticos2.jpg\" alt=\"Balanceadores pneum\u00e1ticos\" srcset=\"http:\/\/dc-ar.com.br\/es\/wp-content\/uploads\/2020\/12\/balanceadores-pneumaticos2.jpg 910w, http:\/\/dc-ar.com.br\/es\/wp-content\/uploads\/2020\/12\/balanceadores-pneumaticos2-300x193.jpg 300w, http:\/\/dc-ar.com.br\/es\/wp-content\/uploads\/2020\/12\/balanceadores-pneumaticos2-768x495.jpg 768w, http:\/\/dc-ar.com.br\/es\/wp-content\/uploads\/2020\/12\/balanceadores-pneumaticos2-285x184.jpg 285w, http:\/\/dc-ar.com.br\/es\/wp-content\/uploads\/2020\/12\/balanceadores-pneumaticos2-660x425.jpg 660w, http:\/\/dc-ar.com.br\/es\/wp-content\/uploads\/2020\/12\/balanceadores-pneumaticos2-150x97.jpg 150w\" sizes=\"(max-width: 910px) 100vw, 910px\" \/><br \/>\n<img loading=\"lazy\" width=\"453\" height=\"242\" class=\"size-full wp-image-1987\" style=\"max-width: 100%; width: auto;\" src=\"http:\/\/dc-ar.com.br\/es\/wp-content\/uploads\/2020\/12\/balanceadores-pneumaticos3.jpg\" alt=\"Balanceadores pneum\u00e1ticos\" srcset=\"http:\/\/dc-ar.com.br\/es\/wp-content\/uploads\/2020\/12\/balanceadores-pneumaticos3.jpg 453w, http:\/\/dc-ar.com.br\/es\/wp-content\/uploads\/2020\/12\/balanceadores-pneumaticos3-300x160.jpg 300w, http:\/\/dc-ar.com.br\/es\/wp-content\/uploads\/2020\/12\/balanceadores-pneumaticos3-285x152.jpg 285w, http:\/\/dc-ar.com.br\/es\/wp-content\/uploads\/2020\/12\/balanceadores-pneumaticos3-150x80.jpg 150w\" sizes=\"(max-width: 453px) 100vw, 453px\" \/><br \/>\n<img loading=\"lazy\" width=\"887\" height=\"475\" class=\"size-full wp-image-1988\" style=\"max-width: 100%; width: auto;\" src=\"http:\/\/dc-ar.com.br\/es\/wp-content\/uploads\/2020\/12\/balanceadores-pneumaticos4.jpg\" alt=\"Balanceadores pneum\u00e1ticos\" srcset=\"http:\/\/dc-ar.com.br\/es\/wp-content\/uploads\/2020\/12\/balanceadores-pneumaticos4.jpg 887w, http:\/\/dc-ar.com.br\/es\/wp-content\/uploads\/2020\/12\/balanceadores-pneumaticos4-300x161.jpg 300w, http:\/\/dc-ar.com.br\/es\/wp-content\/uploads\/2020\/12\/balanceadores-pneumaticos4-768x411.jpg 768w, http:\/\/dc-ar.com.br\/es\/wp-content\/uploads\/2020\/12\/balanceadores-pneumaticos4-285x153.jpg 285w, http:\/\/dc-ar.com.br\/es\/wp-content\/uploads\/2020\/12\/balanceadores-pneumaticos4-660x353.jpg 660w, http:\/\/dc-ar.com.br\/es\/wp-content\/uploads\/2020\/12\/balanceadores-pneumaticos4-150x80.jpg 150w\" sizes=\"(max-width: 887px) 100vw, 887px\" \/><\/p>\n<h2>Modelos<br \/>\n<img loading=\"lazy\" width=\"800\" height=\"259\" class=\"size-full wp-image-1989\" style=\"max-width: 100%; width: auto;\" src=\"http:\/\/dc-ar.com.br\/es\/wp-content\/uploads\/2020\/12\/balanceadores-pneumaticos5.jpg\" alt=\"Balanceadores pneum\u00e1ticos\" srcset=\"http:\/\/dc-ar.com.br\/es\/wp-content\/uploads\/2020\/12\/balanceadores-pneumaticos5.jpg 800w, http:\/\/dc-ar.com.br\/es\/wp-content\/uploads\/2020\/12\/balanceadores-pneumaticos5-300x97.jpg 300w, http:\/\/dc-ar.com.br\/es\/wp-content\/uploads\/2020\/12\/balanceadores-pneumaticos5-768x249.jpg 768w, http:\/\/dc-ar.com.br\/es\/wp-content\/uploads\/2020\/12\/balanceadores-pneumaticos5-285x92.jpg 285w, http:\/\/dc-ar.com.br\/es\/wp-content\/uploads\/2020\/12\/balanceadores-pneumaticos5-660x214.jpg 660w, http:\/\/dc-ar.com.br\/es\/wp-content\/uploads\/2020\/12\/balanceadores-pneumaticos5-150x49.jpg 150w\" sizes=\"(max-width: 800px) 100vw, 800px\" \/><br \/>\n<img loading=\"lazy\" width=\"800\" height=\"298\" class=\"size-full wp-image-1990\" style=\"max-width: 100%; width: auto;\" src=\"http:\/\/dc-ar.com.br\/es\/wp-content\/uploads\/2020\/12\/balanceadores-pneumaticos6.jpg\" alt=\"Balanceadores pneum\u00e1ticos\" srcset=\"http:\/\/dc-ar.com.br\/es\/wp-content\/uploads\/2020\/12\/balanceadores-pneumaticos6.jpg 800w, http:\/\/dc-ar.com.br\/es\/wp-content\/uploads\/2020\/12\/balanceadores-pneumaticos6-300x112.jpg 300w, http:\/\/dc-ar.com.br\/es\/wp-content\/uploads\/2020\/12\/balanceadores-pneumaticos6-768x286.jpg 768w, http:\/\/dc-ar.com.br\/es\/wp-content\/uploads\/2020\/12\/balanceadores-pneumaticos6-285x106.jpg 285w, http:\/\/dc-ar.com.br\/es\/wp-content\/uploads\/2020\/12\/balanceadores-pneumaticos6-660x246.jpg 660w, http:\/\/dc-ar.com.br\/es\/wp-content\/uploads\/2020\/12\/balanceadores-pneumaticos6-150x56.jpg 150w\" sizes=\"(max-width: 800px) 100vw, 800px\" \/><br \/>\n<img loading=\"lazy\" width=\"220\" height=\"266\" class=\"size-full wp-image-1991\" style=\"max-width: 100%; width: auto;\" src=\"http:\/\/dc-ar.com.br\/es\/wp-content\/uploads\/2020\/12\/balanceadores-pneumaticos7.jpg\" alt=\"Balanceadores pneum\u00e1ticos\" srcset=\"http:\/\/dc-ar.com.br\/es\/wp-content\/uploads\/2020\/12\/balanceadores-pneumaticos7.jpg 220w, http:\/\/dc-ar.com.br\/es\/wp-content\/uploads\/2020\/12\/balanceadores-pneumaticos7-124x150.jpg 124w\" sizes=\"(max-width: 220px) 100vw, 220px\" \/><\/h2>\n","protected":false},"excerpt":{"rendered":"<p>Los balancines neum\u00e1ticos de Ingersoll Rand permiten al usuario no s\u00f3lo elevar la carga, sino tambi\u00e9n &#8220;hacerla flotar&#8221;, asegurando un movimiento y posicionamiento manual preciso sin los &#8220;tirones&#8221; de los elevadores tradicionales.<\/p>\n","protected":false},"featured_media":1984,"template":"","meta":[],"yoast_head":"<!-- This site is optimized with the Yoast SEO plugin v15.6.2 - https:\/\/yoast.com\/wordpress\/plugins\/seo\/ -->\n<title>Balanc\u00edn neum\u00e1tico - DCAR - Bauer Kompressoren &amp; Ingersoll Rand<\/title>\n<meta name=\"description\" content=\"Los balancines neum\u00e1ticos de Ingersoll Rand permiten al usuario no s\u00f3lo elevar la carga, sino tambi\u00e9n &quot;hacerla flotar&quot;, asegurando un movimiento y posicionamiento manual preciso sin los &quot;tirones&quot; de los elevadores tradicionales.\" \/>\n<meta name=\"robots\" content=\"index, follow, max-snippet:-1, max-image-preview:large, max-video-preview:-1\" \/>\n<link rel=\"canonical\" href=\"http:\/\/dc-ar.com.br\/es\/store\/ingersoll-rand\/balanceadores\/balancin-neumatico\/\" \/>\n<meta property=\"og:locale\" content=\"es_ES\" \/>\n<meta property=\"og:type\" content=\"article\" \/>\n<meta property=\"og:title\" content=\"Balanc\u00edn neum\u00e1tico - DCAR - Bauer Kompressoren &amp; Ingersoll Rand\" \/>\n<meta property=\"og:description\" content=\"Los balancines neum\u00e1ticos de Ingersoll Rand permiten al usuario no s\u00f3lo elevar la carga, sino tambi\u00e9n &quot;hacerla flotar&quot;, asegurando un movimiento y posicionamiento manual preciso sin los &quot;tirones&quot; de los elevadores tradicionales.\" \/>\n<meta property=\"og:url\" content=\"http:\/\/dc-ar.com.br\/es\/store\/ingersoll-rand\/balanceadores\/balancin-neumatico\/\" \/>\n<meta property=\"og:site_name\" content=\"DCAR - Bauer Kompressoren &amp; Ingersoll Rand\" \/>\n<meta property=\"article:modified_time\" content=\"2021-08-28T17:02:51+00:00\" \/>\n<meta property=\"og:image\" content=\"http:\/\/dc-ar.com.br\/es\/wp-content\/uploads\/2020\/12\/balanceadores-pneumaticos.jpg\" \/>\n\t<meta property=\"og:image:width\" content=\"500\" \/>\n\t<meta property=\"og:image:height\" content=\"500\" \/>\n<meta name=\"twitter:card\" content=\"summary_large_image\" \/>\n<meta name=\"twitter:label1\" content=\"Tiempo de lectura\">\n\t<meta name=\"twitter:data1\" content=\"2 minutos\">\n<script type=\"application\/ld+json\" class=\"yoast-schema-graph\">{\"@context\":\"https:\/\/schema.org\",\"@graph\":[{\"@type\":\"WebSite\",\"@id\":\"https:\/\/dc-ar.com.br\/es\/#website\",\"url\":\"https:\/\/dc-ar.com.br\/es\/\",\"name\":\"DCAR - Bauer Kompressoren &amp; Ingersoll Rand\",\"description\":\"\",\"potentialAction\":[{\"@type\":\"SearchAction\",\"target\":\"https:\/\/dc-ar.com.br\/es\/?s={search_term_string}\",\"query-input\":\"required name=search_term_string\"}],\"inLanguage\":\"es\"},{\"@type\":\"ImageObject\",\"@id\":\"http:\/\/dc-ar.com.br\/es\/store\/ingersoll-rand\/balanceadores\/balancin-neumatico\/#primaryimage\",\"inLanguage\":\"es\",\"url\":\"http:\/\/dc-ar.com.br\/es\/wp-content\/uploads\/2020\/12\/balanceadores-pneumaticos.jpg\",\"width\":500,\"height\":500},{\"@type\":\"WebPage\",\"@id\":\"http:\/\/dc-ar.com.br\/es\/store\/ingersoll-rand\/balanceadores\/balancin-neumatico\/#webpage\",\"url\":\"http:\/\/dc-ar.com.br\/es\/store\/ingersoll-rand\/balanceadores\/balancin-neumatico\/\",\"name\":\"Balanc\\u00edn neum\\u00e1tico - DCAR - Bauer Kompressoren &amp; Ingersoll Rand\",\"isPartOf\":{\"@id\":\"https:\/\/dc-ar.com.br\/es\/#website\"},\"primaryImageOfPage\":{\"@id\":\"http:\/\/dc-ar.com.br\/es\/store\/ingersoll-rand\/balanceadores\/balancin-neumatico\/#primaryimage\"},\"datePublished\":\"2020-12-19T16:32:27+00:00\",\"dateModified\":\"2021-08-28T17:02:51+00:00\",\"description\":\"Los balancines neum\\u00e1ticos de Ingersoll Rand permiten al usuario no s\\u00f3lo elevar la carga, sino tambi\\u00e9n \\\"hacerla flotar\\\", asegurando un movimiento y posicionamiento manual preciso sin los \\\"tirones\\\" de los elevadores tradicionales.\",\"inLanguage\":\"es\",\"potentialAction\":[{\"@type\":\"ReadAction\",\"target\":[\"http:\/\/dc-ar.com.br\/es\/store\/ingersoll-rand\/balanceadores\/balancin-neumatico\/\"]}]}]}<\/script>\n<!-- \/ Yoast SEO plugin. -->","_links":{"self":[{"href":"http:\/\/dc-ar.com.br\/es\/wp-json\/wp\/v2\/product\/1982"}],"collection":[{"href":"http:\/\/dc-ar.com.br\/es\/wp-json\/wp\/v2\/product"}],"about":[{"href":"http:\/\/dc-ar.com.br\/es\/wp-json\/wp\/v2\/types\/product"}],"wp:featuredmedia":[{"embeddable":true,"href":"http:\/\/dc-ar.com.br\/es\/wp-json\/wp\/v2\/media\/1984"}],"wp:attachment":[{"href":"http:\/\/dc-ar.com.br\/es\/wp-json\/wp\/v2\/media?parent=1982"}],"curies":[{"name":"wp","href":"https:\/\/api.w.org\/{rel}","templated":true}]}}