{"id":1942,"date":"2020-12-12T20:35:53","date_gmt":"2020-12-12T22:35:53","guid":{"rendered":"http:\/\/dc-ar.com.br\/es\/?post_type=product&#038;p=1942"},"modified":"2021-08-28T17:12:31","modified_gmt":"2021-08-28T20:12:31","slug":"refuerzo-pe-ve","status":"publish","type":"product","link":"http:\/\/dc-ar.com.br\/es\/store\/bauer\/booster\/refuerzo-pe-ve\/","title":{"rendered":"Refuerzo PE-VE"},"content":{"rendered":"<p>En combinaci\u00f3n con las numerosas opciones de instalaci\u00f3n y una amplia gama de accesorios, se pueden conseguir soluciones a medida para casi cualquier tarea en el campo del aire y el nitr\u00f3geno.<\/p>\n<p>El coraz\u00f3n del sistema son los bloques de alta presi\u00f3n BAUER, que se han ganado una reputaci\u00f3n legendaria en el mercado por su fiabilidad y durabilidad. La tecnolog\u00eda del sistema utilizada est\u00e1 dise\u00f1ada para uso industrial.<\/p>\n<p>El B-CONTROL MICRO ampliado es m\u00e1s eficiente y est\u00e1 preparado para la comunicaci\u00f3n con la nueva B-APP, por ejemplo, para el control y la supervisi\u00f3n remotos del compresor.<\/p>\n<p>Cuando se trata de comprimir aire y nitr\u00f3geno con presi\u00f3n de entrada, los boosters de alta presi\u00f3n refrigerados por aire de la serie PE-VE de BAUER KOMPRESSOREN son la soluci\u00f3n ideal.<\/p>\n","protected":false},"excerpt":{"rendered":"<p><strong>Dimensiones compactas:<\/strong> para la instalaci\u00f3n en espacios reducidos.<\/p>\n<p>Control del compresor <strong>B-CONTROL MICRO<\/strong> totalmente autom\u00e1tico con pantalla en color.<\/p>\n<p><strong>B-DRAIN:<\/strong> el nuevo purgador de condensados es silencioso y ahorra energ\u00eda.<\/p>\n<p><strong>Revestimiento supersilencioso opcional:<\/strong> para minimizar las emisiones de ruido.<\/p>\n<p><strong>Mantenimiento extremadamente sencillo:<\/strong> no hay que retensar las correas trapezoidales.<\/p>\n<p>Con el nuevo <strong>PE-VE, BAUER<\/strong> ha dise\u00f1ado una serie de sistemas que, ya en su modelo b\u00e1sico, consiguen combinar un interesante equipamiento con una impresionante relaci\u00f3n coste-beneficio.<\/p>\n","protected":false},"featured_media":1943,"template":"","meta":[],"yoast_head":"<!-- This site is optimized with the Yoast SEO plugin v15.6.2 - https:\/\/yoast.com\/wordpress\/plugins\/seo\/ -->\n<title>Refuerzo PE-VE - DCAR - Bauer Kompressoren &amp; Ingersoll Rand<\/title>\n<meta name=\"description\" content=\"Cuando se trata de comprimir aire y nitr\u00f3geno con presi\u00f3n de entrada, los boosters de alta presi\u00f3n refrigerados por aire de la serie PE-VE de BAUER KOMPRESSOREN son la soluci\u00f3n ideal.\" \/>\n<meta name=\"robots\" content=\"index, follow, max-snippet:-1, max-image-preview:large, max-video-preview:-1\" \/>\n<link rel=\"canonical\" href=\"https:\/\/dc-ar.com.br\/es\/store\/bauer\/booster\/refuerzo-pe-ve\/\" \/>\n<meta property=\"og:locale\" content=\"es_ES\" \/>\n<meta property=\"og:type\" content=\"article\" \/>\n<meta property=\"og:title\" content=\"Refuerzo PE-VE - DCAR - Bauer Kompressoren &amp; Ingersoll Rand\" \/>\n<meta property=\"og:description\" content=\"Cuando se trata de comprimir aire y nitr\u00f3geno con presi\u00f3n de entrada, los boosters de alta presi\u00f3n refrigerados por aire de la serie PE-VE de BAUER KOMPRESSOREN son la soluci\u00f3n ideal.\" \/>\n<meta property=\"og:url\" content=\"https:\/\/dc-ar.com.br\/es\/store\/bauer\/booster\/refuerzo-pe-ve\/\" \/>\n<meta property=\"og:site_name\" content=\"DCAR - Bauer Kompressoren &amp; Ingersoll Rand\" \/>\n<meta property=\"article:modified_time\" content=\"2021-08-28T20:12:31+00:00\" \/>\n<meta property=\"og:image\" content=\"http:\/\/dc-ar.com.br\/es\/wp-content\/uploads\/2020\/12\/PE-VE-1.jpg\" \/>\n\t<meta property=\"og:image:width\" content=\"738\" \/>\n\t<meta property=\"og:image:height\" content=\"600\" \/>\n<meta name=\"twitter:card\" content=\"summary_large_image\" \/>\n<meta name=\"twitter:label1\" content=\"Tiempo de lectura\">\n\t<meta name=\"twitter:data1\" content=\"1 minuto\">\n<script type=\"application\/ld+json\" class=\"yoast-schema-graph\">{\"@context\":\"https:\/\/schema.org\",\"@graph\":[{\"@type\":\"WebSite\",\"@id\":\"https:\/\/dc-ar.com.br\/es\/#website\",\"url\":\"https:\/\/dc-ar.com.br\/es\/\",\"name\":\"DCAR - Bauer Kompressoren &amp; Ingersoll Rand\",\"description\":\"\",\"potentialAction\":[{\"@type\":\"SearchAction\",\"target\":\"https:\/\/dc-ar.com.br\/es\/?s={search_term_string}\",\"query-input\":\"required name=search_term_string\"}],\"inLanguage\":\"es\"},{\"@type\":\"ImageObject\",\"@id\":\"https:\/\/dc-ar.com.br\/es\/store\/bauer\/booster\/refuerzo-pe-ve\/#primaryimage\",\"inLanguage\":\"es\",\"url\":\"http:\/\/dc-ar.com.br\/es\/wp-content\/uploads\/2020\/12\/PE-VE-1.jpg\",\"width\":738,\"height\":600},{\"@type\":\"WebPage\",\"@id\":\"https:\/\/dc-ar.com.br\/es\/store\/bauer\/booster\/refuerzo-pe-ve\/#webpage\",\"url\":\"https:\/\/dc-ar.com.br\/es\/store\/bauer\/booster\/refuerzo-pe-ve\/\",\"name\":\"Refuerzo PE-VE - DCAR - Bauer Kompressoren &amp; Ingersoll Rand\",\"isPartOf\":{\"@id\":\"https:\/\/dc-ar.com.br\/es\/#website\"},\"primaryImageOfPage\":{\"@id\":\"https:\/\/dc-ar.com.br\/es\/store\/bauer\/booster\/refuerzo-pe-ve\/#primaryimage\"},\"datePublished\":\"2020-12-12T22:35:53+00:00\",\"dateModified\":\"2021-08-28T20:12:31+00:00\",\"description\":\"Cuando se trata de comprimir aire y nitr\\u00f3geno con presi\\u00f3n de entrada, los boosters de alta presi\\u00f3n refrigerados por aire de la serie PE-VE de BAUER KOMPRESSOREN son la soluci\\u00f3n ideal.\",\"inLanguage\":\"es\",\"potentialAction\":[{\"@type\":\"ReadAction\",\"target\":[\"https:\/\/dc-ar.com.br\/es\/store\/bauer\/booster\/refuerzo-pe-ve\/\"]}]}]}<\/script>\n<!-- \/ Yoast SEO plugin. -->","_links":{"self":[{"href":"http:\/\/dc-ar.com.br\/es\/wp-json\/wp\/v2\/product\/1942"}],"collection":[{"href":"http:\/\/dc-ar.com.br\/es\/wp-json\/wp\/v2\/product"}],"about":[{"href":"http:\/\/dc-ar.com.br\/es\/wp-json\/wp\/v2\/types\/product"}],"wp:featuredmedia":[{"embeddable":true,"href":"http:\/\/dc-ar.com.br\/es\/wp-json\/wp\/v2\/media\/1943"}],"wp:attachment":[{"href":"http:\/\/dc-ar.com.br\/es\/wp-json\/wp\/v2\/media?parent=1942"}],"curies":[{"name":"wp","href":"https:\/\/api.w.org\/{rel}","templated":true}]}}