{"id":1940,"date":"2020-12-12T20:28:24","date_gmt":"2020-12-12T22:28:24","guid":{"rendered":"http:\/\/dc-ar.com.br\/es\/?post_type=product&#038;p=1940"},"modified":"2021-08-28T16:42:35","modified_gmt":"2021-08-28T19:42:35","slug":"refuerzo-gib-verticus","status":"publish","type":"product","link":"http:\/\/dc-ar.com.br\/es\/store\/bauer\/booster\/refuerzo-gib-verticus\/","title":{"rendered":"Refuerzo GIB Verticus"},"content":{"rendered":"<p>La nueva generaci\u00f3n de compresores estacionarios de la serie VERTICUS demuestra una vez m\u00e1s la ventaja tecnol\u00f3gica de BAUER.<\/p>\n<p>Los nuevos MINI-VERTICUS y VERTICUS combinan los legendarios bloques compresores BAUER con componentes mejorados y el dise\u00f1o m\u00e1s moderno. Al concebir el nuevo dise\u00f1o, el objetivo era lograr la ergonom\u00eda, el mejor manejo posible, reducir el ruido y aumentar la eficiencia.<\/p>\n<p>Todos los elementos de mando esenciales para el funcionamiento diario est\u00e1n dispuestos de forma ergon\u00f3mica y son f\u00e1cilmente accesibles desde la parte delantera.<\/p>\n<p>El B-CONTROL MICRO ampliado es m\u00e1s eficiente y est\u00e1 preparado para la comunicaci\u00f3n con la nueva B-APP, por ejemplo, para el control remoto y la supervisi\u00f3n del compresor.<\/p>\n","protected":false},"excerpt":{"rendered":"<p><strong>Serie GIB:<\/strong> compresores booster de alta presi\u00f3n refrigerados por aire para la compresi\u00f3n de aire y nitr\u00f3geno.<\/p>\n<p><strong>Mucho m\u00e1s silenciosa:<\/strong> gracias al nuevo bastidor giratorio y a la mejora de la insonorizaci\u00f3n Super Silent.<\/p>\n<p><strong>Dimensiones compactas:<\/strong> para la instalaci\u00f3n en espacios reducidos.<\/p>\n<p><strong>Dise\u00f1o ergon\u00f3mico:<\/strong> \u00f3ptima accesibilidad y manejo.<\/p>\n<p><strong>B-DRAIN:<\/strong> el nuevo purgador de condensados es silencioso y ahorra energ\u00eda.<\/p>\n<p><strong>Mantenimiento extremadamente sencillo:<\/strong> no hay que retensar las correas trapezoidales.<\/p>\n<p>Los compresores booster de alta presi\u00f3n refrigerados por aire de la serie GIB de BAUER KOMPRESSOREN son la soluci\u00f3n ideal para la compresi\u00f3n de aire y nitr\u00f3geno con presi\u00f3n de entrada disponible.<\/p>\n","protected":false},"featured_media":1916,"template":"","meta":[],"yoast_head":"<!-- This site is optimized with the Yoast SEO plugin v15.6.2 - https:\/\/yoast.com\/wordpress\/plugins\/seo\/ -->\n<title>Refuerzo GIB Verticus - DCAR - Bauer Kompressoren &amp; Ingersoll Rand<\/title>\n<meta name=\"description\" content=\"La nueva generaci\u00f3n de compresores estacionarios de la serie VERTICUS demuestra una vez m\u00e1s la ventaja tecnol\u00f3gica de BAUER.\" \/>\n<meta name=\"robots\" content=\"index, follow, max-snippet:-1, max-image-preview:large, max-video-preview:-1\" \/>\n<link rel=\"canonical\" href=\"https:\/\/dc-ar.com.br\/es\/store\/bauer\/booster\/refuerzo-gib-verticus\/\" \/>\n<meta property=\"og:locale\" content=\"es_ES\" \/>\n<meta property=\"og:type\" content=\"article\" \/>\n<meta property=\"og:title\" content=\"Refuerzo GIB Verticus - DCAR - Bauer Kompressoren &amp; Ingersoll Rand\" \/>\n<meta property=\"og:description\" content=\"La nueva generaci\u00f3n de compresores estacionarios de la serie VERTICUS demuestra una vez m\u00e1s la ventaja tecnol\u00f3gica de BAUER.\" \/>\n<meta property=\"og:url\" content=\"https:\/\/dc-ar.com.br\/es\/store\/bauer\/booster\/refuerzo-gib-verticus\/\" \/>\n<meta property=\"og:site_name\" content=\"DCAR - Bauer Kompressoren &amp; Ingersoll Rand\" \/>\n<meta property=\"article:modified_time\" content=\"2021-08-28T19:42:35+00:00\" \/>\n<meta property=\"og:image\" content=\"http:\/\/dc-ar.com.br\/es\/wp-content\/uploads\/2020\/12\/mini-verticus-super1.jpg\" \/>\n\t<meta property=\"og:image:width\" content=\"500\" \/>\n\t<meta property=\"og:image:height\" content=\"407\" \/>\n<meta name=\"twitter:card\" content=\"summary_large_image\" \/>\n<meta name=\"twitter:label1\" content=\"Tiempo de lectura\">\n\t<meta name=\"twitter:data1\" content=\"1 minuto\">\n<script type=\"application\/ld+json\" class=\"yoast-schema-graph\">{\"@context\":\"https:\/\/schema.org\",\"@graph\":[{\"@type\":\"WebSite\",\"@id\":\"https:\/\/dc-ar.com.br\/es\/#website\",\"url\":\"https:\/\/dc-ar.com.br\/es\/\",\"name\":\"DCAR - Bauer Kompressoren &amp; Ingersoll Rand\",\"description\":\"\",\"potentialAction\":[{\"@type\":\"SearchAction\",\"target\":\"https:\/\/dc-ar.com.br\/es\/?s={search_term_string}\",\"query-input\":\"required name=search_term_string\"}],\"inLanguage\":\"es\"},{\"@type\":\"ImageObject\",\"@id\":\"https:\/\/dc-ar.com.br\/es\/store\/bauer\/booster\/refuerzo-gib-verticus\/#primaryimage\",\"inLanguage\":\"es\",\"url\":\"http:\/\/dc-ar.com.br\/es\/wp-content\/uploads\/2020\/12\/mini-verticus-super1.jpg\",\"width\":500,\"height\":407},{\"@type\":\"WebPage\",\"@id\":\"https:\/\/dc-ar.com.br\/es\/store\/bauer\/booster\/refuerzo-gib-verticus\/#webpage\",\"url\":\"https:\/\/dc-ar.com.br\/es\/store\/bauer\/booster\/refuerzo-gib-verticus\/\",\"name\":\"Refuerzo GIB Verticus - DCAR - Bauer Kompressoren &amp; Ingersoll Rand\",\"isPartOf\":{\"@id\":\"https:\/\/dc-ar.com.br\/es\/#website\"},\"primaryImageOfPage\":{\"@id\":\"https:\/\/dc-ar.com.br\/es\/store\/bauer\/booster\/refuerzo-gib-verticus\/#primaryimage\"},\"datePublished\":\"2020-12-12T22:28:24+00:00\",\"dateModified\":\"2021-08-28T19:42:35+00:00\",\"description\":\"La nueva generaci\\u00f3n de compresores estacionarios de la serie VERTICUS demuestra una vez m\\u00e1s la ventaja tecnol\\u00f3gica de BAUER.\",\"inLanguage\":\"es\",\"potentialAction\":[{\"@type\":\"ReadAction\",\"target\":[\"https:\/\/dc-ar.com.br\/es\/store\/bauer\/booster\/refuerzo-gib-verticus\/\"]}]}]}<\/script>\n<!-- \/ Yoast SEO plugin. -->","_links":{"self":[{"href":"http:\/\/dc-ar.com.br\/es\/wp-json\/wp\/v2\/product\/1940"}],"collection":[{"href":"http:\/\/dc-ar.com.br\/es\/wp-json\/wp\/v2\/product"}],"about":[{"href":"http:\/\/dc-ar.com.br\/es\/wp-json\/wp\/v2\/types\/product"}],"wp:featuredmedia":[{"embeddable":true,"href":"http:\/\/dc-ar.com.br\/es\/wp-json\/wp\/v2\/media\/1916"}],"wp:attachment":[{"href":"http:\/\/dc-ar.com.br\/es\/wp-json\/wp\/v2\/media?parent=1940"}],"curies":[{"name":"wp","href":"https:\/\/api.w.org\/{rel}","templated":true}]}}