{"id":1938,"date":"2020-12-12T20:15:02","date_gmt":"2020-12-12T22:15:02","guid":{"rendered":"http:\/\/dc-ar.com.br\/es\/?post_type=product&#038;p=1938"},"modified":"2021-08-28T16:51:29","modified_gmt":"2021-08-28T19:51:29","slug":"gib-booster-23-2200-5750-l-min","status":"publish","type":"product","link":"http:\/\/dc-ar.com.br\/es\/store\/bauer\/booster\/gib-booster-23-2200-5750-l-min\/","title":{"rendered":"GIB Booster 23 2200 &#8211; 5750 l\/min"},"content":{"rendered":"<p>Los compresores booster refrigerados por aire de la serie GIB de BAUER se caracterizan por su carcasa resistente a la presi\u00f3n de hasta 16 bares.<\/p>\n<p>Un potente sistema de refrigeraci\u00f3n por aire con enfriadores de gran tama\u00f1o en combinaci\u00f3n con cilindros estriados de gran superficie proporciona una refrigeraci\u00f3n perfecta de cada etapa de compresi\u00f3n.<\/p>\n<p>Como soluciones de sistema econ\u00f3micas y de larga duraci\u00f3n para aplicaciones dif\u00edciles, estos compresores booster multietapa ofrecen una amplia gama de posibilidades: compresor de aire secundario para la red de aire comprimido, compresor de nitr\u00f3geno para gas inerte procedente de generadores o combinaciones de sistemas de almacenamiento, o compresor de gas para la compresi\u00f3n de metano procedente de tuber\u00edas o biog\u00e1s directamente de la planta de tratamiento.<\/p>\n<p>Adapt\u00e1ndose a los deseos individuales y a los requisitos industriales, BAUER KOMPRESSOREN tambi\u00e9n fabrica soluciones de sistemas llave en mano a medida.<\/p>\n","protected":false},"excerpt":{"rendered":"<p><strong>Control totalmente autom\u00e1tico del compresor:<\/strong> B-CONTROL II<\/p>\n<p><strong>Caudales perfectos para cada aplicaci\u00f3n:<\/strong> para la compresi\u00f3n de aire, nitr\u00f3geno, helio y arg\u00f3n.<\/p>\n<p><strong>Bloques compresores de la serie BK 23 &#8211; BK 52:<\/strong> para la pulsaci\u00f3n simult\u00e1nea de gases internos.<\/p>\n<p><strong>M\u00ednimo trabajo de instalaci\u00f3n y mantenimiento:<\/strong> una de las principales ventajas de los sistemas refrigerados por aire.<\/p>\n<p><strong>Potente sistema refrigerado por aire:<\/strong> para sistemas de compresores con potencias de accionamiento de hasta 110 kW.<\/p>\n","protected":false},"featured_media":1934,"template":"","meta":[],"yoast_head":"<!-- This site is optimized with the Yoast SEO plugin v15.6.2 - https:\/\/yoast.com\/wordpress\/plugins\/seo\/ -->\n<title>GIB Booster 23 2200 - 5750 l\/min - DCAR - Bauer Kompressoren &amp; Ingersoll Rand<\/title>\n<meta name=\"description\" content=\"Los compresores booster refrigerados por aire de la serie GIB de BAUER se caracterizan por su carcasa resistente a la presi\u00f3n de hasta 16 bares.\" \/>\n<meta name=\"robots\" content=\"index, follow, max-snippet:-1, max-image-preview:large, max-video-preview:-1\" \/>\n<link rel=\"canonical\" href=\"https:\/\/dc-ar.com.br\/es\/store\/bauer\/booster\/gib-booster-23-2200-5750-l-min\/\" \/>\n<meta property=\"og:locale\" content=\"es_ES\" \/>\n<meta property=\"og:type\" content=\"article\" \/>\n<meta property=\"og:title\" content=\"GIB Booster 23 2200 - 5750 l\/min - DCAR - Bauer Kompressoren &amp; Ingersoll Rand\" \/>\n<meta property=\"og:description\" content=\"Los compresores booster refrigerados por aire de la serie GIB de BAUER se caracterizan por su carcasa resistente a la presi\u00f3n de hasta 16 bares.\" \/>\n<meta property=\"og:url\" content=\"https:\/\/dc-ar.com.br\/es\/store\/bauer\/booster\/gib-booster-23-2200-5750-l-min\/\" \/>\n<meta property=\"og:site_name\" content=\"DCAR - Bauer Kompressoren &amp; Ingersoll Rand\" \/>\n<meta property=\"article:modified_time\" content=\"2021-08-28T19:51:29+00:00\" \/>\n<meta property=\"og:image\" content=\"http:\/\/dc-ar.com.br\/es\/wp-content\/uploads\/2020\/12\/GIB-23-a.jpg\" \/>\n\t<meta property=\"og:image:width\" content=\"738\" \/>\n\t<meta property=\"og:image:height\" content=\"600\" \/>\n<meta name=\"twitter:card\" content=\"summary_large_image\" \/>\n<meta name=\"twitter:label1\" content=\"Tiempo de lectura\">\n\t<meta name=\"twitter:data1\" content=\"1 minuto\">\n<script type=\"application\/ld+json\" class=\"yoast-schema-graph\">{\"@context\":\"https:\/\/schema.org\",\"@graph\":[{\"@type\":\"WebSite\",\"@id\":\"https:\/\/dc-ar.com.br\/es\/#website\",\"url\":\"https:\/\/dc-ar.com.br\/es\/\",\"name\":\"DCAR - Bauer Kompressoren &amp; Ingersoll Rand\",\"description\":\"\",\"potentialAction\":[{\"@type\":\"SearchAction\",\"target\":\"https:\/\/dc-ar.com.br\/es\/?s={search_term_string}\",\"query-input\":\"required name=search_term_string\"}],\"inLanguage\":\"es\"},{\"@type\":\"ImageObject\",\"@id\":\"https:\/\/dc-ar.com.br\/es\/store\/bauer\/booster\/gib-booster-23-2200-5750-l-min\/#primaryimage\",\"inLanguage\":\"es\",\"url\":\"http:\/\/dc-ar.com.br\/es\/wp-content\/uploads\/2020\/12\/GIB-23-a.jpg\",\"width\":738,\"height\":600},{\"@type\":\"WebPage\",\"@id\":\"https:\/\/dc-ar.com.br\/es\/store\/bauer\/booster\/gib-booster-23-2200-5750-l-min\/#webpage\",\"url\":\"https:\/\/dc-ar.com.br\/es\/store\/bauer\/booster\/gib-booster-23-2200-5750-l-min\/\",\"name\":\"GIB Booster 23 2200 - 5750 l\/min - DCAR - Bauer Kompressoren &amp; Ingersoll Rand\",\"isPartOf\":{\"@id\":\"https:\/\/dc-ar.com.br\/es\/#website\"},\"primaryImageOfPage\":{\"@id\":\"https:\/\/dc-ar.com.br\/es\/store\/bauer\/booster\/gib-booster-23-2200-5750-l-min\/#primaryimage\"},\"datePublished\":\"2020-12-12T22:15:02+00:00\",\"dateModified\":\"2021-08-28T19:51:29+00:00\",\"description\":\"Los compresores booster refrigerados por aire de la serie GIB de BAUER se caracterizan por su carcasa resistente a la presi\\u00f3n de hasta 16 bares.\",\"inLanguage\":\"es\",\"potentialAction\":[{\"@type\":\"ReadAction\",\"target\":[\"https:\/\/dc-ar.com.br\/es\/store\/bauer\/booster\/gib-booster-23-2200-5750-l-min\/\"]}]}]}<\/script>\n<!-- \/ Yoast SEO plugin. -->","_links":{"self":[{"href":"http:\/\/dc-ar.com.br\/es\/wp-json\/wp\/v2\/product\/1938"}],"collection":[{"href":"http:\/\/dc-ar.com.br\/es\/wp-json\/wp\/v2\/product"}],"about":[{"href":"http:\/\/dc-ar.com.br\/es\/wp-json\/wp\/v2\/types\/product"}],"wp:featuredmedia":[{"embeddable":true,"href":"http:\/\/dc-ar.com.br\/es\/wp-json\/wp\/v2\/media\/1934"}],"wp:attachment":[{"href":"http:\/\/dc-ar.com.br\/es\/wp-json\/wp\/v2\/media?parent=1938"}],"curies":[{"name":"wp","href":"https:\/\/api.w.org\/{rel}","templated":true}]}}