{"id":1928,"date":"2020-12-12T19:49:21","date_gmt":"2020-12-12T21:49:21","guid":{"rendered":"http:\/\/dc-ar.com.br\/es\/?post_type=product&#038;p=1928"},"modified":"2021-08-28T16:38:04","modified_gmt":"2021-08-28T19:38:04","slug":"refuerzo-gib-52","status":"publish","type":"product","link":"http:\/\/dc-ar.com.br\/es\/store\/bauer\/booster\/refuerzo-gib-52\/","title":{"rendered":"Refuerzo GIB 52"},"content":{"rendered":"<p>Los boosters de alta presi\u00f3n refrigerados por agua de la serie GIB de BAUER KOMPRESSOREN son soluciones rentables y duraderas para aplicaciones dif\u00edciles y ofrecen amplias posibilidades de compresi\u00f3n secundaria.<\/p>\n<p>Estos compresores multietapa ofrecen un alto rendimiento con presiones finales de hasta un m\u00e1ximo de 520 bar junto con un bajo consumo de energ\u00eda.<\/p>\n<p>La relaci\u00f3n de presi\u00f3n perfectamente adaptada de las distintas etapas de compresi\u00f3n reduce en gran medida los costes del proceso en la compresi\u00f3n posterior de aire, nitr\u00f3geno, helio, arg\u00f3n y otros gases nobles.<\/p>\n","protected":false},"excerpt":{"rendered":"<p><strong>Serie GIB:<\/strong> compresores booster de alta presi\u00f3n refrigerados por agua para la compresi\u00f3n de aire, nitr\u00f3geno, helio y arg\u00f3n &#8211; Alto rendimiento con presiones finales de hasta 520 bar.<\/p>\n<p><strong>Control totalmente autom\u00e1tico del compresor:<\/strong> B-CONTROL II.<\/p>\n<p><strong>Caudales perfectos para cada aplicaci\u00f3n:<\/strong> para la compresi\u00f3n de aire, nitr\u00f3geno, helio y arg\u00f3n.<\/p>\n<p><strong>Bloques compresores de la serie BK 23 &#8211; BK 52:<\/strong> para la absorci\u00f3n simult\u00e1nea de fuerzas de gas internas.<\/p>\n<p><strong>Dise\u00f1o robusto del sistema:<\/strong> gracias a los componentes probados del sistema BAUER.<\/p>\n<p><strong>Instalaci\u00f3n independiente en las condiciones ambientales m\u00e1s dif\u00edciles:<\/strong> gracias a la eficaz refrigeraci\u00f3n por agua del bloque compresor y a la disipaci\u00f3n directa del calor.<\/p>\n","protected":false},"featured_media":1929,"template":"","meta":[],"yoast_head":"<!-- This site is optimized with the Yoast SEO plugin v15.6.2 - https:\/\/yoast.com\/wordpress\/plugins\/seo\/ -->\n<title>Refuerzo GIB 52 - DCAR - Bauer Kompressoren &amp; Ingersoll Rand<\/title>\n<meta name=\"description\" content=\"Los boosters de alta presi\u00f3n refrigerados por agua de la serie GIB de BAUER KOMPRESSOREN son soluciones rentables y duraderas para aplicaciones dif\u00edciles y ofrecen amplias posibilidades de compresi\u00f3n secundaria.\" \/>\n<meta name=\"robots\" content=\"index, follow, max-snippet:-1, max-image-preview:large, max-video-preview:-1\" \/>\n<link rel=\"canonical\" href=\"https:\/\/dc-ar.com.br\/es\/store\/bauer\/booster\/refuerzo-gib-52\/\" \/>\n<meta property=\"og:locale\" content=\"es_ES\" \/>\n<meta property=\"og:type\" content=\"article\" \/>\n<meta property=\"og:title\" content=\"Refuerzo GIB 52 - DCAR - Bauer Kompressoren &amp; Ingersoll Rand\" \/>\n<meta property=\"og:description\" content=\"Los boosters de alta presi\u00f3n refrigerados por agua de la serie GIB de BAUER KOMPRESSOREN son soluciones rentables y duraderas para aplicaciones dif\u00edciles y ofrecen amplias posibilidades de compresi\u00f3n secundaria.\" \/>\n<meta property=\"og:url\" content=\"https:\/\/dc-ar.com.br\/es\/store\/bauer\/booster\/refuerzo-gib-52\/\" \/>\n<meta property=\"og:site_name\" content=\"DCAR - Bauer Kompressoren &amp; Ingersoll Rand\" \/>\n<meta property=\"article:modified_time\" content=\"2021-08-28T19:38:04+00:00\" \/>\n<meta property=\"og:image\" content=\"http:\/\/dc-ar.com.br\/es\/wp-content\/uploads\/2020\/12\/GIB-52a.jpg\" \/>\n\t<meta property=\"og:image:width\" content=\"738\" \/>\n\t<meta property=\"og:image:height\" content=\"600\" \/>\n<meta name=\"twitter:card\" content=\"summary_large_image\" \/>\n<meta name=\"twitter:label1\" content=\"Tiempo de lectura\">\n\t<meta name=\"twitter:data1\" content=\"1 minuto\">\n<script type=\"application\/ld+json\" class=\"yoast-schema-graph\">{\"@context\":\"https:\/\/schema.org\",\"@graph\":[{\"@type\":\"WebSite\",\"@id\":\"https:\/\/dc-ar.com.br\/es\/#website\",\"url\":\"https:\/\/dc-ar.com.br\/es\/\",\"name\":\"DCAR - Bauer Kompressoren &amp; Ingersoll Rand\",\"description\":\"\",\"potentialAction\":[{\"@type\":\"SearchAction\",\"target\":\"https:\/\/dc-ar.com.br\/es\/?s={search_term_string}\",\"query-input\":\"required name=search_term_string\"}],\"inLanguage\":\"es\"},{\"@type\":\"ImageObject\",\"@id\":\"https:\/\/dc-ar.com.br\/es\/store\/bauer\/booster\/refuerzo-gib-52\/#primaryimage\",\"inLanguage\":\"es\",\"url\":\"http:\/\/dc-ar.com.br\/es\/wp-content\/uploads\/2020\/12\/GIB-52a.jpg\",\"width\":738,\"height\":600},{\"@type\":\"WebPage\",\"@id\":\"https:\/\/dc-ar.com.br\/es\/store\/bauer\/booster\/refuerzo-gib-52\/#webpage\",\"url\":\"https:\/\/dc-ar.com.br\/es\/store\/bauer\/booster\/refuerzo-gib-52\/\",\"name\":\"Refuerzo GIB 52 - DCAR - Bauer Kompressoren &amp; Ingersoll Rand\",\"isPartOf\":{\"@id\":\"https:\/\/dc-ar.com.br\/es\/#website\"},\"primaryImageOfPage\":{\"@id\":\"https:\/\/dc-ar.com.br\/es\/store\/bauer\/booster\/refuerzo-gib-52\/#primaryimage\"},\"datePublished\":\"2020-12-12T21:49:21+00:00\",\"dateModified\":\"2021-08-28T19:38:04+00:00\",\"description\":\"Los boosters de alta presi\\u00f3n refrigerados por agua de la serie GIB de BAUER KOMPRESSOREN son soluciones rentables y duraderas para aplicaciones dif\\u00edciles y ofrecen amplias posibilidades de compresi\\u00f3n secundaria.\",\"inLanguage\":\"es\",\"potentialAction\":[{\"@type\":\"ReadAction\",\"target\":[\"https:\/\/dc-ar.com.br\/es\/store\/bauer\/booster\/refuerzo-gib-52\/\"]}]}]}<\/script>\n<!-- \/ Yoast SEO plugin. -->","_links":{"self":[{"href":"http:\/\/dc-ar.com.br\/es\/wp-json\/wp\/v2\/product\/1928"}],"collection":[{"href":"http:\/\/dc-ar.com.br\/es\/wp-json\/wp\/v2\/product"}],"about":[{"href":"http:\/\/dc-ar.com.br\/es\/wp-json\/wp\/v2\/types\/product"}],"wp:featuredmedia":[{"embeddable":true,"href":"http:\/\/dc-ar.com.br\/es\/wp-json\/wp\/v2\/media\/1929"}],"wp:attachment":[{"href":"http:\/\/dc-ar.com.br\/es\/wp-json\/wp\/v2\/media?parent=1928"}],"curies":[{"name":"wp","href":"https:\/\/api.w.org\/{rel}","templated":true}]}}