{"id":1771,"date":"2020-12-12T13:08:56","date_gmt":"2020-12-12T15:08:56","guid":{"rendered":"http:\/\/dc-ar.com.br\/es\/?post_type=product&#038;p=1771"},"modified":"2021-08-28T17:47:48","modified_gmt":"2021-08-28T20:47:48","slug":"capitano-140-l-min","status":"publish","type":"product","link":"http:\/\/dc-ar.com.br\/es\/store\/bauer\/compresor-aire-respirable\/compresor-de-aire-portatil\/capitano-140-l-min\/","title":{"rendered":"Capitano 140 l\/min"},"content":{"rendered":"<p>El BAUER KOMPRESSOREN CAPITANO 140 ha sido desarrollado como resultado para un uso profesional exigente. Aqu\u00ed se busca igualmente una gran robustez, un dise\u00f1o compacto y un peso reducido.<\/p>\n<p>Las CAPITANO 140 de la primera y \u00faltima etapa de alta presi\u00f3n tambi\u00e9n est\u00e1n equipadas con pistones de bajo desgaste, anillos hechos de un nuevo pl\u00e1stico de alta tecnolog\u00eda.<\/p>\n<p>La estructura de baja vibraci\u00f3n del soporte el\u00e1stico del motor garantiza la alta estabilidad de funcionamiento del sistema.<\/p>\n<p>Gracias al amplio programa de accesorios de BAUER, el compresor se puede adaptar r\u00e1pidamente a los m\u00e1s diversos requisitos y fines de uso.<\/p>\n","protected":false},"excerpt":{"rendered":"<p><strong>Resistencia probada:<\/strong> gracias a sus potentes motores. Para el uso a corto plazo y el funcionamiento continuo.<\/p>\n<p><strong>Larga duraci\u00f3n y robustez:<\/strong> el bastidor de tres etapas y los rodamientos industriales permiten una larga vida \u00fatil de la instalaci\u00f3n.<\/p>\n<p><strong>Protecci\u00f3n contra la corrosi\u00f3n:<\/strong> con un marco de aluminio ultraligero para la mejor protecci\u00f3n contra la corrosi\u00f3n.<\/p>\n<p><strong>Lubricaci\u00f3n fiable:<\/strong> con una gran bomba de aceite de baja presi\u00f3n<\/p>\n","protected":false},"featured_media":1773,"template":"","meta":[],"yoast_head":"<!-- This site is optimized with the Yoast SEO plugin v15.6.2 - https:\/\/yoast.com\/wordpress\/plugins\/seo\/ -->\n<title>Capitano 140 l\/min - DCAR - Bauer Kompressoren &amp; Ingersoll Rand<\/title>\n<meta name=\"description\" content=\"El BAUER KOMPRESSOREN CAPITANO 140 ha sido desarrollado como resultado para un uso profesional exigente. Aqu\u00ed se busca igualmente una gran robustez, un dise\u00f1o compacto y un peso reducido.\" \/>\n<meta name=\"robots\" content=\"index, follow, max-snippet:-1, max-image-preview:large, max-video-preview:-1\" \/>\n<link rel=\"canonical\" href=\"https:\/\/dc-ar.com.br\/es\/store\/bauer\/compresor-aire-respirable\/compresor-de-aire-portatil\/capitano-140-l-min\/\" \/>\n<meta property=\"og:locale\" content=\"es_ES\" \/>\n<meta property=\"og:type\" content=\"article\" \/>\n<meta property=\"og:title\" content=\"Capitano 140 l\/min - DCAR - Bauer Kompressoren &amp; Ingersoll Rand\" \/>\n<meta property=\"og:description\" content=\"El BAUER KOMPRESSOREN CAPITANO 140 ha sido desarrollado como resultado para un uso profesional exigente. Aqu\u00ed se busca igualmente una gran robustez, un dise\u00f1o compacto y un peso reducido.\" \/>\n<meta property=\"og:url\" content=\"https:\/\/dc-ar.com.br\/es\/store\/bauer\/compresor-aire-respirable\/compresor-de-aire-portatil\/capitano-140-l-min\/\" \/>\n<meta property=\"og:site_name\" content=\"DCAR - Bauer Kompressoren &amp; Ingersoll Rand\" \/>\n<meta property=\"article:modified_time\" content=\"2021-08-28T20:47:48+00:00\" \/>\n<meta property=\"og:image\" content=\"http:\/\/dc-ar.com.br\/es\/wp-content\/uploads\/2020\/12\/Capitano140a.jpg\" \/>\n\t<meta property=\"og:image:width\" content=\"500\" \/>\n\t<meta property=\"og:image:height\" content=\"407\" \/>\n<meta name=\"twitter:card\" content=\"summary_large_image\" \/>\n<meta name=\"twitter:label1\" content=\"Tiempo de lectura\">\n\t<meta name=\"twitter:data1\" content=\"1 minuto\">\n<script type=\"application\/ld+json\" class=\"yoast-schema-graph\">{\"@context\":\"https:\/\/schema.org\",\"@graph\":[{\"@type\":\"WebSite\",\"@id\":\"http:\/\/dc-ar.com.br\/es\/#website\",\"url\":\"http:\/\/dc-ar.com.br\/es\/\",\"name\":\"DCAR - Bauer Kompressoren &amp; Ingersoll Rand\",\"description\":\"\",\"potentialAction\":[{\"@type\":\"SearchAction\",\"target\":\"http:\/\/dc-ar.com.br\/es\/?s={search_term_string}\",\"query-input\":\"required name=search_term_string\"}],\"inLanguage\":\"es\"},{\"@type\":\"ImageObject\",\"@id\":\"https:\/\/dc-ar.com.br\/es\/store\/bauer\/compresor-aire-respirable\/compresor-de-aire-portatil\/capitano-140-l-min\/#primaryimage\",\"inLanguage\":\"es\",\"url\":\"http:\/\/dc-ar.com.br\/es\/wp-content\/uploads\/2020\/12\/Capitano140a.jpg\",\"width\":500,\"height\":407},{\"@type\":\"WebPage\",\"@id\":\"https:\/\/dc-ar.com.br\/es\/store\/bauer\/compresor-aire-respirable\/compresor-de-aire-portatil\/capitano-140-l-min\/#webpage\",\"url\":\"https:\/\/dc-ar.com.br\/es\/store\/bauer\/compresor-aire-respirable\/compresor-de-aire-portatil\/capitano-140-l-min\/\",\"name\":\"Capitano 140 l\/min - DCAR - Bauer Kompressoren &amp; Ingersoll Rand\",\"isPartOf\":{\"@id\":\"http:\/\/dc-ar.com.br\/es\/#website\"},\"primaryImageOfPage\":{\"@id\":\"https:\/\/dc-ar.com.br\/es\/store\/bauer\/compresor-aire-respirable\/compresor-de-aire-portatil\/capitano-140-l-min\/#primaryimage\"},\"datePublished\":\"2020-12-12T15:08:56+00:00\",\"dateModified\":\"2021-08-28T20:47:48+00:00\",\"description\":\"El BAUER KOMPRESSOREN CAPITANO 140 ha sido desarrollado como resultado para un uso profesional exigente. Aqu\\u00ed se busca igualmente una gran robustez, un dise\\u00f1o compacto y un peso reducido.\",\"inLanguage\":\"es\",\"potentialAction\":[{\"@type\":\"ReadAction\",\"target\":[\"https:\/\/dc-ar.com.br\/es\/store\/bauer\/compresor-aire-respirable\/compresor-de-aire-portatil\/capitano-140-l-min\/\"]}]}]}<\/script>\n<!-- \/ Yoast SEO plugin. -->","_links":{"self":[{"href":"http:\/\/dc-ar.com.br\/es\/wp-json\/wp\/v2\/product\/1771"}],"collection":[{"href":"http:\/\/dc-ar.com.br\/es\/wp-json\/wp\/v2\/product"}],"about":[{"href":"http:\/\/dc-ar.com.br\/es\/wp-json\/wp\/v2\/types\/product"}],"wp:featuredmedia":[{"embeddable":true,"href":"http:\/\/dc-ar.com.br\/es\/wp-json\/wp\/v2\/media\/1773"}],"wp:attachment":[{"href":"http:\/\/dc-ar.com.br\/es\/wp-json\/wp\/v2\/media?parent=1771"}],"curies":[{"name":"wp","href":"https:\/\/api.w.org\/{rel}","templated":true}]}}