{"id":1762,"date":"2020-12-12T12:27:11","date_gmt":"2020-12-12T14:27:11","guid":{"rendered":"http:\/\/dc-ar.com.br\/es\/?post_type=product&#038;p=1762"},"modified":"2021-08-28T18:42:11","modified_gmt":"2021-08-28T21:42:11","slug":"remolque-t-com-lite","status":"publish","type":"product","link":"http:\/\/dc-ar.com.br\/es\/store\/bauer\/compresor-aire-respirable\/compresor-de-aire-transportable\/remolque-t-com-lite\/","title":{"rendered":"Remolque T-Com Lite"},"content":{"rendered":"<h2>Alcance est\u00e1ndar:<\/h2>\n<ul>\n<li style=\"font-weight: 400;\">Sistema de purificaci\u00f3n del aire respirable BAUER, con SECURUS.<\/li>\n<li style=\"font-weight: 400;\">Controlador basado en PLC de BAUER con pantalla de texto multil\u00ednea.<\/li>\n<li style=\"font-weight: 400;\">Componentes el\u00e9ctricos NEMA 4 aprobados por UL.<\/li>\n<li style=\"font-weight: 400;\">Sistema autom\u00e1tico de drenaje de condensado con contenedor anticorrosivo con interruptor de indicaci\u00f3n y cierre en caso de nivel alto de condensado.<\/li>\n<li style=\"font-weight: 400;\">Dos (2) cilindros de almacenamiento de aire de clase DOT 6000p.<\/li>\n<li style=\"font-weight: 400;\">Estaci\u00f3n de llenado de botellas a prueba de roturas con dos posiciones de llenado para botellas SCBA o SCUBA de hasta 787 mm de longitud total.<\/li>\n<li style=\"font-weight: 400;\">Sistema \u00fanico de motor diesel con tensor de correa.<\/li>\n<li style=\"font-weight: 400;\">Pintura en polvo de alto brillo para un acabado duradero.<\/li>\n<li style=\"font-weight: 400;\">Frenos hidr\u00e1ulicos con actuador.<\/li>\n<li style=\"font-weight: 400;\">Controles de doble funci\u00f3n para el llenado en cascada con cuatro bancos, con v\u00e1lvula direccional.<\/li>\n<li style=\"font-weight: 400;\">Estructura de acero, dise\u00f1ada y construida por BAUER.<\/li>\n<li style=\"font-weight: 400;\">Cubierta flexible de Hypalon\u00ae para el panel de mando y la estaci\u00f3n de servicio.<\/li>\n<li style=\"font-weight: 400;\">Puerta de llenado.<\/li>\n<li style=\"font-weight: 400;\">Monitor de CO con kit de calibraci\u00f3n.<\/li>\n<li style=\"font-weight: 400;\">Punto de remolque de bola de 2&#8243;.<\/li>\n<\/ul>\n<p>&nbsp;<\/p>\n<h2>Accesorios disponibles (instalados en f\u00e1brica):<\/h2>\n<ul>\n<li style=\"font-weight: 400;\">Paquete opcional A &#8211; rueda de repuesto con cubierta.<\/li>\n<li style=\"font-weight: 400;\">Paquete opcional B &#8211; Carrete de manguera de alta presi\u00f3n de 6 pies y luces internas del remolque.<\/li>\n<li style=\"font-weight: 400;\">Paquete opcional C &#8211; punto de remolque con anilla.<\/li>\n<li style=\"font-weight: 400;\">Paquete opcional D &#8211; dos (2) cilindros de almacenamiento adicionales (6000 psig clase DOT).<\/li>\n<\/ul>\n<p>&nbsp;<\/p>\n<h2>Peso y medidas:<\/h2>\n<p><strong>DIMENSIONES L x A x H pulgadas (mm)<\/strong><\/p>\n<ul>\n<li style=\"font-weight: 400;\"><span style=\"font-weight: 400;\"><span style=\"font-weight: 400;\">144 x 77 x 72 (3658 x 1956 x 1830)<\/span><\/span><\/li>\n<\/ul>\n<p>&nbsp;<\/p>\n<p><strong>PESO libras (kg)<\/strong><\/p>\n<ul>\n<li style=\"font-weight: 400;\"><span style=\"font-weight: 400;\">5400 (2450)<\/span><\/li>\n<\/ul>\n","protected":false},"excerpt":{"rendered":"<p>Si su aplicaci\u00f3n m\u00f3vil espec\u00edfica no requiere la funcionalidad completa del TCOM, el TCOM LITE es para usted.<\/p>\n<p>El TCOM LITE ha sido dise\u00f1ado y fabricado por BAUER para entidades que necesitan una unidad m\u00f3vil de recarga de cilindros con un presupuesto limitado.<\/p>\n<p>La unidad cuenta con un compresor multietapa refrigerado por aire acoplado a un motor di\u00e9sel refrigerado por agua. La atractiva cubierta protege el sistema de las inclemencias del tiempo y de los residuos de la carretera, y su robusto bastidor puede albergar hasta cuatro cilindros de almacenamiento. Su configuraci\u00f3n de eje \u00fanico ofrece una mayor movilidad.<\/p>\n<p>Puede ser arrastrada por la mayor\u00eda de los veh\u00edculos de tama\u00f1o medio.<\/p>\n","protected":false},"featured_media":1763,"template":"","meta":[],"yoast_head":"<!-- This site is optimized with the Yoast SEO plugin v15.6.2 - https:\/\/yoast.com\/wordpress\/plugins\/seo\/ -->\n<title>Remolque T-Com Lite - DCAR - Bauer Kompressoren &amp; Ingersoll Rand<\/title>\n<meta name=\"description\" content=\"Si su aplicaci\u00f3n m\u00f3vil espec\u00edfica no requiere la funcionalidad completa del TCOM, el TCOM LITE es para usted.\" \/>\n<meta name=\"robots\" content=\"index, follow, max-snippet:-1, max-image-preview:large, max-video-preview:-1\" \/>\n<link rel=\"canonical\" href=\"http:\/\/dc-ar.com.br\/es\/store\/bauer\/compresor-aire-respirable\/compresor-de-aire-transportable\/remolque-t-com-lite\/\" \/>\n<meta property=\"og:locale\" content=\"es_ES\" \/>\n<meta property=\"og:type\" content=\"article\" \/>\n<meta property=\"og:title\" content=\"Remolque T-Com Lite - DCAR - Bauer Kompressoren &amp; Ingersoll Rand\" \/>\n<meta property=\"og:description\" content=\"Si su aplicaci\u00f3n m\u00f3vil espec\u00edfica no requiere la funcionalidad completa del TCOM, el TCOM LITE es para usted.\" \/>\n<meta property=\"og:url\" content=\"http:\/\/dc-ar.com.br\/es\/store\/bauer\/compresor-aire-respirable\/compresor-de-aire-transportable\/remolque-t-com-lite\/\" \/>\n<meta property=\"og:site_name\" content=\"DCAR - Bauer Kompressoren &amp; Ingersoll Rand\" \/>\n<meta property=\"article:modified_time\" content=\"2021-08-28T21:42:11+00:00\" \/>\n<meta property=\"og:image\" content=\"http:\/\/dc-ar.com.br\/es\/wp-content\/uploads\/2020\/12\/Remolque-T-Com-Lite.jpg\" \/>\n\t<meta property=\"og:image:width\" content=\"500\" \/>\n\t<meta property=\"og:image:height\" content=\"500\" \/>\n<meta name=\"twitter:card\" content=\"summary_large_image\" \/>\n<meta name=\"twitter:label1\" content=\"Tiempo de lectura\">\n\t<meta name=\"twitter:data1\" content=\"2 minutos\">\n<script type=\"application\/ld+json\" class=\"yoast-schema-graph\">{\"@context\":\"https:\/\/schema.org\",\"@graph\":[{\"@type\":\"WebSite\",\"@id\":\"https:\/\/dc-ar.com.br\/es\/#website\",\"url\":\"https:\/\/dc-ar.com.br\/es\/\",\"name\":\"DCAR - Bauer Kompressoren &amp; Ingersoll Rand\",\"description\":\"\",\"potentialAction\":[{\"@type\":\"SearchAction\",\"target\":\"https:\/\/dc-ar.com.br\/es\/?s={search_term_string}\",\"query-input\":\"required name=search_term_string\"}],\"inLanguage\":\"es\"},{\"@type\":\"ImageObject\",\"@id\":\"http:\/\/dc-ar.com.br\/es\/store\/bauer\/compresor-aire-respirable\/compresor-de-aire-transportable\/remolque-t-com-lite\/#primaryimage\",\"inLanguage\":\"es\",\"url\":\"http:\/\/dc-ar.com.br\/es\/wp-content\/uploads\/2020\/12\/Remolque-T-Com-Lite.jpg\",\"width\":500,\"height\":500},{\"@type\":\"WebPage\",\"@id\":\"http:\/\/dc-ar.com.br\/es\/store\/bauer\/compresor-aire-respirable\/compresor-de-aire-transportable\/remolque-t-com-lite\/#webpage\",\"url\":\"http:\/\/dc-ar.com.br\/es\/store\/bauer\/compresor-aire-respirable\/compresor-de-aire-transportable\/remolque-t-com-lite\/\",\"name\":\"Remolque T-Com Lite - DCAR - Bauer Kompressoren &amp; Ingersoll Rand\",\"isPartOf\":{\"@id\":\"https:\/\/dc-ar.com.br\/es\/#website\"},\"primaryImageOfPage\":{\"@id\":\"http:\/\/dc-ar.com.br\/es\/store\/bauer\/compresor-aire-respirable\/compresor-de-aire-transportable\/remolque-t-com-lite\/#primaryimage\"},\"datePublished\":\"2020-12-12T14:27:11+00:00\",\"dateModified\":\"2021-08-28T21:42:11+00:00\",\"description\":\"Si su aplicaci\\u00f3n m\\u00f3vil espec\\u00edfica no requiere la funcionalidad completa del TCOM, el TCOM LITE es para usted.\",\"inLanguage\":\"es\",\"potentialAction\":[{\"@type\":\"ReadAction\",\"target\":[\"http:\/\/dc-ar.com.br\/es\/store\/bauer\/compresor-aire-respirable\/compresor-de-aire-transportable\/remolque-t-com-lite\/\"]}]}]}<\/script>\n<!-- \/ Yoast SEO plugin. -->","_links":{"self":[{"href":"http:\/\/dc-ar.com.br\/es\/wp-json\/wp\/v2\/product\/1762"}],"collection":[{"href":"http:\/\/dc-ar.com.br\/es\/wp-json\/wp\/v2\/product"}],"about":[{"href":"http:\/\/dc-ar.com.br\/es\/wp-json\/wp\/v2\/types\/product"}],"wp:featuredmedia":[{"embeddable":true,"href":"http:\/\/dc-ar.com.br\/es\/wp-json\/wp\/v2\/media\/1763"}],"wp:attachment":[{"href":"http:\/\/dc-ar.com.br\/es\/wp-json\/wp\/v2\/media?parent=1762"}],"curies":[{"name":"wp","href":"https:\/\/api.w.org\/{rel}","templated":true}]}}