{"id":1915,"date":"2020-12-12T19:23:45","date_gmt":"2020-12-12T21:23:45","guid":{"rendered":"http:\/\/dc-ar.com.br\/?post_type=product&#038;p=1915"},"modified":"2024-08-07T19:11:06","modified_gmt":"2024-08-07T22:11:06","slug":"mini-verticus-85-610-l-min","status":"publish","type":"product","link":"http:\/\/dc-ar.com.br\/en\/store\/bauer\/industrial-compressors\/air-cooled\/mini-verticus-85-610-l-min\/","title":{"rendered":"Mini Verticus 85 &#8211; 610 l\/min"},"content":{"rendered":"<p><strong>Much quieter:<\/strong> thanks to the new rotating frame and improved Super Silent soundproofing.<\/p>\n<p><strong>Compact dimensions:<\/strong> for installation in tight spaces.<\/p>\n<p><strong>Ergonomic design:<\/strong> optimal accessibility and handling.<\/p>\n<p><strong>B-DRAIN:<\/strong> the new condensate drain is silent and saves energy.<\/p>\n<p><strong>Extremely easy maintenance:<\/strong> no V-belt retensioning.<\/p>\n","protected":false},"excerpt":{"rendered":"<p><b>Muito mais silencioso<\/b><span style=\"font-weight: 400;\">: gra\u00e7as ao novo quadro girat\u00f3rio e \u00e0 insonoriza\u00e7\u00e3o Super Silent melhorada;<\/span><\/p>\n<p><b>Dimens\u00f5es compactas<\/b><span style=\"font-weight: 400;\">: para instala\u00e7\u00e3o em espa\u00e7os apertados;<\/span><\/p>\n<p><b>Design ergon\u00f4mico<\/b><span style=\"font-weight: 400;\">: \u00f3tima acessibilidade e manuseio;<\/span><\/p>\n<p><b>B-DRAIN<\/b><span style=\"font-weight: 400;\">: o novo dreno de condensado \u00e9 silencioso e economiza energia.<\/span><\/p>\n<p><b>Manuten\u00e7\u00e3o extremamente f\u00e1cil<\/b><span style=\"font-weight: 400;\">: sem retensionamento da correia em V.<\/span><\/p>\n","protected":false},"featured_media":1916,"template":"","meta":[],"yoast_head":"<!-- This site is optimized with the Yoast SEO plugin v15.6.2 - https:\/\/yoast.com\/wordpress\/plugins\/seo\/ -->\n<title>Mini Verticus 85 - 610 l\/min - DCAR - Bauer Kompressoren &amp; Ingersoll Rand<\/title>\n<meta name=\"description\" content=\"The new generation of stationary compressors of the MINI-VERTICUS series once again demonstrates BAUER&#039;s technological advantage.\" \/>\n<meta name=\"robots\" content=\"index, follow, max-snippet:-1, max-image-preview:large, max-video-preview:-1\" \/>\n<link rel=\"canonical\" href=\"http:\/\/dc-ar.com.br\/en\/store\/bauer\/industrial-compressors\/air-cooled\/mini-verticus-85-610-l-min\/\" \/>\n<meta property=\"og:locale\" content=\"en_US\" \/>\n<meta property=\"og:type\" content=\"article\" \/>\n<meta property=\"og:title\" content=\"Mini Verticus 85 - 610 l\/min - DCAR - Bauer Kompressoren &amp; Ingersoll Rand\" \/>\n<meta property=\"og:description\" content=\"The new generation of stationary compressors of the MINI-VERTICUS series once again demonstrates BAUER&#039;s technological advantage.\" \/>\n<meta property=\"og:url\" content=\"http:\/\/dc-ar.com.br\/en\/store\/bauer\/industrial-compressors\/air-cooled\/mini-verticus-85-610-l-min\/\" \/>\n<meta property=\"og:site_name\" content=\"DCAR - Bauer Kompressoren &amp; Ingersoll Rand\" \/>\n<meta property=\"article:modified_time\" content=\"2024-08-07T22:11:06+00:00\" \/>\n<meta property=\"og:image\" content=\"http:\/\/dc-ar.com.br\/en\/wp-content\/uploads\/2020\/12\/mini-verticus-super1.jpg\" \/>\n\t<meta property=\"og:image:width\" content=\"500\" \/>\n\t<meta property=\"og:image:height\" content=\"407\" \/>\n<meta name=\"twitter:card\" content=\"summary_large_image\" \/>\n<meta name=\"twitter:label1\" content=\"Est. reading time\">\n\t<meta name=\"twitter:data1\" content=\"1 minute\">\n<script type=\"application\/ld+json\" class=\"yoast-schema-graph\">{\"@context\":\"https:\/\/schema.org\",\"@graph\":[{\"@type\":\"WebSite\",\"@id\":\"https:\/\/dc-ar.com.br\/en\/#website\",\"url\":\"https:\/\/dc-ar.com.br\/en\/\",\"name\":\"DCAR - Bauer Kompressoren &amp; Ingersoll Rand\",\"description\":\"\",\"potentialAction\":[{\"@type\":\"SearchAction\",\"target\":\"https:\/\/dc-ar.com.br\/en\/?s={search_term_string}\",\"query-input\":\"required name=search_term_string\"}],\"inLanguage\":\"en-US\"},{\"@type\":\"ImageObject\",\"@id\":\"http:\/\/dc-ar.com.br\/en\/store\/bauer\/industrial-compressors\/air-cooled\/mini-verticus-85-610-l-min\/#primaryimage\",\"inLanguage\":\"en-US\",\"url\":\"http:\/\/dc-ar.com.br\/en\/wp-content\/uploads\/2020\/12\/mini-verticus-super1.jpg\",\"width\":500,\"height\":407},{\"@type\":\"WebPage\",\"@id\":\"http:\/\/dc-ar.com.br\/en\/store\/bauer\/industrial-compressors\/air-cooled\/mini-verticus-85-610-l-min\/#webpage\",\"url\":\"http:\/\/dc-ar.com.br\/en\/store\/bauer\/industrial-compressors\/air-cooled\/mini-verticus-85-610-l-min\/\",\"name\":\"Mini Verticus 85 - 610 l\/min - DCAR - Bauer Kompressoren &amp; Ingersoll Rand\",\"isPartOf\":{\"@id\":\"https:\/\/dc-ar.com.br\/en\/#website\"},\"primaryImageOfPage\":{\"@id\":\"http:\/\/dc-ar.com.br\/en\/store\/bauer\/industrial-compressors\/air-cooled\/mini-verticus-85-610-l-min\/#primaryimage\"},\"datePublished\":\"2020-12-12T21:23:45+00:00\",\"dateModified\":\"2024-08-07T22:11:06+00:00\",\"description\":\"The new generation of stationary compressors of the MINI-VERTICUS series once again demonstrates BAUER's technological advantage.\",\"inLanguage\":\"en-US\",\"potentialAction\":[{\"@type\":\"ReadAction\",\"target\":[\"http:\/\/dc-ar.com.br\/en\/store\/bauer\/industrial-compressors\/air-cooled\/mini-verticus-85-610-l-min\/\"]}]}]}<\/script>\n<!-- \/ Yoast SEO plugin. -->","_links":{"self":[{"href":"http:\/\/dc-ar.com.br\/en\/wp-json\/wp\/v2\/product\/1915"}],"collection":[{"href":"http:\/\/dc-ar.com.br\/en\/wp-json\/wp\/v2\/product"}],"about":[{"href":"http:\/\/dc-ar.com.br\/en\/wp-json\/wp\/v2\/types\/product"}],"wp:featuredmedia":[{"embeddable":true,"href":"http:\/\/dc-ar.com.br\/en\/wp-json\/wp\/v2\/media\/1916"}],"wp:attachment":[{"href":"http:\/\/dc-ar.com.br\/en\/wp-json\/wp\/v2\/media?parent=1915"}],"curies":[{"name":"wp","href":"https:\/\/api.w.org\/{rel}","templated":true}]}}